{"id":2349,"date":"2022-10-18T08:51:34","date_gmt":"2022-10-18T08:51:34","guid":{"rendered":"https:\/\/klbtheme.com\/partdo\/?page_id=2349"},"modified":"2025-11-13T16:32:49","modified_gmt":"2025-11-13T14:32:49","slug":"meist","status":"publish","type":"page","link":"https:\/\/haagisemaailm.ee\/en\/meist\/","title":{"rendered":"Meist"},"content":{"rendered":"<div data-elementor-type=\"wp-page\" data-elementor-id=\"2349\" class=\"elementor elementor-2349\">\n\t\t\t\t<div class=\"elementor-element elementor-element-c98943c e-flex e-con-boxed e-con e-parent\" data-id=\"c98943c\" data-element_type=\"container\" data-e-type=\"container\">\n\t\t\t\t\t<div class=\"e-con-inner\">\n\t\t<div class=\"elementor-element elementor-element-962d33e e-con-full e-flex e-con e-child\" data-id=\"962d33e\" data-element_type=\"container\" data-e-type=\"container\">\n\t\t\t\t<div class=\"elementor-element elementor-element-d43eea4 elementor-widget elementor-widget-heading\" data-id=\"d43eea4\" data-element_type=\"widget\" data-e-type=\"widget\" data-widget_type=\"heading.default\">\n\t\t\t\t\t<h2 class=\"elementor-heading-title elementor-size-default\">Meist<\/h2>\t\t\t\t<\/div>\n\t\t\t\t<div class=\"elementor-element elementor-element-68c81c1 elementor-widget elementor-widget-text-editor\" data-id=\"68c81c1\" data-element_type=\"widget\" data-e-type=\"widget\" data-widget_type=\"text-editor.default\">\n\t\t\t\t\t\t\t\t\t<p>Oleme rohkem kui 10-aastase kogemusega haagiste m\u00fc\u00fcgile, rendile ja hooldusele keskendunud ettev\u00f5te. Meie juured ulatuvad renditeenuse pakkumisse, kuid t\u00e4naseks oleme kasvanud arvestatavaks O2-kategooria haagiste m\u00fc\u00fcgifirmaks, kellel on kindel koht Eesti turul.<\/p><p>Meie valikus on O1- ja O2-kategooria haagised, mille toome maale usaldusv\u00e4\u00e4rsetelt Euroopa tootjatelt. Koost\u00f6\u00f6 toimub ainult hoolega valitud partneritega, et pakkuda klientidele kvaliteetseid, t\u00f6\u00f6kindlaid ja pikaealisi haagiseid.<\/p><p>Lisaks m\u00fc\u00fcgile pakume ka hooldusteenuseid ning paindlikke rendiv\u00f5imalusi, et katta k\u00f5ik haagistega seotud vajadused \u00fchest kohast.<\/p>\t\t\t\t\t\t\t\t<\/div>\n\t\t\t\t<\/div>\n\t\t<div class=\"elementor-element elementor-element-47fc8e9 e-con-full e-flex e-con e-child\" data-id=\"47fc8e9\" data-element_type=\"container\" data-e-type=\"container\">\n\t\t\t\t<div class=\"elementor-element elementor-element-9e4e566 elementor-widget elementor-widget-image\" data-id=\"9e4e566\" data-element_type=\"widget\" data-e-type=\"widget\" data-widget_type=\"image.default\">\n\t\t\t\t\t\t\t\t\t\t\t\t\t\t\t<img decoding=\"async\" src=\"https:\/\/haagisemaailm.ee\/wp-content\/uploads\/2025\/07\/20230526095215-ad600f7e-la.jpg\" title=\"20230526095215-ad600f7e-la\" alt=\"20230526095215-ad600f7e-la\" loading=\"lazy\" \/>\t\t\t\t\t\t\t\t\t\t\t\t\t\t\t<\/div>\n\t\t\t\t<\/div>\n\t\t\t\t\t<\/div>\n\t\t\t\t<\/div>\n\t\t\t\t<section class=\"elementor-section elementor-top-section elementor-element elementor-element-a7eb358 elementor-section-content-middle elementor-section-boxed elementor-section-height-default elementor-section-height-default\" data-id=\"a7eb358\" data-element_type=\"section\" data-e-type=\"section\">\n\t\t\t\t\t\t<div class=\"elementor-container elementor-column-gap-extended\">\n\t\t\t\t\t<div class=\"elementor-column elementor-col-100 elementor-top-column elementor-element elementor-element-d7df063\" data-id=\"d7df063\" data-element_type=\"column\" data-e-type=\"column\">\n\t\t\t<div class=\"elementor-widget-wrap elementor-element-populated\">\n\t\t\t\t\t\t<div class=\"elementor-element elementor-element-77ec275 elementor-widget elementor-widget-spacer\" data-id=\"77ec275\" data-element_type=\"widget\" data-e-type=\"widget\" data-widget_type=\"spacer.default\">\n\t\t\t\t\t\t\t<div class=\"elementor-spacer\">\n\t\t\t<div class=\"elementor-spacer-inner\"><\/div>\n\t\t<\/div>\n\t\t\t\t\t\t<\/div>\n\t\t\t\t<div class=\"elementor-element elementor-element-7abe48d elementor-widget elementor-widget-partdo-client-carousel\" data-id=\"7abe48d\" data-element_type=\"widget\" data-e-type=\"widget\" data-widget_type=\"partdo-client-carousel.default\">\n\t\t\t\t<div class=\"elementor-widget-container\">\n\t\t\t\t\t<div class=\"klbth-module klbth-module-logos grayscale-enable\"><div class=\"klbth-module-body\"><div class=\"logos-wrapper\"><div class=\"klbth-slider-wrapper\"> <div class=\"klbth-slider-loader\"><div class=\"klbth-loader size-md color-primary border-sm\"><\/div><\/div><div class=\"klbth-slider\" data-items=\"6\" data-mobileitems=\"3\" data-tabletitems=\"2\" data-arrows=\"\" data-dots=\"\" data-autoplay=\"true\" data-autospeed=\"5000\"><div class=\"logo-item\"> <a href=\"\" ><img decoding=\"async\" src=\"https:\/\/haagisemaailm.ee\/wp-content\/uploads\/2025\/07\/AL-KO-Claim-4c_mit-halbemSchutzraum-scaled.jpg\"\/><\/a><\/div><div class=\"logo-item\"> <a href=\"\" ><img decoding=\"async\" src=\"https:\/\/haagisemaailm.ee\/wp-content\/uploads\/2025\/07\/bradley_logo_1.png\"\/><\/a><\/div><div class=\"logo-item\"> <a href=\"\" ><img decoding=\"async\" src=\"https:\/\/haagisemaailm.ee\/wp-content\/uploads\/2025\/07\/012207478-1.jpg\"\/><\/a><\/div><div class=\"logo-item\"> <a href=\"\" ><img decoding=\"async\" src=\"https:\/\/haagisemaailm.ee\/wp-content\/uploads\/2025\/07\/BJT-round.jpg\"\/><\/a><\/div><div class=\"logo-item\"> <a href=\"\" ><img decoding=\"async\" src=\"https:\/\/haagisemaailm.ee\/wp-content\/uploads\/2025\/07\/BLACK-CHEVAL-LOGO_round.jpg\"\/><\/a><\/div><div class=\"logo-item\"> <a href=\"\" ><img decoding=\"async\" src=\"https:\/\/haagisemaailm.ee\/wp-content\/uploads\/2025\/07\/logo-print-hapert-en.jpg\"\/><\/a><\/div><div class=\"logo-item\"> <a href=\"\" ><img decoding=\"async\" src=\"https:\/\/haagisemaailm.ee\/wp-content\/uploads\/2025\/07\/knott.png\"\/><\/a><\/div><\/div><\/div><\/div><\/div><\/div>\t\t\t\t<\/div>\n\t\t\t\t<\/div>\n\t\t\t\t<div class=\"elementor-element elementor-element-5cf3c1e elementor-widget elementor-widget-spacer\" data-id=\"5cf3c1e\" data-element_type=\"widget\" data-e-type=\"widget\" data-widget_type=\"spacer.default\">\n\t\t\t\t\t\t\t<div class=\"elementor-spacer\">\n\t\t\t<div class=\"elementor-spacer-inner\"><\/div>\n\t\t<\/div>\n\t\t\t\t\t\t<\/div>\n\t\t\t\t\t<\/div>\n\t\t<\/div>\n\t\t\t\t\t<\/div>\n\t\t<\/section>\n\t\t\t\t<\/div>","protected":false},"excerpt":{"rendered":"<p>Meist Oleme rohkem kui 10-aastase kogemusega haagiste m\u00fc\u00fcgile, rendile ja hooldusele keskendunud ettev\u00f5te. Meie juured ulatuvad renditeenuse pakkumisse, kuid t\u00e4naseks oleme kasvanud arvestatavaks O2-kategooria haagiste m\u00fc\u00fcgifirmaks, kellel on kindel koht Eesti turul. Meie valikus on O1- ja O2-kategooria haagised, mille toome maale usaldusv\u00e4\u00e4rsetelt Euroopa tootjatelt. Koost\u00f6\u00f6 toimub ainult hoolega valitud partneritega, et pakkuda klientidele kvaliteetseid,<\/p>\n<div class=\"klb-readmore button\"><a class=\"btn link\" href=\"https:\/\/haagisemaailm.ee\/en\/meist\/\">Read More <i class=\"klbth-icon-right-arrow\"><\/i><\/a><\/div>","protected":false},"author":1,"featured_media":0,"parent":0,"menu_order":0,"comment_status":"closed","ping_status":"closed","template":"","meta":{"footnotes":""},"class_list":["post-2349","page","type-page","status-publish","hentry"],"jetpack_sharing_enabled":true,"_links":{"self":[{"href":"https:\/\/haagisemaailm.ee\/en\/wp-json\/wp\/v2\/pages\/2349","targetHints":{"allow":["GET"]}}],"collection":[{"href":"https:\/\/haagisemaailm.ee\/en\/wp-json\/wp\/v2\/pages"}],"about":[{"href":"https:\/\/haagisemaailm.ee\/en\/wp-json\/wp\/v2\/types\/page"}],"author":[{"embeddable":true,"href":"https:\/\/haagisemaailm.ee\/en\/wp-json\/wp\/v2\/users\/1"}],"replies":[{"embeddable":true,"href":"https:\/\/haagisemaailm.ee\/en\/wp-json\/wp\/v2\/comments?post=2349"}],"version-history":[{"count":80,"href":"https:\/\/haagisemaailm.ee\/en\/wp-json\/wp\/v2\/pages\/2349\/revisions"}],"predecessor-version":[{"id":5975,"href":"https:\/\/haagisemaailm.ee\/en\/wp-json\/wp\/v2\/pages\/2349\/revisions\/5975"}],"wp:attachment":[{"href":"https:\/\/haagisemaailm.ee\/en\/wp-json\/wp\/v2\/media?parent=2349"}],"curies":[{"name":"wp","href":"https:\/\/api.w.org\/{rel}","templated":true}]}}