{"id":4887,"date":"2025-07-18T16:37:24","date_gmt":"2025-07-18T13:37:24","guid":{"rendered":"https:\/\/haagisemaailm.ee\/?page_id=4887"},"modified":"2026-04-03T15:34:53","modified_gmt":"2026-04-03T12:34:53","slug":"hooldus","status":"publish","type":"page","link":"https:\/\/haagisemaailm.ee\/en\/hooldus\/","title":{"rendered":"HOOLDUS"},"content":{"rendered":"<div data-elementor-type=\"wp-page\" data-elementor-id=\"4887\" class=\"elementor elementor-4887\">\n\t\t\t\t<div class=\"elementor-element elementor-element-7dc7065d e-flex e-con-boxed e-con e-parent\" data-id=\"7dc7065d\" data-element_type=\"container\" data-e-type=\"container\">\n\t\t\t\t\t<div class=\"e-con-inner\">\n\t\t<div class=\"elementor-element elementor-element-1b847108 e-con-full e-flex e-con e-child\" data-id=\"1b847108\" data-element_type=\"container\" data-e-type=\"container\">\n\t\t\t\t<div class=\"elementor-element elementor-element-534e7db elementor-widget elementor-widget-heading\" data-id=\"534e7db\" data-element_type=\"widget\" data-e-type=\"widget\" data-widget_type=\"heading.default\">\n\t\t\t\t\t<h2 class=\"elementor-heading-title elementor-size-default\">Haagiste remont ja hooldus<\/h2>\t\t\t\t<\/div>\n\t\t\t\t<div class=\"elementor-element elementor-element-2590c8a6 elementor-widget elementor-widget-text-editor\" data-id=\"2590c8a6\" data-element_type=\"widget\" data-e-type=\"widget\" data-widget_type=\"text-editor.default\">\n\t\t\t\t\t\t\t\t\t<p>Piduritega haagiste remont Tallinnas. Haagise rent O\u00dc on juba \u00fcle 10 aasta tegelenud uute haagiste m\u00fc\u00fcgiga, hoolduse, rendi ja remondiga. Omame piisaval hulgal tootjate originaal varuosi, et t\u00f6\u00f6d m\u00f5istliku ajaga teostada<\/p><p>Aitame remontida\/vahetada haagisel:<\/p><ul><li>veermik ja piduris\u00fcsteemid<\/li><li>sillad<\/li><li>haagiste ja haagise osade h\u00fcdrauliline sirgendamine<\/li><li>juhtmestik, juhtmesarjad ja nende taastamine<\/li><li>valgustus<\/li><li>tugijalad ja nende kuluosad<\/li><li>veopead nende remont ja vajadusel nende vahetus<\/li><li>Haagiste rehvide ja velgede m\u00fc\u00fck, rehvivahetus alates m\u00f5\u00f5dust 10\u2033<\/li><\/ul>\t\t\t\t\t\t\t\t<\/div>\n\t\t\t\t<\/div>\n\t\t<div class=\"elementor-element elementor-element-6cf2295b e-con-full e-flex e-con e-child\" data-id=\"6cf2295b\" data-element_type=\"container\" data-e-type=\"container\">\n\t\t\t\t<div class=\"elementor-element elementor-element-2265c75b elementor-widget elementor-widget-image\" data-id=\"2265c75b\" data-element_type=\"widget\" data-e-type=\"widget\" data-widget_type=\"image.default\">\n\t\t\t\t\t\t\t\t\t\t\t\t\t\t\t<img decoding=\"async\" src=\"https:\/\/haagisemaailm.ee\/wp-content\/uploads\/2025\/07\/20230526095215-ad600f7e-la.jpg\" title=\"20230526095215-ad600f7e-la\" alt=\"20230526095215-ad600f7e-la\" loading=\"lazy\" \/>\t\t\t\t\t\t\t\t\t\t\t\t\t\t\t<\/div>\n\t\t\t\t<\/div>\n\t\t\t\t\t<\/div>\n\t\t\t\t<\/div>\n\t\t<div class=\"elementor-element elementor-element-d7ec70d e-flex e-con-boxed e-con e-parent\" data-id=\"d7ec70d\" data-element_type=\"container\" data-e-type=\"container\">\n\t\t\t\t\t<div class=\"e-con-inner\">\n\t\t<div class=\"elementor-element elementor-element-3aa99ab e-con-full e-flex e-con e-child\" data-id=\"3aa99ab\" data-element_type=\"container\" data-e-type=\"container\">\n\t\t<div class=\"elementor-element elementor-element-7a31937 e-con-full e-flex e-con e-child\" data-id=\"7a31937\" data-element_type=\"container\" data-e-type=\"container\">\n\t\t\t\t<div class=\"elementor-element elementor-element-8ebbd76 elementor-widget elementor-widget-heading\" data-id=\"8ebbd76\" data-element_type=\"widget\" data-e-type=\"widget\" data-widget_type=\"heading.default\">\n\t\t\t\t\t<h2 class=\"elementor-heading-title elementor-size-default\">Saada hinnap\u00e4ring<\/h2>\t\t\t\t<\/div>\n\t\t\t\t<div class=\"elementor-element elementor-element-63db838 elementor-widget elementor-widget-text-editor\" data-id=\"63db838\" data-element_type=\"widget\" data-e-type=\"widget\" data-widget_type=\"text-editor.default\">\n\t\t\t\t\t\t\t\t\t<p>Saada meile oma soovid ja k\u00fcsimused. V\u00f5tame sinuga peatselt \u00fchendust ning pakume sulle sobiva lahenduse.<\/p>\t\t\t\t\t\t\t\t<\/div>\n\t\t\t\t<\/div>\n\t\t<div class=\"elementor-element elementor-element-64d4751 e-con-full e-flex e-con e-child\" data-id=\"64d4751\" data-element_type=\"container\" data-e-type=\"container\">\n\t\t\t\t<div class=\"elementor-element elementor-element-0e00305 elementor-widget elementor-widget-text-editor\" data-id=\"0e00305\" data-element_type=\"widget\" data-e-type=\"widget\" data-widget_type=\"text-editor.default\">\n\t\t\t\t\t\t\t\t\t<p><strong><a href=\"mailto:info@haagisemaailm.ee\">info@haagisemaailm.ee<\/a><\/strong><\/p>\t\t\t\t\t\t\t\t<\/div>\n\t\t\t\t<\/div>\n\t\t\t\t<\/div>\n\t\t\t\t\t<\/div>\n\t\t\t\t<\/div>\n\t\t\t\t<section class=\"elementor-section elementor-top-section elementor-element elementor-element-75ae6512 elementor-section-content-middle elementor-section-boxed elementor-section-height-default elementor-section-height-default\" data-id=\"75ae6512\" data-element_type=\"section\" data-e-type=\"section\">\n\t\t\t\t\t\t<div class=\"elementor-container elementor-column-gap-extended\">\n\t\t\t\t\t<div class=\"elementor-column elementor-col-100 elementor-top-column elementor-element elementor-element-22137d3d\" data-id=\"22137d3d\" data-element_type=\"column\" data-e-type=\"column\">\n\t\t\t<div class=\"elementor-widget-wrap elementor-element-populated\">\n\t\t\t\t\t\t<div class=\"elementor-element elementor-element-5fe86297 elementor-widget elementor-widget-spacer\" data-id=\"5fe86297\" data-element_type=\"widget\" data-e-type=\"widget\" data-widget_type=\"spacer.default\">\n\t\t\t\t\t\t\t<div class=\"elementor-spacer\">\n\t\t\t<div class=\"elementor-spacer-inner\"><\/div>\n\t\t<\/div>\n\t\t\t\t\t\t<\/div>\n\t\t\t\t<div class=\"elementor-element elementor-element-36e62638 elementor-widget elementor-widget-partdo-client-carousel\" data-id=\"36e62638\" data-element_type=\"widget\" data-e-type=\"widget\" data-widget_type=\"partdo-client-carousel.default\">\n\t\t\t\t<div class=\"elementor-widget-container\">\n\t\t\t\t\t<div class=\"klbth-module klbth-module-logos grayscale-enable\"><div class=\"klbth-module-body\"><div class=\"logos-wrapper\"><div class=\"klbth-slider-wrapper\"> <div class=\"klbth-slider-loader\"><div class=\"klbth-loader size-md color-primary border-sm\"><\/div><\/div><div class=\"klbth-slider\" data-items=\"6\" data-mobileitems=\"3\" data-tabletitems=\"2\" data-arrows=\"\" data-dots=\"\" data-autoplay=\"true\" data-autospeed=\"5000\"><div class=\"logo-item\"> <a href=\"\" ><img decoding=\"async\" src=\"https:\/\/haagisemaailm.ee\/wp-content\/uploads\/2025\/07\/AL-KO-Claim-4c_mit-halbemSchutzraum-scaled.jpg\"\/><\/a><\/div><div class=\"logo-item\"> <a href=\"\" ><img decoding=\"async\" src=\"https:\/\/haagisemaailm.ee\/wp-content\/uploads\/2025\/07\/bradley_logo_1.png\"\/><\/a><\/div><div class=\"logo-item\"> <a href=\"\" ><img decoding=\"async\" src=\"https:\/\/haagisemaailm.ee\/wp-content\/uploads\/2025\/07\/012207478-1.jpg\"\/><\/a><\/div><div class=\"logo-item\"> <a href=\"\" ><img decoding=\"async\" src=\"https:\/\/haagisemaailm.ee\/wp-content\/uploads\/2025\/07\/BJT-round.jpg\"\/><\/a><\/div><div class=\"logo-item\"> <a href=\"\" ><img decoding=\"async\" src=\"https:\/\/haagisemaailm.ee\/wp-content\/uploads\/2025\/07\/BLACK-CHEVAL-LOGO_round.jpg\"\/><\/a><\/div><div class=\"logo-item\"> <a href=\"\" ><img decoding=\"async\" src=\"https:\/\/haagisemaailm.ee\/wp-content\/uploads\/2025\/07\/logo-print-hapert-en.jpg\"\/><\/a><\/div><div class=\"logo-item\"> <a href=\"\" ><img decoding=\"async\" src=\"https:\/\/haagisemaailm.ee\/wp-content\/uploads\/2025\/07\/knott.png\"\/><\/a><\/div><\/div><\/div><\/div><\/div><\/div>\t\t\t\t<\/div>\n\t\t\t\t<\/div>\n\t\t\t\t<div class=\"elementor-element elementor-element-3441adb8 elementor-widget elementor-widget-spacer\" data-id=\"3441adb8\" data-element_type=\"widget\" data-e-type=\"widget\" data-widget_type=\"spacer.default\">\n\t\t\t\t\t\t\t<div class=\"elementor-spacer\">\n\t\t\t<div class=\"elementor-spacer-inner\"><\/div>\n\t\t<\/div>\n\t\t\t\t\t\t<\/div>\n\t\t\t\t\t<\/div>\n\t\t<\/div>\n\t\t\t\t\t<\/div>\n\t\t<\/section>\n\t\t\t\t<\/div>","protected":false},"excerpt":{"rendered":"<p>Haagiste remont ja hooldus Piduritega haagiste remont Tallinnas. Haagise rent O\u00dc on juba \u00fcle 10 aasta tegelenud uute haagiste m\u00fc\u00fcgiga, hoolduse, rendi ja remondiga. Omame piisaval hulgal tootjate originaal varuosi, et t\u00f6\u00f6d m\u00f5istliku ajaga teostada Aitame remontida\/vahetada haagisel: veermik ja piduris\u00fcsteemid sillad haagiste ja haagise osade h\u00fcdrauliline sirgendamine juhtmestik, juhtmesarjad ja nende taastamine valgustus tugijalad<\/p>\n<div class=\"klb-readmore button\"><a class=\"btn link\" href=\"https:\/\/haagisemaailm.ee\/en\/hooldus\/\">Read More <i class=\"klbth-icon-right-arrow\"><\/i><\/a><\/div>","protected":false},"author":1,"featured_media":0,"parent":0,"menu_order":0,"comment_status":"closed","ping_status":"closed","template":"","meta":{"footnotes":""},"class_list":["post-4887","page","type-page","status-publish","hentry"],"jetpack_sharing_enabled":true,"_links":{"self":[{"href":"https:\/\/haagisemaailm.ee\/en\/wp-json\/wp\/v2\/pages\/4887","targetHints":{"allow":["GET"]}}],"collection":[{"href":"https:\/\/haagisemaailm.ee\/en\/wp-json\/wp\/v2\/pages"}],"about":[{"href":"https:\/\/haagisemaailm.ee\/en\/wp-json\/wp\/v2\/types\/page"}],"author":[{"embeddable":true,"href":"https:\/\/haagisemaailm.ee\/en\/wp-json\/wp\/v2\/users\/1"}],"replies":[{"embeddable":true,"href":"https:\/\/haagisemaailm.ee\/en\/wp-json\/wp\/v2\/comments?post=4887"}],"version-history":[{"count":55,"href":"https:\/\/haagisemaailm.ee\/en\/wp-json\/wp\/v2\/pages\/4887\/revisions"}],"predecessor-version":[{"id":6187,"href":"https:\/\/haagisemaailm.ee\/en\/wp-json\/wp\/v2\/pages\/4887\/revisions\/6187"}],"wp:attachment":[{"href":"https:\/\/haagisemaailm.ee\/en\/wp-json\/wp\/v2\/media?parent=4887"}],"curies":[{"name":"wp","href":"https:\/\/api.w.org\/{rel}","templated":true}]}}