{"id":5294,"date":"2025-07-23T10:46:43","date_gmt":"2025-07-23T07:46:43","guid":{"rendered":"https:\/\/haagisemaailm.ee\/?page_id=5294"},"modified":"2025-07-23T11:43:20","modified_gmt":"2025-07-23T08:43:20","slug":"trailermate-kerghaagis-kaanega-1","status":"publish","type":"page","link":"https:\/\/haagisemaailm.ee\/en\/rent\/trailermate-kerghaagis-kaanega-1\/","title":{"rendered":"Trailermate Kerghaagis kaanega 1"},"content":{"rendered":"<div data-elementor-type=\"wp-page\" data-elementor-id=\"5294\" class=\"elementor elementor-5294\">\n\t\t\t\t<div class=\"elementor-element elementor-element-6977c49 e-flex e-con-boxed e-con e-parent\" data-id=\"6977c49\" data-element_type=\"container\" data-e-type=\"container\">\n\t\t\t\t\t<div class=\"e-con-inner\">\n\t\t\t\t<div class=\"elementor-element elementor-element-a87a4ab elementor-widget elementor-widget-spacer\" data-id=\"a87a4ab\" data-element_type=\"widget\" data-e-type=\"widget\" data-widget_type=\"spacer.default\">\n\t\t\t\t\t\t\t<div class=\"elementor-spacer\">\n\t\t\t<div class=\"elementor-spacer-inner\"><\/div>\n\t\t<\/div>\n\t\t\t\t\t\t<\/div>\n\t\t<div class=\"elementor-element elementor-element-22119a1 e-con-full e-flex e-con e-child\" data-id=\"22119a1\" data-element_type=\"container\" data-e-type=\"container\">\n\t\t<div class=\"elementor-element elementor-element-b8465d4 e-con-full e-flex e-con e-child\" data-id=\"b8465d4\" data-element_type=\"container\" data-e-type=\"container\">\n\t\t<div class=\"elementor-element elementor-element-a9d481c e-con-full e-flex e-con e-child\" data-id=\"a9d481c\" data-element_type=\"container\" data-e-type=\"container\">\n\t\t\t\t<div class=\"elementor-element elementor-element-f7ee58a elementor-arrows-position-inside elementor-pagination-position-outside elementor-widget elementor-widget-image-carousel\" data-id=\"f7ee58a\" data-element_type=\"widget\" data-e-type=\"widget\" data-settings=\"{&quot;slides_to_show&quot;:&quot;1&quot;,&quot;navigation&quot;:&quot;both&quot;,&quot;infinite&quot;:&quot;yes&quot;,&quot;effect&quot;:&quot;slide&quot;,&quot;speed&quot;:500}\" data-widget_type=\"image-carousel.default\">\n\t\t\t\t\t\t\t<div class=\"elementor-image-carousel-wrapper swiper\" role=\"region\" aria-roledescription=\"carousel\" aria-label=\"Image Carousel\" dir=\"ltr\">\n\t\t\t<div class=\"elementor-image-carousel swiper-wrapper\" aria-live=\"polite\">\n\t\t\t\t\t\t\t\t<div class=\"swiper-slide\" role=\"group\" aria-roledescription=\"slide\" aria-label=\"1 of 1\"><figure class=\"swiper-slide-inner\"><img decoding=\"async\" class=\"swiper-slide-image\" src=\"https:\/\/haagisemaailm.ee\/wp-content\/uploads\/2025\/07\/TM325mx15m-Premium-Pro.webp\" alt=\"TM325mx15m-Premium-Pro\" \/><\/figure><\/div>\t\t\t<\/div>\n\t\t\t\t\t<\/div>\n\t\t\t\t\t\t<\/div>\n\t\t\t\t<\/div>\n\t\t<div class=\"elementor-element elementor-element-f2de766 e-con-full e-flex e-con e-child\" data-id=\"f2de766\" data-element_type=\"container\" data-e-type=\"container\">\n\t\t\t\t<div class=\"elementor-element elementor-element-8398e25 elementor-widget elementor-widget-heading\" data-id=\"8398e25\" data-element_type=\"widget\" data-e-type=\"widget\" data-widget_type=\"heading.default\">\n\t\t\t\t\t<h2 class=\"elementor-heading-title elementor-size-default\">Trailermate Kerghaagis kaanega 1<\/h2>\t\t\t\t<\/div>\n\t\t<div class=\"elementor-element elementor-element-8bac85f e-con-full e-flex e-con e-child\" data-id=\"8bac85f\" data-element_type=\"container\" data-e-type=\"container\">\n\t\t\t\t<div class=\"elementor-element elementor-element-1c2e1e2 elementor-widget elementor-widget-heading\" data-id=\"1c2e1e2\" data-element_type=\"widget\" data-e-type=\"widget\" data-widget_type=\"heading.default\">\n\t\t\t\t\t<h2 class=\"elementor-heading-title elementor-size-default\">Rendihind:<\/h2>\t\t\t\t<\/div>\n\t\t\t\t<div class=\"elementor-element elementor-element-703bc1c elementor-widget elementor-widget-heading\" data-id=\"703bc1c\" data-element_type=\"widget\" data-e-type=\"widget\" data-widget_type=\"heading.default\">\n\t\t\t\t\t<h2 class=\"elementor-heading-title elementor-size-default\">24h \/ 25 \u20ac<\/h2>\t\t\t\t<\/div>\n\t\t\t\t<\/div>\n\t\t<div class=\"elementor-element elementor-element-8c4a81c e-con-full e-flex e-con e-child\" data-id=\"8c4a81c\" data-element_type=\"container\" data-e-type=\"container\" data-settings=\"{&quot;background_background&quot;:&quot;classic&quot;}\">\n\t\t\t\t<div class=\"elementor-element elementor-element-9088d2d elementor-widget__width-initial elementor-widget elementor-widget-text-editor\" data-id=\"9088d2d\" data-element_type=\"widget\" data-e-type=\"widget\" data-widget_type=\"text-editor.default\">\n\t\t\t\t\t\t\t\t\t<div class=\"fl-module fl-module-info-box fl-node-5ac16c550bb1d\" data-node=\"5ac16c550bb1d\"><div class=\"fl-module-content fl-node-content\"><div class=\"uabb-module-content uabb-infobox infobox-left infobox-responsive-left\"><div class=\"uabb-infobox-left-right-wrap\"><div class=\"uabb-infobox-content\"><div class=\"uabb-infobox-title-wrap\"><h6 class=\"uabb-infobox-title\">Kuni 3h:<\/h6><\/div><div class=\"uabb-infobox-text-wrap\"><div class=\"uabb-infobox-text uabb-text-editor\"><p>20 \u20ac<\/p><\/div><\/div><\/div><\/div><\/div><\/div><\/div>\t\t\t\t\t\t\t\t<\/div>\n\t\t\t\t<div class=\"elementor-element elementor-element-691794e elementor-widget__width-initial elementor-widget elementor-widget-text-editor\" data-id=\"691794e\" data-element_type=\"widget\" data-e-type=\"widget\" data-widget_type=\"text-editor.default\">\n\t\t\t\t\t\t\t\t\t<div class=\"fl-module fl-module-info-box fl-node-5ac16c550bb1d\" data-node=\"5ac16c550bb1d\"><div class=\"fl-module-content fl-node-content\"><div class=\"uabb-module-content uabb-infobox infobox-left infobox-responsive-left\"><div class=\"uabb-infobox-left-right-wrap\"><div class=\"uabb-infobox-content\"><div class=\"uabb-infobox-title-wrap\"><h6 class=\"uabb-infobox-title\">Rohkem kui 24h:<\/h6><\/div><div class=\"uabb-infobox-text-wrap\"><div class=\"uabb-infobox-text uabb-text-editor\"><p>Hind kokkuleppel<\/p><\/div><\/div><\/div><\/div><\/div><\/div><\/div>\t\t\t\t\t\t\t\t<\/div>\n\t\t\t\t<div class=\"elementor-element elementor-element-89d214e elementor-widget__width-initial elementor-widget elementor-widget-text-editor\" data-id=\"89d214e\" data-element_type=\"widget\" data-e-type=\"widget\" data-widget_type=\"text-editor.default\">\n\t\t\t\t\t\t\t\t\t<div class=\"fl-module fl-module-info-box fl-node-5ac16c550bb1d\" data-node=\"5ac16c550bb1d\"><div class=\"fl-module-content fl-node-content\"><div class=\"uabb-module-content uabb-infobox infobox-left infobox-responsive-left\"><div class=\"uabb-infobox-left-right-wrap\"><div class=\"uabb-infobox-content\"><h6 class=\"uabb-infobox-title-wrap\">Tagatisraha:<\/h6><\/div><\/div><\/div><\/div><\/div><div class=\"fl-module fl-module-info-box fl-node-5ac16c550bb8e\" data-node=\"5ac16c550bb8e\"><div class=\"fl-module-content fl-node-content\"><div class=\"uabb-module-content uabb-infobox infobox-left infobox-responsive-left\"><div class=\"uabb-infobox-left-right-wrap\"><div class=\"uabb-infobox-content\"><div class=\"uabb-infobox-text-wrap\"><div class=\"uabb-infobox-text uabb-text-editor\"><p>20 \u20ac<\/p><\/div><\/div><\/div><\/div><\/div><\/div><\/div>\t\t\t\t\t\t\t\t<\/div>\n\t\t\t\t<\/div>\n\t\t\t\t<div class=\"elementor-element elementor-element-24c7478 elementor-widget-divider--view-line elementor-widget elementor-widget-divider\" data-id=\"24c7478\" data-element_type=\"widget\" data-e-type=\"widget\" data-widget_type=\"divider.default\">\n\t\t\t\t\t\t\t<div class=\"elementor-divider\">\n\t\t\t<span class=\"elementor-divider-separator\">\n\t\t\t\t\t\t<\/span>\n\t\t<\/div>\n\t\t\t\t\t\t<\/div>\n\t\t\t\t<div class=\"elementor-element elementor-element-a7d0ce1 elementor-widget elementor-widget-text-editor\" data-id=\"a7d0ce1\" data-element_type=\"widget\" data-e-type=\"widget\" data-widget_type=\"text-editor.default\">\n\t\t\t\t\t\t\t\t\t<div class=\"uabb-infobox-title-wrap\"><h6 class=\"uabb-infobox-title\">Lisainfo:<\/h6><\/div><div class=\"uabb-infobox-text-wrap\"><div class=\"uabb-infobox-text uabb-text-editor\"><p>Haagise vedamiseks piisab B-kategooria juhiloast. Piduriteta haagis<\/p><\/div><\/div>\t\t\t\t\t\t\t\t<\/div>\n\t\t<div class=\"elementor-element elementor-element-90d5622 e-con-full e-flex e-con e-child\" data-id=\"90d5622\" data-element_type=\"container\" data-e-type=\"container\">\n\t\t\t\t<div class=\"elementor-element elementor-element-b059df0 elementor-widget elementor-widget-text-editor\" data-id=\"b059df0\" data-element_type=\"widget\" data-e-type=\"widget\" data-widget_type=\"text-editor.default\">\n\t\t\t\t\t\t\t\t\t<h6 class=\"uabb-infobox-title-wrap\"><strong>T\u00e4ismass:<\/strong><\/h6><div class=\"uabb-infobox-text-wrap\"><div class=\"uabb-infobox-text uabb-text-editor\"><div class=\"fl-module fl-module-info-box fl-node-5ac16c550b927\" data-node=\"5ac16c550b927\"><div class=\"fl-module-content fl-node-content\"><div class=\"uabb-module-content uabb-infobox infobox-left infobox-responsive-left\"><div class=\"uabb-infobox-left-right-wrap\"><div class=\"uabb-infobox-content\"><div class=\"uabb-infobox-text-wrap\"><div class=\"uabb-infobox-text uabb-text-editor\"><p>825 kg<\/p><\/div><\/div><\/div><\/div><\/div><\/div><\/div><div class=\"fl-module fl-module-info-box fl-node-5ac16c550b964\" data-node=\"5ac16c550b964\"><div class=\"fl-module-content fl-node-content\"><div class=\"uabb-module-content uabb-infobox infobox-left infobox-responsive-left\"><div class=\"uabb-infobox-left-right-wrap\"><div class=\"uabb-infobox-content\"><div class=\"uabb-infobox-title-wrap\"><h6 class=\"uabb-infobox-title\">T\u00fchimass:<\/h6><\/div><div class=\"uabb-infobox-text-wrap\"><div class=\"uabb-infobox-text uabb-text-editor\"><p>316 kg<\/p><\/div><\/div><\/div><\/div><\/div><\/div><\/div><\/div><\/div>\t\t\t\t\t\t\t\t<\/div>\n\t\t\t\t<div class=\"elementor-element elementor-element-5f5244f elementor-widget elementor-widget-text-editor\" data-id=\"5f5244f\" data-element_type=\"widget\" data-e-type=\"widget\" data-widget_type=\"text-editor.default\">\n\t\t\t\t\t\t\t\t\t<div class=\"uabb-infobox-title-wrap\"><div class=\"uabb-infobox-title-wrap\"><h6 class=\"uabb-infobox-title\">Kandev\u00f5ime:<\/h6><\/div><div class=\"uabb-infobox-text-wrap\"><div class=\"uabb-infobox-text uabb-text-editor\"><p>509 kg<\/p><\/div><\/div><div class=\"fl-module fl-module-info-box fl-node-5ac16c550ba02\" data-node=\"5ac16c550ba02\"><div class=\"fl-module-content fl-node-content\"><div class=\"uabb-module-content uabb-infobox infobox-left infobox-responsive-left\"><div class=\"uabb-infobox-left-right-wrap\"><div class=\"uabb-infobox-content\"><div class=\"uabb-infobox-title-wrap\"><h6 class=\"uabb-infobox-title\">Platvormi m\u00f5\u00f5dud:<\/h6><\/div><div class=\"uabb-infobox-text-wrap\"><div class=\"uabb-infobox-text uabb-text-editor\"><p>325\u00d7150 (p\/l) cm<\/p><\/div><\/div><\/div><\/div><\/div><\/div><\/div><\/div>\t\t\t\t\t\t\t\t<\/div>\n\t\t\t\t<div class=\"elementor-element elementor-element-66dbbd1 elementor-widget elementor-widget-text-editor\" data-id=\"66dbbd1\" data-element_type=\"widget\" data-e-type=\"widget\" data-widget_type=\"text-editor.default\">\n\t\t\t\t\t\t\t\t\t<div class=\"uabb-infobox-title-wrap\"><div class=\"fl-module fl-module-info-box fl-node-5ac16c550ba02\" data-node=\"5ac16c550ba02\"><div class=\"fl-module-content fl-node-content\"><div class=\"uabb-module-content uabb-infobox infobox-left infobox-responsive-left\"><div class=\"uabb-infobox-left-right-wrap\"><div class=\"uabb-infobox-content\"><h6 class=\"uabb-infobox-title-wrap\">K\u00f5rgus maapinnast:<\/h6><\/div><\/div><\/div><\/div><\/div><div class=\"fl-module fl-module-info-box fl-node-5ac16c550ba43\" data-node=\"5ac16c550ba43\"><div class=\"fl-module-content fl-node-content\"><div class=\"uabb-module-content uabb-infobox infobox-left infobox-responsive-left\"><div class=\"uabb-infobox-left-right-wrap\"><div class=\"uabb-infobox-content\"><div class=\"uabb-infobox-text-wrap\"><div class=\"uabb-infobox-text uabb-text-editor\"><p>55 cm<\/p><\/div><\/div><\/div><\/div><\/div><\/div><\/div><\/div>\t\t\t\t\t\t\t\t<\/div>\n\t\t\t\t<\/div>\n\t\t\t\t<\/div>\n\t\t\t\t<\/div>\n\t\t\t\t<\/div>\n\t\t\t\t\t<\/div>\n\t\t\t\t<\/div>\n\t\t<div class=\"elementor-element elementor-element-57ec63d e-flex e-con-boxed e-con e-parent\" data-id=\"57ec63d\" data-element_type=\"container\" data-e-type=\"container\">\n\t\t\t\t\t<div class=\"e-con-inner\">\n\t\t\t\t<div class=\"elementor-element elementor-element-9a5ac3f elementor-widget-divider--view-line elementor-widget elementor-widget-divider\" data-id=\"9a5ac3f\" data-element_type=\"widget\" data-e-type=\"widget\" data-widget_type=\"divider.default\">\n\t\t\t\t\t\t\t<div class=\"elementor-divider\">\n\t\t\t<span class=\"elementor-divider-separator\">\n\t\t\t\t\t\t<\/span>\n\t\t<\/div>\n\t\t\t\t\t\t<\/div>\n\t\t\t\t<div class=\"elementor-element elementor-element-a9e9ddf elementor-widget__width-initial elementor-widget elementor-widget-heading\" data-id=\"a9e9ddf\" data-element_type=\"widget\" data-e-type=\"widget\" data-widget_type=\"heading.default\">\n\t\t\t\t\t<h2 class=\"elementor-heading-title elementor-size-default\">Broneeri haagis<\/h2>\t\t\t\t<\/div>\n\t\t\t\t\t<\/div>\n\t\t\t\t<\/div>\n\t\t<div class=\"elementor-element elementor-element-c433a74 e-flex e-con-boxed e-con e-parent\" data-id=\"c433a74\" data-element_type=\"container\" data-e-type=\"container\">\n\t\t\t\t\t<div class=\"e-con-inner\">\n\t\t\t\t<div class=\"elementor-element elementor-element-7387113 elementor-widget elementor-widget-partdo-contact-form-7\" data-id=\"7387113\" data-element_type=\"widget\" data-e-type=\"widget\" data-widget_type=\"partdo-contact-form-7.default\">\n\t\t\t\t<div class=\"elementor-widget-container\">\n\t\t\t\t\t<div class=\"contact-form\">\n<div class=\"wpcf7 no-js\" id=\"wpcf7-f5151-o1\" lang=\"en-US\" dir=\"ltr\" data-wpcf7-id=\"5151\">\n<div class=\"screen-reader-response\"><p role=\"status\" aria-live=\"polite\" aria-atomic=\"true\"><\/p> <ul><\/ul><\/div>\n<form action=\"\/en\/wp-json\/wp\/v2\/pages\/5294#wpcf7-f5151-o1\" method=\"post\" class=\"wpcf7-form init\" aria-label=\"Contact form\" novalidate=\"novalidate\" data-status=\"init\" data-trp-original-action=\"\/en\/wp-json\/wp\/v2\/pages\/5294#wpcf7-f5151-o1\">\n<fieldset class=\"hidden-fields-container\"><input type=\"hidden\" name=\"_wpcf7\" value=\"5151\" \/><input type=\"hidden\" name=\"_wpcf7_version\" value=\"6.1.5\" \/><input type=\"hidden\" name=\"_wpcf7_locale\" value=\"en_US\" \/><input type=\"hidden\" name=\"_wpcf7_unit_tag\" value=\"wpcf7-f5151-o1\" \/><input type=\"hidden\" name=\"_wpcf7_container_post\" value=\"0\" \/><input type=\"hidden\" name=\"_wpcf7_posted_data_hash\" value=\"\" \/>\n<\/fieldset>\n<div class=\"c-grid\">\n\t<div>\n\t\t<p><label> J\u00e4reletulemise P\u00e4ev<br \/>\n<span class=\"wpcf7-form-control-wrap\" data-name=\"jatulemise-paev\"><input size=\"40\" maxlength=\"400\" class=\"wpcf7-form-control wpcf7-text wpcf7-validates-as-required walcf7-datepicker\" aria-required=\"true\" aria-invalid=\"false\" value=\"\" type=\"text\" name=\"jatulemise-paev\" \/><\/span><br \/>\n<\/label>\n\t\t<\/p>\n\t\t<p><label> J\u00e4reletulemise Kellaaeg<br \/>\n<span class=\"wpcf7-form-control-wrap\" data-name=\"jatulemise-kell\"><input size=\"40\" maxlength=\"400\" class=\"wpcf7-form-control wpcf7-text wpcf7-validates-as-required walcf7-timepicker\" aria-required=\"true\" aria-invalid=\"false\" value=\"\" type=\"text\" name=\"jatulemise-kell\" \/><\/span><br \/>\n<\/label>\n\t\t<\/p>\n\t\t<p><label> Nimi<br \/>\n<span class=\"wpcf7-form-control-wrap\" data-name=\"your-name\"><input size=\"40\" maxlength=\"400\" class=\"wpcf7-form-control wpcf7-text wpcf7-validates-as-required\" autocomplete=\"name\" aria-required=\"true\" aria-invalid=\"false\" value=\"\" type=\"text\" name=\"your-name\" \/><\/span><br \/>\n<\/label>\n\t\t<\/p>\n\t\t<p><label> Telefoninumber<br \/>\n<span class=\"wpcf7-form-control-wrap\" data-name=\"phone\"><input size=\"40\" maxlength=\"400\" class=\"wpcf7-form-control wpcf7-tel wpcf7-validates-as-required wpcf7-text wpcf7-validates-as-tel\" autocomplete=\"tel\" aria-required=\"true\" aria-invalid=\"false\" value=\"\" type=\"tel\" name=\"phone\" \/><\/span><br \/>\n<\/label>\n\t\t<\/p>\n\t\t<p><label> E-post<br \/>\n<span class=\"wpcf7-form-control-wrap\" data-name=\"your-email\"><input size=\"40\" maxlength=\"400\" class=\"wpcf7-form-control wpcf7-email wpcf7-validates-as-required wpcf7-text wpcf7-validates-as-email\" autocomplete=\"email\" aria-required=\"true\" aria-invalid=\"false\" value=\"\" type=\"email\" name=\"your-email\" \/><\/span><br \/>\n<\/label>\n\t\t<\/p>\n\t<\/div>\n\t<div>\n\t\t<p><label> Tagastamise P\u00e4ev<br \/>\n<span class=\"wpcf7-form-control-wrap\" data-name=\"tagastamise-paev\"><input size=\"40\" maxlength=\"400\" class=\"wpcf7-form-control wpcf7-text wpcf7-validates-as-required walcf7-datepicker\" aria-required=\"true\" aria-invalid=\"false\" value=\"\" type=\"text\" name=\"tagastamise-paev\" \/><\/span><br \/>\n<\/label>\n\t\t<\/p>\n\t\t<p><label> Tagastamise Kellaaeg<br \/>\n<span class=\"wpcf7-form-control-wrap\" data-name=\"tagastamise-kell\"><input size=\"40\" maxlength=\"400\" class=\"wpcf7-form-control wpcf7-text wpcf7-validates-as-required walcf7-timepicker\" aria-required=\"true\" aria-invalid=\"false\" value=\"\" type=\"text\" name=\"tagastamise-kell\" \/><\/span><br \/>\n<\/label>\n\t\t<\/p>\n\t\t<p><label> Vali haagis<br \/>\n<span class=\"wpcf7-form-control-wrap\" data-name=\"haagis\"><select class=\"wpcf7-form-control wpcf7-select wpcf7-validates-as-required\" aria-required=\"true\" aria-invalid=\"false\" name=\"haagis\"><option value=\"\">-- VALI HAAGIS --<\/option><option value=\"Eduard Multitransporter\">Eduard Multitransporter<\/option><option value=\"DEBON C700\">DEBON C700<\/option><option value=\"Trailermate Kerghaagis kaanega 1\">Trailermate Kerghaagis kaanega 1<\/option><option value=\"BJT Autoveotreiler\">BJT Autoveotreiler<\/option><option value=\"Saris Kallur haagis\">Saris Kallur haagis<\/option><option value=\"BJT RACE SPORT Kinnine haagis\">BJT RACE SPORT Kinnine haagis<\/option><option value=\"Trailermate Kerghaagis kaanega 2\">Trailermate Kerghaagis kaanega 2<\/option><option value=\"Trailermate Kerghaagis\">Trailermate Kerghaagis<\/option><option value=\"BJT Kastihaagis\">BJT Kastihaagis<\/option><option value=\"HAPERT Piduritega haagis\">HAPERT Piduritega haagis<\/option><option value=\"BJT Haagis minilaadurite\/puude veoks\">BJT Haagis minilaadurite\/puude veoks<\/option><option value=\"NUGENT Hobutreiler\">NUGENT Hobutreiler<\/option><\/select><\/span><br \/>\n<\/label>\n\t\t<\/p>\n\t\t<p><label> Lisainfo<br \/>\n<span class=\"wpcf7-form-control-wrap\" data-name=\"lisainfo\"><textarea cols=\"40\" rows=\"10\" maxlength=\"2000\" class=\"wpcf7-form-control wpcf7-textarea\" aria-invalid=\"false\" name=\"lisainfo\"><\/textarea><\/span><br \/>\n<\/label>\n\t\t<\/p>\n\t<\/div>\n<\/div>\n<p><input class=\"wpcf7-form-control wpcf7-submit has-spinner\" type=\"submit\" value=\"Broneeri haagis\" \/>\n<\/p><div class=\"wpcf7-response-output\" aria-hidden=\"true\"><\/div>\n<input type=\"hidden\" name=\"trp-form-language\" value=\"en\"\/><\/form>\n<\/div>\n<\/div><!-- contact-form -->\t\t\t\t<\/div>\n\t\t\t\t<\/div>\n\t\t\t\t\t<\/div>\n\t\t\t\t<\/div>\n\t\t<div class=\"elementor-element elementor-element-ac1ea16 e-flex e-con-boxed e-con e-parent\" data-id=\"ac1ea16\" data-element_type=\"container\" data-e-type=\"container\">\n\t\t\t\t\t<div class=\"e-con-inner\">\n\t\t<div class=\"elementor-element elementor-element-90f5512 e-con-full e-flex e-con e-child\" data-id=\"90f5512\" data-element_type=\"container\" data-e-type=\"container\">\n\t\t\t\t<div class=\"elementor-element elementor-element-02a429c elementor-widget elementor-widget-spacer\" data-id=\"02a429c\" data-element_type=\"widget\" data-e-type=\"widget\" data-widget_type=\"spacer.default\">\n\t\t\t\t\t\t\t<div class=\"elementor-spacer\">\n\t\t\t<div class=\"elementor-spacer-inner\"><\/div>\n\t\t<\/div>\n\t\t\t\t\t\t<\/div>\n\t\t\t\t<div class=\"elementor-element elementor-element-fb59a0a elementor-widget elementor-widget-video\" data-id=\"fb59a0a\" data-element_type=\"widget\" data-e-type=\"widget\" data-settings=\"{&quot;youtube_url&quot;:&quot;https:\\\/\\\/www.youtube.com\\\/watch?v=XHOmBV4js_E&quot;,&quot;video_type&quot;:&quot;youtube&quot;,&quot;controls&quot;:&quot;yes&quot;}\" data-widget_type=\"video.default\">\n\t\t\t\t\t\t\t<div class=\"elementor-wrapper elementor-open-inline\">\n\t\t\t<div class=\"elementor-video\"><\/div>\t\t<\/div>\n\t\t\t\t\t\t<\/div>\n\t\t\t\t<\/div>\n\t\t\t\t\t<\/div>\n\t\t\t\t<\/div>\n\t\t<div class=\"elementor-element elementor-element-7786277 e-flex e-con-boxed e-con e-parent\" data-id=\"7786277\" data-element_type=\"container\" data-e-type=\"container\">\n\t\t\t\t\t<div class=\"e-con-inner\">\n\t\t\t\t<div class=\"elementor-element elementor-element-e916441 elementor-widget elementor-widget-spacer\" data-id=\"e916441\" data-element_type=\"widget\" data-e-type=\"widget\" data-widget_type=\"spacer.default\">\n\t\t\t\t\t\t\t<div class=\"elementor-spacer\">\n\t\t\t<div class=\"elementor-spacer-inner\"><\/div>\n\t\t<\/div>\n\t\t\t\t\t\t<\/div>\n\t\t\t\t\t<\/div>\n\t\t\t\t<\/div>\n\t\t\t\t<\/div>","protected":false},"excerpt":{"rendered":"<p>Trailermate Kerghaagis kaanega 1 Rendihind: 24h \/ 25 \u20ac Kuni 3h: 20 \u20ac Rohkem kui 24h: Hind kokkuleppel Tagatisraha: 20 \u20ac Lisainfo: Haagise vedamiseks piisab B-kategooria juhiloast. Piduriteta haagis T\u00e4ismass: 825 kg T\u00fchimass: 316 kg Kandev\u00f5ime: 509 kg Platvormi m\u00f5\u00f5dud: 325\u00d7150 (p\/l) cm K\u00f5rgus maapinnast: 55 cm Broneeri haagis J\u00e4reletulemise P\u00e4ev J\u00e4reletulemise Kellaaeg Nimi Telefoninumber<\/p>\n<div class=\"klb-readmore button\"><a class=\"btn link\" href=\"https:\/\/haagisemaailm.ee\/en\/rent\/trailermate-kerghaagis-kaanega-1\/\">Read More <i class=\"klbth-icon-right-arrow\"><\/i><\/a><\/div>","protected":false},"author":1,"featured_media":0,"parent":4793,"menu_order":0,"comment_status":"closed","ping_status":"closed","template":"","meta":{"footnotes":""},"class_list":["post-5294","page","type-page","status-publish","hentry"],"jetpack_sharing_enabled":true,"_links":{"self":[{"href":"https:\/\/haagisemaailm.ee\/en\/wp-json\/wp\/v2\/pages\/5294","targetHints":{"allow":["GET"]}}],"collection":[{"href":"https:\/\/haagisemaailm.ee\/en\/wp-json\/wp\/v2\/pages"}],"about":[{"href":"https:\/\/haagisemaailm.ee\/en\/wp-json\/wp\/v2\/types\/page"}],"author":[{"embeddable":true,"href":"https:\/\/haagisemaailm.ee\/en\/wp-json\/wp\/v2\/users\/1"}],"replies":[{"embeddable":true,"href":"https:\/\/haagisemaailm.ee\/en\/wp-json\/wp\/v2\/comments?post=5294"}],"version-history":[{"count":10,"href":"https:\/\/haagisemaailm.ee\/en\/wp-json\/wp\/v2\/pages\/5294\/revisions"}],"predecessor-version":[{"id":5438,"href":"https:\/\/haagisemaailm.ee\/en\/wp-json\/wp\/v2\/pages\/5294\/revisions\/5438"}],"up":[{"embeddable":true,"href":"https:\/\/haagisemaailm.ee\/en\/wp-json\/wp\/v2\/pages\/4793"}],"wp:attachment":[{"href":"https:\/\/haagisemaailm.ee\/en\/wp-json\/wp\/v2\/media?parent=5294"}],"curies":[{"name":"wp","href":"https:\/\/api.w.org\/{rel}","templated":true}]}}