{"id":4455,"date":"2025-07-07T12:03:24","date_gmt":"2025-07-07T12:03:24","guid":{"rendered":"https:\/\/haagisemaailm.ee\/?post_type=product&#038;p=4455"},"modified":"2026-04-02T14:58:54","modified_gmt":"2026-04-02T11:58:54","slug":"cheval-liberte-gold-iii-navy-blue","status":"publish","type":"product","link":"https:\/\/haagisemaailm.ee\/en\/product\/cheval-liberte-gold-iii-navy-blue\/","title":{"rendered":"Cheval Liberte Gold III Navy Blue"},"content":{"rendered":"<p data-start=\"79\" data-end=\"524\">Haagise omadused:<br \/>\nPullmann 2 vedrustus mis tagab eelk\u00f5ige \u00fclimugava s\u00f5idu ja ka madala laadimise<br \/>\nTugevdatud fiiberklaasist katus ja haagise esiosa<br \/>\nAlumiiniumprofiilist k\u00fcljeseinad paksusega 18mm<br \/>\nSuur eesmine uks<br \/>\nAlumiiniumprofiiliga p\u00f5rand mis kaetud 8mm kummimatiga<br \/>\nAlumiiniumist kahes suunas avanev uks\/laadimisluuk koos automaatse rullikuga \u00fcleval<br \/>\nSuur eesmise mahalaadimisluugi kohal \u00fclesse avanev aken\/luuk<br \/>\nMuudetava asetusega eraldus vahesein<br \/>\nPehmendused k\u00fcljeseintel ja l\u00f6\u00f6gikaitsed<br \/>\nAutomaatselt \u00fcleskeriv tiisli tugijalg koos k\u00e4epidemega<br \/>\nEesmine sadularuum koos koristustarvikutega<br \/>\nL\u00fckandaknad ees m\u00f5lemal pool<\/p>","protected":false},"excerpt":{"rendered":"<p>Hobuseveohaagis Cheval Libert\u00e9 Gold 3 pakub t\u00e4nu KNOTT-PULLMAN 2 rataste s\u00f5ltumatule vedrustusele v\u00e4ga suurt s\u00f5idumugavust teile ja teie hobustele. See haagis on loodud kahe hobuse transportimiseks klassikalises sirges asendis. Haagise aerod\u00fcnaamiline kuju, seinte ja p\u00f5randa alumiiniumviimistlus ning sadularuum on selle vastupidava haagise vaid m\u00f5ned p\u00f5hijooned.<\/p>","protected":false},"featured_media":4617,"comment_status":"closed","ping_status":"closed","template":"","meta":[],"product_brand":[246],"product_cat":[221,255],"product_tag":[311,312,442,444,441,443,310,445,446,447],"class_list":{"0":"post-4455","1":"product","2":"type-product","3":"status-publish","4":"has-post-thumbnail","6":"product_brand-cheval-liberte","7":"product_cat-haagised","8":"product_cat-hobuveohaagised","9":"product_tag-cheval-hobuhaagis","10":"product_tag-cheval-liberte","11":"product_tag-cheval-liberte-gold-3","12":"product_tag-cheval-liberte-gold-iii","13":"product_tag-cheval-liberte-gold3","14":"product_tag-gold-3","15":"product_tag-hobuhaagis","16":"product_tag-pullman","17":"product_tag-pullman-v2-vedrustus","18":"product_tag-pullman-vedrustus","20":"first","21":"onbackorder","22":"sale","23":"taxable","24":"shipping-taxable","25":"purchasable","26":"product-type-simple"},"jetpack_sharing_enabled":true,"_links":{"self":[{"href":"https:\/\/haagisemaailm.ee\/en\/wp-json\/wp\/v2\/product\/4455","targetHints":{"allow":["GET"]}}],"collection":[{"href":"https:\/\/haagisemaailm.ee\/en\/wp-json\/wp\/v2\/product"}],"about":[{"href":"https:\/\/haagisemaailm.ee\/en\/wp-json\/wp\/v2\/types\/product"}],"replies":[{"embeddable":true,"href":"https:\/\/haagisemaailm.ee\/en\/wp-json\/wp\/v2\/comments?post=4455"}],"wp:featuredmedia":[{"embeddable":true,"href":"https:\/\/haagisemaailm.ee\/en\/wp-json\/wp\/v2\/media\/4617"}],"wp:attachment":[{"href":"https:\/\/haagisemaailm.ee\/en\/wp-json\/wp\/v2\/media?parent=4455"}],"wp:term":[{"taxonomy":"product_brand","embeddable":true,"href":"https:\/\/haagisemaailm.ee\/en\/wp-json\/wp\/v2\/product_brand?post=4455"},{"taxonomy":"product_cat","embeddable":true,"href":"https:\/\/haagisemaailm.ee\/en\/wp-json\/wp\/v2\/product_cat?post=4455"},{"taxonomy":"product_tag","embeddable":true,"href":"https:\/\/haagisemaailm.ee\/en\/wp-json\/wp\/v2\/product_tag?post=4455"}],"curies":[{"name":"wp","href":"https:\/\/api.w.org\/{rel}","templated":true}]}}