{"id":5534,"date":"2025-08-07T10:36:30","date_gmt":"2025-08-07T07:36:30","guid":{"rendered":"https:\/\/haagisemaailm.ee\/?post_type=product&#038;p=5534"},"modified":"2026-04-02T14:56:52","modified_gmt":"2026-04-02T11:56:52","slug":"al-ko-piduritrosside-balanssiir-sobib-kaheteljelistele-piduritega-haagistele","status":"publish","type":"product","link":"https:\/\/haagisemaailm.ee\/en\/pood\/al-ko-piduritrosside-balanssiir-sobib-kaheteljelistele-piduritega-haagistele\/","title":{"rendered":"AL-KO piduritrosside balanssiir, sobib kaheteljelistele piduritega haagistele"},"content":{"rendered":"<p><strong data-start=\"255\" data-end=\"270\">Funktsioon:<\/strong> \u00fchendab haagise pidurikangi kaudu tuleva lati v\u00f5i keermelati kahe telje piduritrossidega \u2014 tagab, et m\u00f5lemal teljel j\u00f5ustatakse pidurdamine \u00fchtlaselt. <br data-start=\"446\" data-end=\"449\" \/><strong data-start=\"449\" data-end=\"462\">Materjal:<\/strong> galvaniseeritud teras \u2013 korrosioonikindel viimistlus.<br data-start=\"554\" data-end=\"557\" \/><strong data-start=\"557\" data-end=\"584\">M\u00f5\u00f5tmed (ligikaudselt):<\/strong> pikkus ca 185 mm, laius ca 43 mm; k\u00fclgharude pikkus ca 75 mm, laius ca 30 mm.<br data-start=\"708\" data-end=\"711\" \/><strong data-start=\"711\" data-end=\"723\">Sobivus:<\/strong> sobib kahe-teljeliste haagiste piduris\u00fcsteemidele, kasutamiseks koos AL-KO piduritrosside v\u00f5i keermestatud otsaga trossidega.<\/p>","protected":false},"excerpt":{"rendered":"<p><strong data-start=\"32\" data-end=\"76\">AL\u2011KO balansiir (osa nr 238576)<\/strong> \u2013 galvaniseeritud terasest tasakaalustaja kahe-teljelisele haagisele, mis \u00fchendab peamise piduritrossi kahe v\u00e4ljundiga (\u00fcks kummalegi teljele) ja tagab pidurdusj\u00f5u \u00fchtluse m\u00f5lemal teljel. <br data-start=\"302\" data-end=\"305\" \/>Sobib kasutamiseks nii trossidega, mille ots on keere, kui ka AL-KO \u201cseene\u201d-otsas\u00fcsteemiga.<\/p>","protected":false},"featured_media":5535,"comment_status":"closed","ping_status":"closed","template":"","meta":[],"product_brand":[249],"product_cat":[209],"product_tag":[292,450,290,451,452,291],"class_list":{"0":"post-5534","1":"product","2":"type-product","3":"status-publish","4":"has-post-thumbnail","6":"product_brand-al-ko","7":"product_cat-pidurid","8":"product_tag-al-ko","9":"product_tag-al-ko-balansiir","10":"product_tag-al-ko-piduriklotsid","11":"product_tag-al-ko-piduritrosside-balansiir","12":"product_tag-al-ko-piduritrosside-balansiir-kahe-teljega-haagisele","13":"product_tag-piduriklotsid","15":"first","16":"instock","17":"taxable","18":"shipping-taxable","19":"purchasable","20":"product-type-simple"},"jetpack_sharing_enabled":true,"_links":{"self":[{"href":"https:\/\/haagisemaailm.ee\/en\/wp-json\/wp\/v2\/product\/5534","targetHints":{"allow":["GET"]}}],"collection":[{"href":"https:\/\/haagisemaailm.ee\/en\/wp-json\/wp\/v2\/product"}],"about":[{"href":"https:\/\/haagisemaailm.ee\/en\/wp-json\/wp\/v2\/types\/product"}],"replies":[{"embeddable":true,"href":"https:\/\/haagisemaailm.ee\/en\/wp-json\/wp\/v2\/comments?post=5534"}],"wp:featuredmedia":[{"embeddable":true,"href":"https:\/\/haagisemaailm.ee\/en\/wp-json\/wp\/v2\/media\/5535"}],"wp:attachment":[{"href":"https:\/\/haagisemaailm.ee\/en\/wp-json\/wp\/v2\/media?parent=5534"}],"wp:term":[{"taxonomy":"product_brand","embeddable":true,"href":"https:\/\/haagisemaailm.ee\/en\/wp-json\/wp\/v2\/product_brand?post=5534"},{"taxonomy":"product_cat","embeddable":true,"href":"https:\/\/haagisemaailm.ee\/en\/wp-json\/wp\/v2\/product_cat?post=5534"},{"taxonomy":"product_tag","embeddable":true,"href":"https:\/\/haagisemaailm.ee\/en\/wp-json\/wp\/v2\/product_tag?post=5534"}],"curies":[{"name":"wp","href":"https:\/\/api.w.org\/{rel}","templated":true}]}}