{"id":5539,"date":"2025-08-07T11:19:26","date_gmt":"2025-08-07T08:19:26","guid":{"rendered":"https:\/\/haagisemaailm.ee\/?post_type=product&#038;p=5539"},"modified":"2026-04-02T14:56:32","modified_gmt":"2026-04-02T11:56:32","slug":"knott-originaal-piduriklotsid-250x40-uhele-sillale","status":"publish","type":"product","link":"https:\/\/haagisemaailm.ee\/en\/product\/knott-originaal-piduriklotsid-250x40-uhele-sillale\/","title":{"rendered":"KNOTT originaal piduriklotsid 250&#215;40, \u00fchele sillale"},"content":{"rendered":"","protected":false},"excerpt":{"rendered":"<p>Komplekt \u00fchele sillale koosneb: piduriklotsidest, survevedrudest, t\u00f5mbevedrudest, valunumbriga piduriklotsidest, \u00fche telje jaoks (2 piduriklotsi vasakul + paremal).<\/p>\n<p>Kasutuses peamiselt 1800kg sildades, sobib Ifor Williams haagistele<\/p>\n<p>Originaal A varuosa<\/p>","protected":false},"featured_media":5540,"comment_status":"closed","ping_status":"closed","template":"","meta":[],"product_brand":[250],"product_cat":[209],"product_tag":[307,306,305],"class_list":{"0":"post-5539","1":"product","2":"type-product","3":"status-publish","4":"has-post-thumbnail","6":"product_brand-knott","7":"product_cat-pidurid","8":"product_tag-1800kg-knott-piduriklotsid","9":"product_tag-ifor-williams-piduriklotsid","10":"product_tag-knott-piduriklotsid","12":"first","13":"instock","14":"sale","15":"taxable","16":"shipping-taxable","17":"purchasable","18":"product-type-simple"},"jetpack_sharing_enabled":true,"_links":{"self":[{"href":"https:\/\/haagisemaailm.ee\/en\/wp-json\/wp\/v2\/product\/5539","targetHints":{"allow":["GET"]}}],"collection":[{"href":"https:\/\/haagisemaailm.ee\/en\/wp-json\/wp\/v2\/product"}],"about":[{"href":"https:\/\/haagisemaailm.ee\/en\/wp-json\/wp\/v2\/types\/product"}],"replies":[{"embeddable":true,"href":"https:\/\/haagisemaailm.ee\/en\/wp-json\/wp\/v2\/comments?post=5539"}],"wp:featuredmedia":[{"embeddable":true,"href":"https:\/\/haagisemaailm.ee\/en\/wp-json\/wp\/v2\/media\/5540"}],"wp:attachment":[{"href":"https:\/\/haagisemaailm.ee\/en\/wp-json\/wp\/v2\/media?parent=5539"}],"wp:term":[{"taxonomy":"product_brand","embeddable":true,"href":"https:\/\/haagisemaailm.ee\/en\/wp-json\/wp\/v2\/product_brand?post=5539"},{"taxonomy":"product_cat","embeddable":true,"href":"https:\/\/haagisemaailm.ee\/en\/wp-json\/wp\/v2\/product_cat?post=5539"},{"taxonomy":"product_tag","embeddable":true,"href":"https:\/\/haagisemaailm.ee\/en\/wp-json\/wp\/v2\/product_tag?post=5539"}],"curies":[{"name":"wp","href":"https:\/\/api.w.org\/{rel}","templated":true}]}}