{"id":5626,"date":"2025-08-21T07:42:45","date_gmt":"2025-08-21T04:42:45","guid":{"rendered":"https:\/\/haagisemaailm.ee\/?post_type=product&#038;p=5626"},"modified":"2026-04-02T14:55:11","modified_gmt":"2026-04-02T11:55:11","slug":"bjt-cargo-digger-plant-280x130cm-copy","status":"publish","type":"product","link":"https:\/\/haagisemaailm.ee\/en\/product\/bjt-cargo-digger-plant-280x130cm-copy\/","title":{"rendered":"BJT Cargo Digger Plant 2,80&#215;1,30cm"},"content":{"rendered":"<p>L\u00dcHI\u00dcLEVAADE<\/p>\n<ul>\n<li>\u00a0Spetsiaalne haagis, mis on m\u00f5eldud peamiselt miniekskavaatorite ja muude ratasmasinate transportimiseks.<\/li>\n<li>\u00a0\u00c4\u00e4rmiselt tugev \u0161assiikonstruktsioon tagab t\u00f6\u00f6kindluse ja madalad eluea jooksul tekkivad k\u00e4ituskulud.<\/li>\n<li>\u00a0Standardvarustusse kuuluvad kopatugi, LED-tagatuled, vastupidav tiisili tugiratas, varuratas ja integreeritud veopealukk.<\/li>\n<li>\u00a0Lihtsaks laadimiseks ja turvaliseks transpordiks on saadaval meie ainulaadne TracStrap-s\u00fcsteem (lisavarustusena).<\/li>\n<li>\u00a0Lisavarustusse kuuluvad kopakamber, 8. rampide helkur m\u00e4rgistused ja poomilukk.<\/li>\n<li>\u00a0Laadimisv\u00f5imaluste hulka kuuluvad reguleeritavad kaldteed ja lisavarustusena HD t\u00e4ies laiuses tagaluuk.<\/li>\n<\/ul>","protected":false},"excerpt":{"rendered":"<p>Spetsiaalselt miniekskavaatoritele ja roomiktraktoritele loodud vastupidav ja robustne haagis seab madalate eluea jooksul tekkivate k\u00e4itamiskuludega t\u00f6\u00f6stusstandardi. See kolme erineva pikkusega ja k\u00f5rgetasemelise standardvarustusega haagis on saadaval laia valiku spetsiaalsete lisadega, sealhulgas vintsid, kopahoidik ja poomilukk.<\/p>","protected":false},"featured_media":5905,"comment_status":"closed","ping_status":"closed","template":"","meta":[],"product_brand":[247],"product_cat":[221,217],"product_tag":[303,302,301,304],"class_list":{"0":"post-5626","1":"product","2":"type-product","3":"status-publish","4":"has-post-thumbnail","6":"product_brand-brian-james-trailers","7":"product_cat-haagised","8":"product_cat-masinahaagised","9":"product_tag-ekskavaatorihaagis","10":"product_tag-kopa-haagis","11":"product_tag-kopahaagis","12":"product_tag-rasketehnika-haagis","14":"first","15":"instock","16":"sale","17":"taxable","18":"shipping-taxable","19":"purchasable","20":"product-type-simple"},"jetpack_sharing_enabled":true,"_links":{"self":[{"href":"https:\/\/haagisemaailm.ee\/en\/wp-json\/wp\/v2\/product\/5626","targetHints":{"allow":["GET"]}}],"collection":[{"href":"https:\/\/haagisemaailm.ee\/en\/wp-json\/wp\/v2\/product"}],"about":[{"href":"https:\/\/haagisemaailm.ee\/en\/wp-json\/wp\/v2\/types\/product"}],"replies":[{"embeddable":true,"href":"https:\/\/haagisemaailm.ee\/en\/wp-json\/wp\/v2\/comments?post=5626"}],"wp:featuredmedia":[{"embeddable":true,"href":"https:\/\/haagisemaailm.ee\/en\/wp-json\/wp\/v2\/media\/5905"}],"wp:attachment":[{"href":"https:\/\/haagisemaailm.ee\/en\/wp-json\/wp\/v2\/media?parent=5626"}],"wp:term":[{"taxonomy":"product_brand","embeddable":true,"href":"https:\/\/haagisemaailm.ee\/en\/wp-json\/wp\/v2\/product_brand?post=5626"},{"taxonomy":"product_cat","embeddable":true,"href":"https:\/\/haagisemaailm.ee\/en\/wp-json\/wp\/v2\/product_cat?post=5626"},{"taxonomy":"product_tag","embeddable":true,"href":"https:\/\/haagisemaailm.ee\/en\/wp-json\/wp\/v2\/product_tag?post=5626"}],"curies":[{"name":"wp","href":"https:\/\/api.w.org\/{rel}","templated":true}]}}