{"id":5666,"date":"2025-08-25T06:53:35","date_gmt":"2025-08-25T03:53:35","guid":{"rendered":"https:\/\/haagisemaailm.ee\/?post_type=product&#038;p=5666"},"modified":"2026-04-02T14:54:26","modified_gmt":"2026-04-02T11:54:26","slug":"brian-james-trailers-cargo-tipper2-kallurhaagis-360x200m","status":"publish","type":"product","link":"https:\/\/haagisemaailm.ee\/en\/product\/brian-james-trailers-cargo-tipper2-kallurhaagis-360x200m\/","title":{"rendered":"Brian James Trailers Cargo Tipper2 kallurhaagis 3,60&#215;2,00m"},"content":{"rendered":"<p data-start=\"79\" data-end=\"524\">CarGO Tipper2 on mitmeku\u0308lgne haagis, mis suudab transportida raskeid materjale, suuri masinaid vo\u0303i isegi madala kliirensiga niidukeid, lisaks sadadele teistele rakendustele. CarGO Tipper2 jagab teiste Brian Jamesi haagiste po\u0303hitugevusi ja sobib u\u0308hteviisi kasutamiseks nii maanteedel, ko\u0303rval- kui kruusateedel. Selle sarja tooteid ka\u0308itatakse elektriliselt ning kaugjuhtimispult on standardne. Kasti alla lastes kostub helisignaal mis muudab haagisega to\u0308o\u0308tamise turvalisemaks.<\/p>\n<p>Seeria ho\u0303lmab valikvarustust, mis laseb teil haagise konfigureerida ka\u0308siloleva to\u0308o\u0308 tarvis. CarGO Tipperi2 haagise talitluse igale u\u0308ksikasjale on ma\u0308rkimisva\u0308a\u0308rset ta\u0308helepanu po\u0308o\u0308ratud, mille tulemusena tunnustatakse selle konstruktsiooni<br \/>\nkui u\u0308ht parimatest Euroopas.<\/p>\n<p>Haagise varustus:<br \/>\nHaagis \u2013 sisemo\u0303o\u0303tudega 3700x2000mm koos portedega ja ported eemaldades platvormi mo\u0303o\u0303tmed 3700x2110mm<br \/>\nLihtsasti ka\u0308sitletav portering ko\u0303rgusega 30cm alla klappides keerab kenasti platvormi alla, vo\u0303imaldades va\u0308ltida vigastusi to\u0303stukiga ku\u0308ljel laadimisel. \u2013 ko\u0303ik ported eemaldatavad, tagaluuk u\u0308lemiste ja alumiste hingedega vo\u0303i taga 270 kraadi avatavad uksed mida saab ku\u0308lgedele lukustada\/fikseerida kallutamise hetkeks.<br \/>\nVaruratas mis on turvaliselt platvormi all<br \/>\nTiisli tugijalg<br \/>\nto\u0308o\u0308riistakast rihmadele, kastis lisaks pult kallutamiseks, aku indikaator ja aku laadmisipesa koos laadijaga ja ko\u0303ik see kenasti ilmastiku eest kaitstuna<br \/>\n12V elktrohu\u0308drauliline pump, pardal oleva aku laadimine so\u0303idu ajal.<br \/>\nHaagise ilmastikukindel 18mm po\u0303rand kaetud 2mm metall-lehega<br \/>\n8 po\u0303randaga tasapinnas olevat koormakinnitusaasad, va\u0308ilimised kinnitusaasad mo\u0303lemal ku\u0308ljel 10<br \/>\nValatud veopea koos integreeritud veopealukuga<br \/>\nKasti kallutusega kostuv ja ma\u0308rku andev signaal. LED eesmised tuled 12-24V<br \/>\nUued selgelt na\u0308htavad kaasaegsed du\u0308naamilised LED tagumised tuled<br \/>\nLisavarustus:<br \/>\nElektriline vints, lisaported 30cm, HD vo\u0303i tava ko\u0303rgendustering 0,74m, pealeso\u0303iduteed 2,35m vo\u0303i 1,8m, tagumised laadimistoed, redeliraam ko\u0303rgenduste peale, valuveljed, tent jne.<\/p>","protected":false},"excerpt":{"rendered":"<p>UUS! Kahe t\u00f5stesilindriga Brian James Trailers taha kallurhaagis Cargo Tipper2, haagis sisemo\u0303o\u0303tudega 3,6&#215;2,00m, t\u00e4ismassiga 3500kg, taga \u00fclemiste ja alumiste hingedega raami k\u00fclge fikseeritav tagaluuk, ported 30cm ja laadimise ajaks p\u00f5randa alla keeratavad ported, elektriline kallutus, parda aku indikaator, laadimine s\u00f5idu ajal kui ka eraldi laadijaga, varuratas, integreeritud veopealukk, t\u00f6\u00f6riistakast<\/p>","protected":false},"featured_media":5781,"comment_status":"closed","ping_status":"closed","template":"","meta":[],"product_brand":[247],"product_cat":[221,218],"product_tag":[364,380,365,366,363],"class_list":{"0":"post-5666","1":"product","2":"type-product","3":"status-publish","4":"has-post-thumbnail","6":"product_brand-brian-james-trailers","7":"product_cat-haagised","8":"product_cat-kallurhaagised","9":"product_tag-bjt-kallur","10":"product_tag-brian-james-trailers","11":"product_tag-brian-james-trailers-kallur","12":"product_tag-cargo-tipper2","13":"product_tag-kallurhaagis","15":"first","16":"instock","17":"taxable","18":"shipping-taxable","19":"purchasable","20":"product-type-simple"},"jetpack_sharing_enabled":true,"_links":{"self":[{"href":"https:\/\/haagisemaailm.ee\/en\/wp-json\/wp\/v2\/product\/5666","targetHints":{"allow":["GET"]}}],"collection":[{"href":"https:\/\/haagisemaailm.ee\/en\/wp-json\/wp\/v2\/product"}],"about":[{"href":"https:\/\/haagisemaailm.ee\/en\/wp-json\/wp\/v2\/types\/product"}],"replies":[{"embeddable":true,"href":"https:\/\/haagisemaailm.ee\/en\/wp-json\/wp\/v2\/comments?post=5666"}],"wp:featuredmedia":[{"embeddable":true,"href":"https:\/\/haagisemaailm.ee\/en\/wp-json\/wp\/v2\/media\/5781"}],"wp:attachment":[{"href":"https:\/\/haagisemaailm.ee\/en\/wp-json\/wp\/v2\/media?parent=5666"}],"wp:term":[{"taxonomy":"product_brand","embeddable":true,"href":"https:\/\/haagisemaailm.ee\/en\/wp-json\/wp\/v2\/product_brand?post=5666"},{"taxonomy":"product_cat","embeddable":true,"href":"https:\/\/haagisemaailm.ee\/en\/wp-json\/wp\/v2\/product_cat?post=5666"},{"taxonomy":"product_tag","embeddable":true,"href":"https:\/\/haagisemaailm.ee\/en\/wp-json\/wp\/v2\/product_tag?post=5666"}],"curies":[{"name":"wp","href":"https:\/\/api.w.org\/{rel}","templated":true}]}}