{"id":5694,"date":"2025-08-26T00:05:45","date_gmt":"2025-08-25T21:05:45","guid":{"rendered":"https:\/\/haagisemaailm.ee\/?post_type=product&#038;p=5694"},"modified":"2026-04-02T14:53:51","modified_gmt":"2026-04-02T11:53:51","slug":"brian-james-trailers-cargo-general-plant-360x180m","status":"publish","type":"product","link":"https:\/\/haagisemaailm.ee\/en\/product\/brian-james-trailers-cargo-general-plant-360x180m\/","title":{"rendered":"Brian James Trailers Cargo General Plant 3,60&#215;1,80m"},"content":{"rendered":"","protected":false},"excerpt":{"rendered":"<p>UUS! kolme sillaga masinahaagis tootjalt Brian James Trailers. Haagis sisemo\u0303o\u0303tudega 3,6&#215;1,80m, t\u00e4ismassiga 3500kg, taga kokku-lahku kiirelt seadistatavad \u00fcksikrambid koos laadimistugedega, poordi k\u00f5rgus 30cm, v\u00f5imalik lisada manuaalne kallutus ja t\u00f6\u00f6riistakast, hinnas on varuratas, integreeritud veopealukk<\/p>","protected":false},"featured_media":5696,"comment_status":"closed","ping_status":"closed","template":"","meta":[],"product_brand":[247],"product_cat":[221,217],"product_tag":[380,302,301,384,304],"class_list":{"0":"post-5694","1":"product","2":"type-product","3":"status-publish","4":"has-post-thumbnail","6":"product_brand-brian-james-trailers","7":"product_cat-haagised","8":"product_cat-masinahaagised","9":"product_tag-brian-james-trailers","10":"product_tag-kopa-haagis","11":"product_tag-kopahaagis","12":"product_tag-masinahaagis","13":"product_tag-rasketehnika-haagis","15":"first","16":"instock","17":"taxable","18":"shipping-taxable","19":"purchasable","20":"product-type-simple"},"jetpack_sharing_enabled":true,"_links":{"self":[{"href":"https:\/\/haagisemaailm.ee\/en\/wp-json\/wp\/v2\/product\/5694","targetHints":{"allow":["GET"]}}],"collection":[{"href":"https:\/\/haagisemaailm.ee\/en\/wp-json\/wp\/v2\/product"}],"about":[{"href":"https:\/\/haagisemaailm.ee\/en\/wp-json\/wp\/v2\/types\/product"}],"replies":[{"embeddable":true,"href":"https:\/\/haagisemaailm.ee\/en\/wp-json\/wp\/v2\/comments?post=5694"}],"wp:featuredmedia":[{"embeddable":true,"href":"https:\/\/haagisemaailm.ee\/en\/wp-json\/wp\/v2\/media\/5696"}],"wp:attachment":[{"href":"https:\/\/haagisemaailm.ee\/en\/wp-json\/wp\/v2\/media?parent=5694"}],"wp:term":[{"taxonomy":"product_brand","embeddable":true,"href":"https:\/\/haagisemaailm.ee\/en\/wp-json\/wp\/v2\/product_brand?post=5694"},{"taxonomy":"product_cat","embeddable":true,"href":"https:\/\/haagisemaailm.ee\/en\/wp-json\/wp\/v2\/product_cat?post=5694"},{"taxonomy":"product_tag","embeddable":true,"href":"https:\/\/haagisemaailm.ee\/en\/wp-json\/wp\/v2\/product_tag?post=5694"}],"curies":[{"name":"wp","href":"https:\/\/api.w.org\/{rel}","templated":true}]}}