{"id":5805,"date":"2025-10-06T13:17:18","date_gmt":"2025-10-06T10:17:18","guid":{"rendered":"https:\/\/haagisemaailm.ee\/?post_type=product&#038;p=5805"},"modified":"2026-04-02T15:01:19","modified_gmt":"2026-04-02T12:01:19","slug":"cheval-liberte-debon-c400-pullman2-313x164m","status":"publish","type":"product","link":"https:\/\/haagisemaailm.ee\/en\/product\/cheval-liberte-debon-c400-pullman2-313x164m\/","title":{"rendered":"Cheval Liberte Debon C400 PULLMAN2 &#8211; 3,13&#215;1,64m"},"content":{"rendered":"<p>Tule tutvu UUE Cheval Liberte Debon C400 Roadster furgoonhaagisega, \u00fcheteljeline ja piduritega, millel on Pullman 2 vedrustus turvaliseks ja mugavaks s\u00f5iduks. Debon C400 on saadaval t\u00e4ismassiga 750\u20131300kg. Seekord haagis 1300kg t\u00e4ismassiga ja piduritega ning sobib suurep\u00e4raselt nii l\u00fchikeste kui ka pikkade vahemaade l\u00e4bimiseks.<br \/>\nRoadster Box Trailer C400 on loodud t\u00e4itma k\u00f5iki teie transpordivajadusi. Haagis pakub suurep\u00e4rast panipaika kui ka mahukat kaubaruumi erinevate kaupade vedamiseks. Olgu see \u00e4ri- v\u00f5i vaba aja veetmise jaoks on see haagis ideaalne transpordivahend materjalide, varustuse, ATV, mootorrataste, kaupade v\u00f5i isegi matkavarustuse transportimiseks.<br \/>\nSuurep\u00e4rase konstruktsiooni, aurod\u00fcnaamiline esiosa ja peene viimistlusega Roadster Box haagis C400 on vastupidav ning peab vastu ka k\u00f5ige raskematele teeoludele. Samuti on see varustatud ohutuse suurendamiseks trummelpiduritega ja parema stabiilsuse tagamiseks tugevdatud teljega.<br \/>\nPULLMAN 2 vedrustus v\u00f5imaldab Teil kogeda autovedrustusega sarnast s\u00f5idumugavust ja turvalisust. PULLMAN 2 vedrustus v\u00f5imaldab haagise raskuskeskme v\u00f5imalikult tee l\u00e4hedale tuua ja on ca 30cm p\u00f5randa k\u00f5rguseks maapinnast.<br \/>\nHaagis on v\u00f5imalik t\u00e4ielikult lukustada!<br \/>\nHaagise hind sisaldab:<br \/>\n\u00dche teljega piduritega 1300kg C400 Debon haagis<br \/>\nPullman 2 vedrustus (madal \u0161assii ja tsingitud vedrustuss\u00fcsteem)<br \/>\nTsingitud terasest \u0161assii koos alumiiniumist profiiliga raami konstruktsioon<br \/>\nAerod\u00fcnaamiline katus ja esiosa \u00fcks t\u00e4isklaaskiudosa<br \/>\nAlumiiniumist k\u00fclgseinad ja p\u00f5rand<br \/>\nP\u00f5rutuskindlad ABS porilauad<br \/>\nAutomaatne tiisli tugiratas koos man\u00f6\u00f6verdus k\u00e4epidemega<br \/>\nAlumiiniumist kahesuunaline tagumine uks\/kaldtee<br \/>\nKaitstud tuled<br \/>\n2 tagumist laadimistuge kauba, mootorrataste, ATV ja madal kliirensiga masinate laadimiseks<br \/>\nKoorma kinnitamiseks 6 kinnitus aasa<br \/>\nSisevalgusti pimedal ajal toimetamiseks<br \/>\nRatta amortisaatorid turvaliseks s\u00f5iduks<br \/>\nK\u00fclgmine lukustatav uks<br \/>\nLisa pidurdustuli tagaluugil<\/p>\n<p>NB! Rohkem infot tootja lehelt &#8211; <a href=\"https:\/\/www.debon-trailers.com\/box-trailers\">https:\/\/www.debon-trailers.com\/box-trailers<\/a><br \/>\nVajad mugavat ja j\u00e4rgmise generatsiooni furgoonhaagist ning vedrustuse uut taset, siis tule veendu haagise ja v\u00f5imalustega T\u00fcri tn 5 Tallinn.<\/p>","protected":false},"excerpt":{"rendered":"<p>Tule tutvu UUE Cheval Liberte Debon C400 Roadster furgoonhaagisega, \u00fcheteljeline ja piduritega, millel on Pullman 2 vedrustus turvaliseks ja mugavaks s\u00f5iduks. Debon C400 on saadaval t\u00e4ismassiga 750\u20131300kg. Seekord haagis 1300kg t\u00e4ismassiga ja piduritega ning sobib suurep\u00e4raselt nii l\u00fchikeste kui ka pikkade vahemaade l\u00e4bimiseks.<br \/>\nRoadster Box Trailer C400 on loodud t\u00e4itma k\u00f5iki teie transpordivajadusi. Haagis pakub suurep\u00e4rast panipaika kui ka mahukat kaubaruumi erinevate kaupade vedamiseks.<\/p>","protected":false},"featured_media":5931,"comment_status":"closed","ping_status":"closed","template":"","meta":[],"product_brand":[246],"product_cat":[220,221],"product_tag":[412,312,414,413,415,417,416],"class_list":{"0":"post-5805","1":"product","2":"type-product","3":"status-publish","4":"has-post-thumbnail","6":"product_brand-cheval-liberte","7":"product_cat-furgoonhaagised","8":"product_cat-haagised","9":"product_tag-c400-roadster","10":"product_tag-cheval-liberte","11":"product_tag-debon","12":"product_tag-debon-c400","13":"product_tag-debon-furgoonhaagis","14":"product_tag-furgoon","15":"product_tag-furgoonhaagis","17":"first","18":"onbackorder","19":"sale","20":"taxable","21":"shipping-taxable","22":"purchasable","23":"product-type-simple"},"jetpack_sharing_enabled":true,"_links":{"self":[{"href":"https:\/\/haagisemaailm.ee\/en\/wp-json\/wp\/v2\/product\/5805","targetHints":{"allow":["GET"]}}],"collection":[{"href":"https:\/\/haagisemaailm.ee\/en\/wp-json\/wp\/v2\/product"}],"about":[{"href":"https:\/\/haagisemaailm.ee\/en\/wp-json\/wp\/v2\/types\/product"}],"replies":[{"embeddable":true,"href":"https:\/\/haagisemaailm.ee\/en\/wp-json\/wp\/v2\/comments?post=5805"}],"wp:featuredmedia":[{"embeddable":true,"href":"https:\/\/haagisemaailm.ee\/en\/wp-json\/wp\/v2\/media\/5931"}],"wp:attachment":[{"href":"https:\/\/haagisemaailm.ee\/en\/wp-json\/wp\/v2\/media?parent=5805"}],"wp:term":[{"taxonomy":"product_brand","embeddable":true,"href":"https:\/\/haagisemaailm.ee\/en\/wp-json\/wp\/v2\/product_brand?post=5805"},{"taxonomy":"product_cat","embeddable":true,"href":"https:\/\/haagisemaailm.ee\/en\/wp-json\/wp\/v2\/product_cat?post=5805"},{"taxonomy":"product_tag","embeddable":true,"href":"https:\/\/haagisemaailm.ee\/en\/wp-json\/wp\/v2\/product_tag?post=5805"}],"curies":[{"name":"wp","href":"https:\/\/api.w.org\/{rel}","templated":true}]}}