{"id":5815,"date":"2025-10-06T13:56:51","date_gmt":"2025-10-06T10:56:51","guid":{"rendered":"https:\/\/haagisemaailm.ee\/?post_type=product&#038;p=5815"},"modified":"2026-04-02T15:00:28","modified_gmt":"2026-04-02T12:00:28","slug":"cheval-liberte-debon-cargo-1300-pullman2-300x152m","status":"publish","type":"product","link":"https:\/\/haagisemaailm.ee\/en\/product\/cheval-liberte-debon-cargo-1300-pullman2-300x152m\/","title":{"rendered":"Cheval Liberte Debon Cargo 1300 PULLMAN2 &#8211; 3,00&#215;1,52m"},"content":{"rendered":"<p>Debon Trailers Cargo 1300 tagumist ust iseloomustab uuenduslik topelt avanemiss\u00fcsteem. Kasutage seda tekire\u017eiimis jalgrataste, neljarattaliste v\u00f5i muude v\u00e4ikeste s\u00f5idukite h\u00f5lpsaks laadimiseks v\u00f5i uksere\u017eiimis, et oma kaupadele kiiresti ja mugavalt juurde p\u00e4\u00e4seda.<br \/>\nTeie kauba ohutuse tagamiseks transpordi ajal on haagis varustatud 4 sisemise koormarihma aasaga. Need v\u00f5imaldavad teil oma varustust t\u00f5husalt kinnitada ja v\u00e4ltida soovimatut liikumist reisi ajal.<br \/>\nHaagise hind sisaldab:<br \/>\n\u00dche teljega kuumtsingitud keevisraamil piduritega 750kg Cargo 1300 Debon haagist (unikaalse kampaania raames valuveljed ja tagurduskaamera mobiili appi kaudu)<br \/>\nPullman 2 vedrustus (madal \u0161assii ja tsingitud vedrustuss\u00fcsteem)<br \/>\nTsingitud terasest \u0161assii koos alumiiniumist profiiliga raami konstruktsioon<br \/>\nKoguk\u00f5rgus 2,02m (mahub enamus garaa\u017eidesse)<br \/>\nAerod\u00fcnaamiline katus, k\u00fcljed ja esiosa \u00fcks t\u00e4isklaaskiudosa<br \/>\n15mm mittelibisev ja ilmastikukindel vineer<br \/>\nP\u00f5rutuskindlad ABS porilauad<br \/>\nAutomaatne tiisli tugiratas koos man\u00f6\u00f6verdus k\u00e4epidemega<br \/>\nAlumiiniumist kahes suunas avanev tagumine uks\/kaldtee<br \/>\nKaitstud tuled<br \/>\n2 tagumist laadimistuge kauba, mootorrataste, ATV ja madal kliirensiga masinate laadimiseks<br \/>\nKoorma kinnitamiseks 4 kinnitus aasa<br \/>\nSisevalgusti pimedal ajal toimetamiseks<br \/>\nRatta amortisaatorid turvaliseks s\u00f5iduks<br \/>\nLisavarustus:<br \/>\nK\u00fclgmine lukustatav uks<br \/>\nLisa pidurdustuli tagaluugil<br \/>\nMootorratta rakis<br \/>\nvaruratas<br \/>\nLED tagatuled<\/p>\n<p>NB! Rohkem infot tootja lehelt \u2013 <a href=\"https:\/\/www.debon-trailers.com\/box-trailers\">https:\/\/www.debon-trailers.com\/box-trailers<\/a><br \/>\nVajad mugavat ja j\u00e4rgmise generatsiooni furgoonhaagist ning vedrustuse uut taset, siis tule veendu haagise ja v\u00f5imalustega T\u00fcri tn 5 Tallinn.<\/p>","protected":false},"excerpt":{"rendered":"<p>Tulge avastage Cheval Liberte Debon Cargo 1300 haagis, mis on loodud vastama k\u00f5igile teie transpordivajadustele stiilselt ja t\u00f5husalt. Esitleme seda mitmek\u00fclgset haagist, mis \u00fchendab j\u00f5udluse, disaini ja ohutuse.<br \/>\nDebon Cargo 1300 kere on valmistatud tugevdatud pol\u00fcestrist, mis tagab erakordse tugevuse ja vastupidavuse. Selle eksklusiivne aerod\u00fcnaamiline disain tagab parema \u00f5hu l\u00e4bitungimise, v\u00e4hendab k\u00fctusekulu ja parandab teie s\u00f5iduki juhitavust.<br \/>\nV\u00f5rratu s\u00f5idumugavuse tagamiseks on haagis varustatud unikaalse Pullman 2 vedrustusega, mis pakub optimaalset stabiilsust ja suurep\u00e4rast amortisatsiooni isegi k\u00f5ige n\u00f5udlikumal maastikul. Pullmann 2 vedrustus sarnaneb paljuski auto vedrustusele: madal raskuskese, keerdvedru, amortisaator ja \u00f5\u00f5tsadega.<\/p>","protected":false},"featured_media":5816,"comment_status":"closed","ping_status":"closed","template":"","meta":[],"product_brand":[246],"product_cat":[220,221],"product_tag":[312,414,418,415,417,416],"class_list":{"0":"post-5815","1":"product","2":"type-product","3":"status-publish","4":"has-post-thumbnail","6":"product_brand-cheval-liberte","7":"product_cat-furgoonhaagised","8":"product_cat-haagised","9":"product_tag-cheval-liberte","10":"product_tag-debon","11":"product_tag-debon-cargo-1300","12":"product_tag-debon-furgoonhaagis","13":"product_tag-furgoon","14":"product_tag-furgoonhaagis","16":"first","17":"instock","18":"sale","19":"taxable","20":"shipping-taxable","21":"purchasable","22":"product-type-simple"},"jetpack_sharing_enabled":true,"_links":{"self":[{"href":"https:\/\/haagisemaailm.ee\/en\/wp-json\/wp\/v2\/product\/5815","targetHints":{"allow":["GET"]}}],"collection":[{"href":"https:\/\/haagisemaailm.ee\/en\/wp-json\/wp\/v2\/product"}],"about":[{"href":"https:\/\/haagisemaailm.ee\/en\/wp-json\/wp\/v2\/types\/product"}],"replies":[{"embeddable":true,"href":"https:\/\/haagisemaailm.ee\/en\/wp-json\/wp\/v2\/comments?post=5815"}],"wp:featuredmedia":[{"embeddable":true,"href":"https:\/\/haagisemaailm.ee\/en\/wp-json\/wp\/v2\/media\/5816"}],"wp:attachment":[{"href":"https:\/\/haagisemaailm.ee\/en\/wp-json\/wp\/v2\/media?parent=5815"}],"wp:term":[{"taxonomy":"product_brand","embeddable":true,"href":"https:\/\/haagisemaailm.ee\/en\/wp-json\/wp\/v2\/product_brand?post=5815"},{"taxonomy":"product_cat","embeddable":true,"href":"https:\/\/haagisemaailm.ee\/en\/wp-json\/wp\/v2\/product_cat?post=5815"},{"taxonomy":"product_tag","embeddable":true,"href":"https:\/\/haagisemaailm.ee\/en\/wp-json\/wp\/v2\/product_tag?post=5815"}],"curies":[{"name":"wp","href":"https:\/\/api.w.org\/{rel}","templated":true}]}}