{"id":5838,"date":"2025-10-25T15:17:29","date_gmt":"2025-10-25T12:17:29","guid":{"rendered":"https:\/\/haagisemaailm.ee\/?post_type=product&#038;p=5838"},"modified":"2026-04-02T14:51:07","modified_gmt":"2026-04-02T11:51:07","slug":"al-ko-originaal-kapsel-rummule-555mm","status":"publish","type":"product","link":"https:\/\/haagisemaailm.ee\/en\/product\/al-ko-originaal-kapsel-rummule-555mm\/","title":{"rendered":"AL-KO originaal kapsel rummule 55,5mm"},"content":{"rendered":"<h3 data-start=\"161\" data-end=\"204\"><strong data-start=\"165\" data-end=\"204\">AL-KO Originaal Rummukapsel 55,5 mm<\/strong><\/h3>\n<p data-start=\"206\" data-end=\"438\"><strong data-start=\"206\" data-end=\"220\">Kirjeldus:<\/strong><br data-start=\"220\" data-end=\"223\" \/>Originaalne <strong data-start=\"235\" data-end=\"256\">AL-KO rummukapsel<\/strong> (tolmukaitse) l\u00e4bim\u00f5\u00f5duga <strong data-start=\"283\" data-end=\"294\">55,5 mm<\/strong>, mis on m\u00f5eldud AL-KO haagise rummudele. Kapsel kaitseb laagreid tolmu, niiskuse ja mustuse eest, tagades laagrite pika t\u00f6\u00f6ea ja ohutu s\u00f5idu.<\/p>\n<p data-start=\"440\" data-end=\"464\"><strong data-start=\"440\" data-end=\"462\">Tehnilised andmed:<\/strong><\/p>\n<ul data-start=\"465\" data-end=\"715\">\n<li data-start=\"465\" data-end=\"505\">\n<p data-start=\"467\" data-end=\"505\"><strong data-start=\"467\" data-end=\"478\">Tootja:<\/strong> AL-KO (originaalvaruosa)<\/p>\n<\/li>\n<li data-start=\"506\" data-end=\"531\">\n<p data-start=\"508\" data-end=\"531\"><strong data-start=\"508\" data-end=\"521\">L\u00e4bim\u00f5\u00f5t:<\/strong> 55,5 mm<\/p>\n<\/li>\n<li data-start=\"532\" data-end=\"565\">\n<p data-start=\"534\" data-end=\"565\"><strong data-start=\"534\" data-end=\"547\">Materjal:<\/strong> Tsingitud teras<\/p>\n<\/li>\n<li data-start=\"566\" data-end=\"632\">\n<p data-start=\"568\" data-end=\"632\"><strong data-start=\"568\" data-end=\"583\">Funktsioon:<\/strong> Kaitseb rattalaagreid mustuse ja niiskuse eest<\/p>\n<\/li>\n<li data-start=\"633\" data-end=\"715\">\n<p data-start=\"635\" data-end=\"715\"><strong data-start=\"635\" data-end=\"649\">Paigaldus:<\/strong> Sobib AL-KO rummudele m\u00f5\u00f5duga 55,5 mm (vajutatakse rummu sisse spetsiaalse AL-KO t\u00f6\u00f6riistaga)<\/p>\n<\/li>\n<\/ul>\n<p data-start=\"717\" data-end=\"732\"><strong data-start=\"717\" data-end=\"730\">Omadused:<\/strong><\/p>\n<ul data-start=\"733\" data-end=\"891\">\n<li data-start=\"733\" data-end=\"770\">\n<p data-start=\"735\" data-end=\"770\">T\u00e4pne sobivus ja lihtne paigaldus<\/p>\n<\/li>\n<li data-start=\"771\" data-end=\"808\">\n<p data-start=\"773\" data-end=\"808\">Korrosioonikindel pinnaviimistlus<\/p>\n<\/li>\n<li data-start=\"809\" data-end=\"862\">\n<p data-start=\"811\" data-end=\"862\">Originaaltoode \u2013 tagab tiheda ja kindla tihenduse<\/p>\n<\/li>\n<li data-start=\"863\" data-end=\"891\">\n<p data-start=\"865\" data-end=\"891\">Pikendab laagrite eluiga<\/p>\n<\/li>\n<\/ul>\n<p data-start=\"893\" data-end=\"1006\"><strong data-start=\"893\" data-end=\"913\">Kasutusvaldkond:<\/strong><br data-start=\"913\" data-end=\"916\" \/>Sobib AL-KO haagistele, piduriga ja pidurita sildadele, mille rummu l\u00e4bim\u00f5\u00f5t on 55,5 mm.<\/p>","protected":false},"excerpt":{"rendered":"<p>Originaalne <strong data-start=\"76\" data-end=\"105\">AL-KO rummukapsel 55,5 mm<\/strong>, mis kaitseb laagreid tolmu ja niiskuse eest. Tugev tsingitud teras tagab pika t\u00f6\u00f6ea ja t\u00e4pse sobivuse AL-KO rummudele.<\/p>","protected":false},"featured_media":5840,"comment_status":"closed","ping_status":"closed","template":"","meta":[],"product_brand":[249],"product_cat":[209,230,200],"product_tag":[292,428,429,427,426],"class_list":{"0":"post-5838","1":"product","2":"type-product","3":"status-publish","4":"has-post-thumbnail","6":"product_brand-al-ko","7":"product_cat-pidurid","8":"product_cat-varuosad","9":"product_cat-veermiku-osad","10":"product_tag-al-ko","11":"product_tag-al-ko-kapsel-rummule","12":"product_tag-al-ko-rummukapsel-55mm","13":"product_tag-kapsel-rummule","14":"product_tag-rummukapsel","16":"first","17":"instock","18":"taxable","19":"shipping-taxable","20":"purchasable","21":"product-type-simple"},"jetpack_sharing_enabled":true,"_links":{"self":[{"href":"https:\/\/haagisemaailm.ee\/en\/wp-json\/wp\/v2\/product\/5838","targetHints":{"allow":["GET"]}}],"collection":[{"href":"https:\/\/haagisemaailm.ee\/en\/wp-json\/wp\/v2\/product"}],"about":[{"href":"https:\/\/haagisemaailm.ee\/en\/wp-json\/wp\/v2\/types\/product"}],"replies":[{"embeddable":true,"href":"https:\/\/haagisemaailm.ee\/en\/wp-json\/wp\/v2\/comments?post=5838"}],"wp:featuredmedia":[{"embeddable":true,"href":"https:\/\/haagisemaailm.ee\/en\/wp-json\/wp\/v2\/media\/5840"}],"wp:attachment":[{"href":"https:\/\/haagisemaailm.ee\/en\/wp-json\/wp\/v2\/media?parent=5838"}],"wp:term":[{"taxonomy":"product_brand","embeddable":true,"href":"https:\/\/haagisemaailm.ee\/en\/wp-json\/wp\/v2\/product_brand?post=5838"},{"taxonomy":"product_cat","embeddable":true,"href":"https:\/\/haagisemaailm.ee\/en\/wp-json\/wp\/v2\/product_cat?post=5838"},{"taxonomy":"product_tag","embeddable":true,"href":"https:\/\/haagisemaailm.ee\/en\/wp-json\/wp\/v2\/product_tag?post=5838"}],"curies":[{"name":"wp","href":"https:\/\/api.w.org\/{rel}","templated":true}]}}