{"id":5867,"date":"2025-10-29T15:01:01","date_gmt":"2025-10-29T13:01:01","guid":{"rendered":"https:\/\/haagisemaailm.ee\/?post_type=product&#038;p=5867"},"modified":"2026-04-02T14:50:08","modified_gmt":"2026-04-02T11:50:08","slug":"cheval-liberte-touring-country-xl-olive-green","status":"publish","type":"product","link":"https:\/\/haagisemaailm.ee\/en\/product\/cheval-liberte-touring-country-xl-olive-green\/","title":{"rendered":"Cheval Liberte Touring Country XL Olive Green"},"content":{"rendered":"<p data-start=\"79\" data-end=\"524\">Touring COUNTRY seeria mudelid on varustatud <strong data-start=\"323\" data-end=\"373\">laiema ja madalama eesmise mahalaadimisrambiga<\/strong>, mis teeb hobuste mahalaadimise m\u00e4rksa lihtsamaks \u2013 eriti neile, kellele tagant v\u00e4ljumine valmistab raskusi. <strong data-start=\"483\" data-end=\"545\">Vastupidavatest alumiiniumpaneelidest k\u00fclgseinad ja p\u00f5rand<\/strong> tagavad haagise kerge kaalu, suure tugevuse ning pika kasutusea, pakkudes samal ajal mugavust ja turvalisust nii hobustele kui ka kasutajale.<\/p>\n<p data-start=\"79\" data-end=\"524\">Haagise omadused:<br \/>\nPullmann 2 vedrustus mis tagab eelk\u00f5ige \u00fclimugava s\u00f5idu ja ka madala laadimise<br \/>\nTugevdatud fiiberklaasist katus ja haagise esiosa<br \/>\nAlumiiniumprofiilist k\u00fcljeseinad paksusega 18mm<br \/>\nSuur eesmine uks<br \/>\nAlumiiniumprofiiliga p\u00f5rand mis kaetud 8mm kummimatiga<br \/>\nAlumiiniumist kahes suunas avanev tagumine uks\/laadimisluuk koos automaatse rullikuga \u00fcleval<br \/>\nSuur eesmise mahalaadimisluugi kohal \u00fclesse avanev aken\/luuk<br \/>\nMuudetava asetusega eraldus vahesein<br \/>\nPehmendused k\u00fcljeseintel ja l\u00f6\u00f6gikaitsed<br \/>\nAutomaatselt \u00fcleskeriv tiisli tugijalg koos k\u00e4epidemega<br \/>\nL\u00fckandaknad ees m\u00f5lemal pool<\/p>","protected":false},"excerpt":{"rendered":"<p>Cheval Libert\u00e9 Touring COUNTRY XL seeria tippklassi hobuhaagised on loodud kahe hobuse mugavaks ja turvaliseks transportimiseks. T\u00e4nu uuenduslikule <strong data-start=\"356\" data-end=\"375\">KNOTT PULMANN 2<\/strong> vedrustusele pakuvad need haagised erakordselt sujuvat ja stabiilset s\u00f5idukogemust \u2013 ilma ebameeldiva raputuse v\u00f5i vibratsioonita. See tagab nii hobustele kui ka juhile rahuliku ja turvalise reisi igal teekonnal.<\/p>","protected":false},"featured_media":5868,"comment_status":"closed","ping_status":"closed","template":"","meta":[],"product_brand":[246],"product_cat":[221,255],"product_tag":[311,312,448,310,506,505,445,446,447],"class_list":{"0":"post-5867","1":"product","2":"type-product","3":"status-publish","4":"has-post-thumbnail","6":"product_brand-cheval-liberte","7":"product_cat-haagised","8":"product_cat-hobuveohaagised","9":"product_tag-cheval-hobuhaagis","10":"product_tag-cheval-liberte","11":"product_tag-cheval-liberte-touring-country-xl","12":"product_tag-hobuhaagis","13":"product_tag-hobuse-haagis","14":"product_tag-hobusetreiler","15":"product_tag-pullman","16":"product_tag-pullman-v2-vedrustus","17":"product_tag-pullman-vedrustus","19":"first","20":"instock","21":"sale","22":"taxable","23":"shipping-taxable","24":"purchasable","25":"product-type-simple"},"jetpack_sharing_enabled":true,"_links":{"self":[{"href":"https:\/\/haagisemaailm.ee\/en\/wp-json\/wp\/v2\/product\/5867","targetHints":{"allow":["GET"]}}],"collection":[{"href":"https:\/\/haagisemaailm.ee\/en\/wp-json\/wp\/v2\/product"}],"about":[{"href":"https:\/\/haagisemaailm.ee\/en\/wp-json\/wp\/v2\/types\/product"}],"replies":[{"embeddable":true,"href":"https:\/\/haagisemaailm.ee\/en\/wp-json\/wp\/v2\/comments?post=5867"}],"wp:featuredmedia":[{"embeddable":true,"href":"https:\/\/haagisemaailm.ee\/en\/wp-json\/wp\/v2\/media\/5868"}],"wp:attachment":[{"href":"https:\/\/haagisemaailm.ee\/en\/wp-json\/wp\/v2\/media?parent=5867"}],"wp:term":[{"taxonomy":"product_brand","embeddable":true,"href":"https:\/\/haagisemaailm.ee\/en\/wp-json\/wp\/v2\/product_brand?post=5867"},{"taxonomy":"product_cat","embeddable":true,"href":"https:\/\/haagisemaailm.ee\/en\/wp-json\/wp\/v2\/product_cat?post=5867"},{"taxonomy":"product_tag","embeddable":true,"href":"https:\/\/haagisemaailm.ee\/en\/wp-json\/wp\/v2\/product_tag?post=5867"}],"curies":[{"name":"wp","href":"https:\/\/api.w.org\/{rel}","templated":true}]}}