{"id":5893,"date":"2025-11-08T16:34:34","date_gmt":"2025-11-08T14:34:34","guid":{"rendered":"https:\/\/haagisemaailm.ee\/?post_type=product&#038;p=5893"},"modified":"2026-04-02T14:50:03","modified_gmt":"2026-04-02T11:50:03","slug":"al-ko-originaal-piduritross-770-966-profi-long-life","status":"publish","type":"product","link":"https:\/\/haagisemaailm.ee\/en\/product\/al-ko-originaal-piduritross-770-966-profi-long-life\/","title":{"rendered":"AL-KO originaal piduritross 770\/ 966 Profi LONG LIFE"},"content":{"rendered":"<p data-start=\"87\" data-end=\"408\"><strong data-start=\"384\" data-end=\"406\">Tehnilised andmed:<\/strong><\/p>\n<ul data-start=\"409\" data-end=\"1447\">\n<li data-start=\"409\" data-end=\"481\">\n<p data-start=\"411\" data-end=\"481\">V\u00e4liskesta pikkus: <strong data-start=\"430\" data-end=\"440\">770 mm<\/strong>.<\/p>\n<\/li>\n<li data-start=\"482\" data-end=\"559\">\n<p data-start=\"484\" data-end=\"559\">Sisemise kaabli pikkus: <strong data-start=\"508\" data-end=\"518\">946 mm<\/strong>.<\/p>\n<\/li>\n<li data-start=\"560\" data-end=\"679\">\n<p data-start=\"562\" data-end=\"679\">Korpuse (\u201cbell\u201d) v\u00e4lisl\u00e4bim\u00f5\u00f5t: <strong data-start=\"594\" data-end=\"605\">\u00d8 26 mm<\/strong>; sisel\u00e4bim\u00f5\u00f5t umbes \u00d8 23\u201323,5 mm.<\/p>\n<\/li>\n<li data-start=\"680\" data-end=\"950\">\n<p data-start=\"682\" data-end=\"950\">Kinnituse t\u00fc\u00fcp: \u201cmushroom\/push-nipple\u201d t\u00fc\u00fcpi ots (ei ole keermestatud otsaga). <br data-start=\"797\" data-end=\"800\" \/><strong data-start=\"800\" data-end=\"812\">Sobivus:<\/strong> Sobib piduris\u00fcsteemidele, mille ratta-pidurid on t\u00fc\u00fcpi 1636G \/ 1637 \/ 2051 \/ 2361.<br data-start=\"933\" data-end=\"936\" \/><strong data-start=\"936\" data-end=\"948\">Eelised:<\/strong><\/p>\n<\/li>\n<li data-start=\"951\" data-end=\"1006\">\n<p data-start=\"953\" data-end=\"1006\">Originaal AL-KO osa \u2013 tagab sobivuse ja kvaliteedi.<\/p>\n<\/li>\n<li data-start=\"1007\" data-end=\"1109\">\n<p data-start=\"1009\" data-end=\"1109\">\u201eQuick Installation\u201d ehk kiire paigalduslahendus: sobib kiireks vahetuseks.<\/p>\n<\/li>\n<li data-start=\"1110\" data-end=\"1447\">\n<p data-start=\"1112\" data-end=\"1447\">\u201eProfi LongLife\u201d variant \u2013 pikema t\u00f6\u00f6eaga ja usaldusv\u00e4\u00e4rsem kui odavamad alternatiivid.<br data-start=\"1199\" data-end=\"1202\" \/><strong data-start=\"1202\" data-end=\"1219\">Sobiv m\u00e4rkus:<\/strong> Kuna piduritross on turvalise pidurdust\u00f6\u00f6 jaoks kriitiline osa, soovitatakse tihti vahetada m\u00f5lemad trossid (kui on kaks) samaaegselt ning kasutada originaali.<\/p>\n<\/li>\n<\/ul>","protected":false},"excerpt":{"rendered":"<p><strong data-start=\"87\" data-end=\"102\">Toote nimi:<\/strong> AL-KO piduritross \u201eQuick Installation Profi LongLife\u201d (art nr 247283)<br data-start=\"172\" data-end=\"175\" \/><strong data-start=\"175\" data-end=\"194\">P\u00f5hifunktsioon:<\/strong> Sobib haagiselaagrite piduris\u00fcsteemidesse, tagades usaldusv\u00e4\u00e4rse ja hooldus-s\u00f5braliku \u00fchenduse peamise pidurilati\/keermelati ja rataste piduritrosside vahel.<\/p>","protected":false},"featured_media":5894,"comment_status":"closed","ping_status":"closed","template":"","meta":[],"product_brand":[249],"product_cat":[209,230],"product_tag":[292,454,453,455],"class_list":{"0":"post-5893","1":"product","2":"type-product","3":"status-publish","4":"has-post-thumbnail","6":"product_brand-al-ko","7":"product_cat-pidurid","8":"product_cat-varuosad","9":"product_tag-al-ko","10":"product_tag-al-ko-piduritross","11":"product_tag-piduritross","12":"product_tag-piduritross-al-ko","14":"first","15":"onbackorder","16":"taxable","17":"shipping-taxable","18":"purchasable","19":"product-type-simple"},"jetpack_sharing_enabled":true,"_links":{"self":[{"href":"https:\/\/haagisemaailm.ee\/en\/wp-json\/wp\/v2\/product\/5893","targetHints":{"allow":["GET"]}}],"collection":[{"href":"https:\/\/haagisemaailm.ee\/en\/wp-json\/wp\/v2\/product"}],"about":[{"href":"https:\/\/haagisemaailm.ee\/en\/wp-json\/wp\/v2\/types\/product"}],"replies":[{"embeddable":true,"href":"https:\/\/haagisemaailm.ee\/en\/wp-json\/wp\/v2\/comments?post=5893"}],"wp:featuredmedia":[{"embeddable":true,"href":"https:\/\/haagisemaailm.ee\/en\/wp-json\/wp\/v2\/media\/5894"}],"wp:attachment":[{"href":"https:\/\/haagisemaailm.ee\/en\/wp-json\/wp\/v2\/media?parent=5893"}],"wp:term":[{"taxonomy":"product_brand","embeddable":true,"href":"https:\/\/haagisemaailm.ee\/en\/wp-json\/wp\/v2\/product_brand?post=5893"},{"taxonomy":"product_cat","embeddable":true,"href":"https:\/\/haagisemaailm.ee\/en\/wp-json\/wp\/v2\/product_cat?post=5893"},{"taxonomy":"product_tag","embeddable":true,"href":"https:\/\/haagisemaailm.ee\/en\/wp-json\/wp\/v2\/product_tag?post=5893"}],"curies":[{"name":"wp","href":"https:\/\/api.w.org\/{rel}","templated":true}]}}