{"id":5963,"date":"2025-11-12T16:03:05","date_gmt":"2025-11-12T14:03:05","guid":{"rendered":"https:\/\/haagisemaailm.ee\/?post_type=product&#038;p=5963"},"modified":"2026-04-02T14:49:19","modified_gmt":"2026-04-02T11:49:19","slug":"al-ko-originaal-pidurite-reguleerimis-silinder-mutter","status":"publish","type":"product","link":"https:\/\/haagisemaailm.ee\/en\/product\/al-ko-originaal-pidurite-reguleerimis-silinder-mutter\/","title":{"rendered":"AL-KO originaal pidurite reguleerimis silinder \/ mutter"},"content":{"rendered":"<h3 data-start=\"1672\" data-end=\"1707\">Kuidas kasutada ja miks oluline<\/h3>\n<ul data-start=\"1708\" data-end=\"2214\">\n<li data-start=\"1708\" data-end=\"1878\">\n<p data-start=\"1710\" data-end=\"1878\">Pidurimehhanismide puhul peab olema reguleerimine t\u00e4pne \u2014 sobiv mutter+kruvi v\u00f5imaldab piduritel \u00f5igesti t\u00f6\u00f6le hakata, v\u00e4ltides liigset kulumist v\u00f5i piduripidamatust.<\/p>\n<\/li>\n<li data-start=\"1879\" data-end=\"2095\">\n<p data-start=\"1881\" data-end=\"2095\">Paigaldamisel tuleb veenduda, et mutter ja kruvi sobivad teie piduris\u00fcsteemi konstruktsiooniga (t\u00fc\u00fcp, l\u00e4bim\u00f5\u00f5dud, keere) ning vastavad AL\u2011KO originaalkomponendile, et s\u00e4ilitada ohutus ja tootja n\u00f5uetele vastavus.<\/p>\n<\/li>\n<li data-start=\"2096\" data-end=\"2214\">\n<p data-start=\"2098\" data-end=\"2214\">Soovitus: kui vahetada, siis teha m\u00f5lemal rattal\/reguleerimisel samasugune seade, et v\u00e4ltida eba\u00fchtlast pidurdust.<\/p>\n<\/li>\n<\/ul>","protected":false},"excerpt":{"rendered":"<p>See AL\u2011KO <strong data-start=\"2267\" data-end=\"2291\">reguleerimiskomplekt<\/strong> (mutter\u202f+\u202fkruvi) on sobilik ainult AL\u2011KO haagisepiduritele, sobiv mitmele erinevale AL\u2011KO pidurit\u00fc\u00fcbile (1625\u21922361B). See on terasest, originaal AL\u2011KO komponent ja vajalik pidurite korrektseks funktsioneerimiseks.<\/p>","protected":false},"featured_media":5964,"comment_status":"closed","ping_status":"closed","template":"","meta":[],"product_brand":[249],"product_cat":[209,230,200],"product_tag":[292,458,457,456],"class_list":{"0":"post-5963","1":"product","2":"type-product","3":"status-publish","4":"has-post-thumbnail","6":"product_brand-al-ko","7":"product_cat-pidurid","8":"product_cat-varuosad","9":"product_cat-veermiku-osad","10":"product_tag-al-ko","11":"product_tag-al-ko-pidurite-reguleerimine","12":"product_tag-al-ko-reguleerimiskomplekt","13":"product_tag-pidurite-reguleerimissilinder","15":"first","16":"instock","17":"taxable","18":"shipping-taxable","19":"purchasable","20":"product-type-simple"},"jetpack_sharing_enabled":true,"_links":{"self":[{"href":"https:\/\/haagisemaailm.ee\/en\/wp-json\/wp\/v2\/product\/5963","targetHints":{"allow":["GET"]}}],"collection":[{"href":"https:\/\/haagisemaailm.ee\/en\/wp-json\/wp\/v2\/product"}],"about":[{"href":"https:\/\/haagisemaailm.ee\/en\/wp-json\/wp\/v2\/types\/product"}],"replies":[{"embeddable":true,"href":"https:\/\/haagisemaailm.ee\/en\/wp-json\/wp\/v2\/comments?post=5963"}],"wp:featuredmedia":[{"embeddable":true,"href":"https:\/\/haagisemaailm.ee\/en\/wp-json\/wp\/v2\/media\/5964"}],"wp:attachment":[{"href":"https:\/\/haagisemaailm.ee\/en\/wp-json\/wp\/v2\/media?parent=5963"}],"wp:term":[{"taxonomy":"product_brand","embeddable":true,"href":"https:\/\/haagisemaailm.ee\/en\/wp-json\/wp\/v2\/product_brand?post=5963"},{"taxonomy":"product_cat","embeddable":true,"href":"https:\/\/haagisemaailm.ee\/en\/wp-json\/wp\/v2\/product_cat?post=5963"},{"taxonomy":"product_tag","embeddable":true,"href":"https:\/\/haagisemaailm.ee\/en\/wp-json\/wp\/v2\/product_tag?post=5963"}],"curies":[{"name":"wp","href":"https:\/\/api.w.org\/{rel}","templated":true}]}}