{"id":5977,"date":"2025-11-14T12:36:55","date_gmt":"2025-11-14T10:36:55","guid":{"rendered":"https:\/\/haagisemaailm.ee\/?post_type=product&#038;p=5977"},"modified":"2026-04-02T14:48:53","modified_gmt":"2026-04-02T11:48:53","slug":"cheval-liberte-debon-mootorratta-rakis","status":"publish","type":"product","link":"https:\/\/haagisemaailm.ee\/en\/product\/cheval-liberte-debon-mootorratta-rakis\/","title":{"rendered":"Cheval Liberte &#8211; DEBON mootorratta rakis"},"content":{"rendered":"<p data-start=\"350\" data-end=\"632\">Rakis on valmistatud vastupidavast terasest ning kaetud korrosioonikindla v\u00e4rviga, mis tagab pika kasutuse nii sise- kui v\u00e4litingimustes. Lai esiratta pesa juhib mootorratta ratta keskelt sisse ja hoiab seda sirgena, samal ajal kui lisar\u00f5hud ja rihmakinnitused toetavad k\u00fclgedelt.<\/p>\n<p data-start=\"634\" data-end=\"862\">Paigaldamine on lihtne: rakis kinnitatakse haagise v\u00f5i bussi\/kaubiku p\u00f5randale poltidega, vajadusel saab selle kiiresti eemaldada v\u00f5i \u00fcmber t\u00f5sta. Sobib haagistele, kus vaja ohutult ja stabiilselt vedada \u00fchte ratast.<\/p>\n<p data-start=\"864\" data-end=\"1015\" data-is-last-node=\"\" data-is-only-node=\"\">Ideaalne t\u00f6\u00f6riist nii hobikasutajale kui ka professionaalile, kelle jaoks on oluline transportimise mugavus, ohutus ja mootorratta kindel fikseerimine.<\/p>","protected":false},"excerpt":{"rendered":"<p>DEBON tugev ja universaalne mootorratta rakis, mis on m\u00f5eldud turvaliseks mootorratta kinnitamiseks haagise p\u00f5randa k\u00fclge. Rakis v\u00f5imaldab ratast stabiilselt p\u00fcsti hoida ning muudab kinnitamise kiireks ja mugavaks. Sobib nii maanteeratta, krossiratta kui ka v\u00e4iksemate touring-mootorrataste veoks.<\/p>","protected":false},"featured_media":5979,"comment_status":"closed","ping_status":"closed","template":"","meta":[],"product_brand":[],"product_cat":[206],"product_tag":[474,475,473,471,472],"class_list":{"0":"post-5977","1":"product","2":"type-product","3":"status-publish","4":"has-post-thumbnail","6":"product_cat-lisatarvikud","7":"product_tag-debon-mootorratta-hoidja","8":"product_tag-debon-rakis","9":"product_tag-kinnitatav-haagise-pohjavineerile","10":"product_tag-mootorratta-kinnitusraam","11":"product_tag-mootorrattahoidja","13":"first","14":"instock","15":"sale","16":"taxable","17":"shipping-taxable","18":"purchasable","19":"product-type-simple"},"jetpack_sharing_enabled":true,"_links":{"self":[{"href":"https:\/\/haagisemaailm.ee\/en\/wp-json\/wp\/v2\/product\/5977","targetHints":{"allow":["GET"]}}],"collection":[{"href":"https:\/\/haagisemaailm.ee\/en\/wp-json\/wp\/v2\/product"}],"about":[{"href":"https:\/\/haagisemaailm.ee\/en\/wp-json\/wp\/v2\/types\/product"}],"replies":[{"embeddable":true,"href":"https:\/\/haagisemaailm.ee\/en\/wp-json\/wp\/v2\/comments?post=5977"}],"wp:featuredmedia":[{"embeddable":true,"href":"https:\/\/haagisemaailm.ee\/en\/wp-json\/wp\/v2\/media\/5979"}],"wp:attachment":[{"href":"https:\/\/haagisemaailm.ee\/en\/wp-json\/wp\/v2\/media?parent=5977"}],"wp:term":[{"taxonomy":"product_brand","embeddable":true,"href":"https:\/\/haagisemaailm.ee\/en\/wp-json\/wp\/v2\/product_brand?post=5977"},{"taxonomy":"product_cat","embeddable":true,"href":"https:\/\/haagisemaailm.ee\/en\/wp-json\/wp\/v2\/product_cat?post=5977"},{"taxonomy":"product_tag","embeddable":true,"href":"https:\/\/haagisemaailm.ee\/en\/wp-json\/wp\/v2\/product_tag?post=5977"}],"curies":[{"name":"wp","href":"https:\/\/api.w.org\/{rel}","templated":true}]}}