{"id":5984,"date":"2025-11-14T15:59:37","date_gmt":"2025-11-14T13:59:37","guid":{"rendered":"https:\/\/haagisemaailm.ee\/?post_type=product&#038;p=5984"},"modified":"2026-04-02T14:48:34","modified_gmt":"2026-04-02T11:48:34","slug":"rehvirihmad-4-punkti-kinnitusega-pro-seeria","status":"publish","type":"product","link":"https:\/\/haagisemaailm.ee\/en\/product\/rehvirihmad-4-punkti-kinnitusega-pro-seeria\/","title":{"rendered":"Rehvirihmad 4 punkti kinnitusega PRO seeria"},"content":{"rendered":"<p data-start=\"0\" data-end=\"51\"><strong data-start=\"0\" data-end=\"49\">Rehvirihmad 4-punkti kinnitusega (PRO seeria)<\/strong><\/p>\n<p data-start=\"53\" data-end=\"470\">Premium-klassist rehvirihmad, mis pakuvad maksimaalset turvalisust ja tuge transpordiks. Nelja kinnituspunktiga disain (tavaliselt kaks ees ja kaks taga) tagab s\u00f5iduki kindla fikseerimise haagiste v\u00f5i transportplatvormi k\u00fclge. PRO-seeria rihmad on tugevdatud materjaliga, millel on k\u00f5rge l\u00f5hke- ja h\u00f5\u00f5rdetakistus, ning varustatud metallist topeltkonksudega, mis tagavad usaldusv\u00e4\u00e4rse ja p\u00fcsiva \u00fchenduse.<\/p>\n<p data-start=\"472\" data-end=\"774\">Lisaks on rihmad varustatud pingutiga (ratchet), et neid saaks vastavalt vajadusele ja soovi korral ka kiirelt reguleerida. ASTM-i v\u00f5i muude rahvusvaheliste ohutusstandardite j\u00e4rgi sertifitseeritud PRO-rakmed v\u00e4hendavad riski, et s\u00f5iduk transpordi k\u00e4igus liigub, meie rihmadega ei koorma vedrustust ega tekita liigset pinget auto s\u00f5lmpunktide vahel.<\/p>\n<p data-start=\"776\" data-end=\"922\">Sobivad nii profi- kui amat\u00f6\u00f6rs\u00f5idukitele, v\u00f5istluss\u00f5idukitele ning igap\u00e4evas\u00f5idukitele, mis vajavad turvalist transporti haagisel v\u00f5i veoke peal.<\/p>","protected":false},"excerpt":{"rendered":"<p><strong data-start=\"40\" data-end=\"55\">Meie Pro Seeria rehvirihmad<\/strong><br data-start=\"55\" data-end=\"58\" \/>Rehvirihmad v\u00f5imaldavad kinnitada s\u00f5iduki transpordiks turvaliselt ja kindlalt. Nii autotootjate kui autospordi v\u00f5istkondade poolt heaks kiidetud lahendus hoiab s\u00f5iduki paigal, v\u00e4hendab pinget s\u00f5lmedele ning tagab ohutu ja stabiilse transpordi ka n\u00f5udlikel tingimustel.<\/p>","protected":false},"featured_media":5988,"comment_status":"closed","ping_status":"closed","template":"","meta":[],"product_brand":[],"product_cat":[206,230],"product_tag":[484,483,482,481],"class_list":{"0":"post-5984","1":"product","2":"type-product","3":"status-publish","4":"has-post-thumbnail","6":"product_cat-lisatarvikud","7":"product_cat-varuosad","8":"product_tag-4-punkti-pro-seeria-rehvirihmad","9":"product_tag-4-punkti-pro-seeria-rihmad","10":"product_tag-4-punkti-rehvirihmad","11":"product_tag-rehvirihmad","13":"first","14":"instock","15":"sale","16":"taxable","17":"shipping-taxable","18":"purchasable","19":"product-type-simple"},"jetpack_sharing_enabled":true,"_links":{"self":[{"href":"https:\/\/haagisemaailm.ee\/en\/wp-json\/wp\/v2\/product\/5984","targetHints":{"allow":["GET"]}}],"collection":[{"href":"https:\/\/haagisemaailm.ee\/en\/wp-json\/wp\/v2\/product"}],"about":[{"href":"https:\/\/haagisemaailm.ee\/en\/wp-json\/wp\/v2\/types\/product"}],"replies":[{"embeddable":true,"href":"https:\/\/haagisemaailm.ee\/en\/wp-json\/wp\/v2\/comments?post=5984"}],"wp:featuredmedia":[{"embeddable":true,"href":"https:\/\/haagisemaailm.ee\/en\/wp-json\/wp\/v2\/media\/5988"}],"wp:attachment":[{"href":"https:\/\/haagisemaailm.ee\/en\/wp-json\/wp\/v2\/media?parent=5984"}],"wp:term":[{"taxonomy":"product_brand","embeddable":true,"href":"https:\/\/haagisemaailm.ee\/en\/wp-json\/wp\/v2\/product_brand?post=5984"},{"taxonomy":"product_cat","embeddable":true,"href":"https:\/\/haagisemaailm.ee\/en\/wp-json\/wp\/v2\/product_cat?post=5984"},{"taxonomy":"product_tag","embeddable":true,"href":"https:\/\/haagisemaailm.ee\/en\/wp-json\/wp\/v2\/product_tag?post=5984"}],"curies":[{"name":"wp","href":"https:\/\/api.w.org\/{rel}","templated":true}]}}