{"id":5990,"date":"2025-11-17T17:57:58","date_gmt":"2025-11-17T15:57:58","guid":{"rendered":"https:\/\/haagisemaailm.ee\/?post_type=product&#038;p=5990"},"modified":"2026-04-02T14:48:27","modified_gmt":"2026-04-02T11:48:27","slug":"aspock-adapter-uleminek-13pin7pin","status":"publish","type":"product","link":"https:\/\/haagisemaailm.ee\/en\/product\/aspock-adapter-uleminek-13pin7pin\/","title":{"rendered":"ASP\u00d6CK adapter \u00fcleminek 13pin>7pin"},"content":{"rendered":"<p data-start=\"500\" data-end=\"522\">Korpus on valmistatud vastupidavast plastikust ja kontaktid on korralikult isoleeritud, et tagada usaldusv\u00e4\u00e4rne \u00fchendus.<\/p>\n<p data-start=\"500\" data-end=\"522\">Adapteri kaal on umbes 0,3 kg ja m\u00f5\u00f5tmed umbes 9 \u00d7 6 \u00d7 6 cm.<\/p>\n<p data-start=\"500\" data-end=\"522\">Vastavus elektristandarditele: 13-pin \u00fchendus j\u00e4rgib ISO 11446 standardit, 7-pin pool v\u00f5ib j\u00e4rgida ISO 1724 standardit (s\u00f5ltuvalt tootest).<\/p>\n<p data-start=\"500\" data-end=\"522\">Tavaliselt kasutatakse seda adapterit olukorras, kus auto pistikupessa on 7 pin`ga ja haagisel on 13-kontaktiline \u00fchendus.<\/p>","protected":false},"excerpt":{"rendered":"<p>Asp\u00f6ck 13-7 adapter v\u00f5imaldab \u00fchendada haagise v\u00f5i s\u00f5iduki elektris\u00fcsteemi, kui \u00fcks pool kasutab 13-kontaktset pistikut (ISO 11446) ja teine pool 7-kontaktset pistikut.<\/p>","protected":false},"featured_media":5991,"comment_status":"closed","ping_status":"closed","template":"","meta":[],"product_brand":[419],"product_cat":[241,202],"product_tag":[420,479,492,491,490,493],"class_list":{"0":"post-5990","1":"product","2":"type-product","3":"status-publish","4":"has-post-thumbnail","6":"product_brand-aspock","7":"product_cat-juhtmed","8":"product_cat-tuled-ja-elekter","9":"product_tag-aspock","10":"product_tag-aspock-tulede-uhendamine","11":"product_tag-haagise-7-13-adapter","12":"product_tag-haagise-7-13pin-adapter","13":"product_tag-haagise-adapter","14":"product_tag-haagise-pistiku-adapter","16":"first","17":"instock","18":"sale","19":"taxable","20":"shipping-taxable","21":"purchasable","22":"product-type-simple"},"jetpack_sharing_enabled":true,"_links":{"self":[{"href":"https:\/\/haagisemaailm.ee\/en\/wp-json\/wp\/v2\/product\/5990","targetHints":{"allow":["GET"]}}],"collection":[{"href":"https:\/\/haagisemaailm.ee\/en\/wp-json\/wp\/v2\/product"}],"about":[{"href":"https:\/\/haagisemaailm.ee\/en\/wp-json\/wp\/v2\/types\/product"}],"replies":[{"embeddable":true,"href":"https:\/\/haagisemaailm.ee\/en\/wp-json\/wp\/v2\/comments?post=5990"}],"wp:featuredmedia":[{"embeddable":true,"href":"https:\/\/haagisemaailm.ee\/en\/wp-json\/wp\/v2\/media\/5991"}],"wp:attachment":[{"href":"https:\/\/haagisemaailm.ee\/en\/wp-json\/wp\/v2\/media?parent=5990"}],"wp:term":[{"taxonomy":"product_brand","embeddable":true,"href":"https:\/\/haagisemaailm.ee\/en\/wp-json\/wp\/v2\/product_brand?post=5990"},{"taxonomy":"product_cat","embeddable":true,"href":"https:\/\/haagisemaailm.ee\/en\/wp-json\/wp\/v2\/product_cat?post=5990"},{"taxonomy":"product_tag","embeddable":true,"href":"https:\/\/haagisemaailm.ee\/en\/wp-json\/wp\/v2\/product_tag?post=5990"}],"curies":[{"name":"wp","href":"https:\/\/api.w.org\/{rel}","templated":true}]}}