{"id":6001,"date":"2025-12-05T22:30:51","date_gmt":"2025-12-05T20:30:51","guid":{"rendered":"https:\/\/haagisemaailm.ee\/?post_type=product&#038;p=6001"},"modified":"2026-04-02T14:48:02","modified_gmt":"2026-04-02T11:48:02","slug":"cheval-liberte-debon-c400-pullman2-313x164m-2","status":"publish","type":"product","link":"https:\/\/haagisemaailm.ee\/en\/product\/cheval-liberte-debon-c400-pullman2-313x164m-2\/","title":{"rendered":"Cheval Liberte Debon C400 PULLMAN2 &#8211; 3,13&#215;1,64m"},"content":{"rendered":"<p>Debon C400 haagise tagumist ust iseloomustab uuenduslik topelt avanemiss\u00fcsteem. Kasutage seda tekire\u017eiimis jalgrataste, neljarattaliste v\u00f5i muude v\u00e4ikeste s\u00f5idukite h\u00f5lpsaks laadimiseks v\u00f5i uksere\u017eiimis, et oma kaupadele kiiresti ja mugavalt juurde p\u00e4\u00e4seda.<br \/>\nTeie kauba ohutuse tagamiseks transpordi ajal on haagis varustatud 4 sisemise koormarihma aasaga. Need v\u00f5imaldavad teil oma varustust t\u00f5husalt kinnitada ja v\u00e4ltida soovimatut liikumist reisi ajal.<br \/>\nHaagise hind sisaldab:<br \/>\n\u00dche teljega piduritega 750 kuni 1300kg C400 Debon haagis<br \/>\nPullman 2 vedrustus (madal \u0161assii ja tsingitud vedrustuss\u00fcsteem)<br \/>\nTsingitud terasest \u0161assii koos alumiiniumist profiiliga raami konstruktsioon<br \/>\nAerod\u00fcnaamiline katus ja esiosa \u00fcks t\u00e4isklaaskiudosa<br \/>\nAlumiiniumist k\u00fclgseinad ja p\u00f5rand<br \/>\nP\u00f5rutuskindlad ABS porilauad<br \/>\nAutomaatne tiisli tugiratas koos man\u00f6\u00f6verdus k\u00e4epidemega<br \/>\nAlumiiniumist kahesuunaline tagumine uks\/kaldtee<br \/>\nKaitstud tuled<br \/>\n2 tagumist laadimistuge kauba, mootorrataste, ATV ja madal kliirensiga masinate laadimiseks<br \/>\nKoorma kinnitamiseks 6 kinnitus aasa<br \/>\nSisevalgusti pimedal ajal toimetamiseks<br \/>\nRatta amortisaatorid turvaliseks s\u00f5iduks<br \/>\nK\u00fclgmine lukustatav uks<br \/>\nLisa pidurdustuli tagaluugil<\/p>\n<p>NB! Rohkem infot tootja lehelt \u2013 <a href=\"https:\/\/www.debon-trailers.com\/box-trailers\">https:\/\/www.debon-trailers.com\/box-trailers<\/a><br \/>\nVajad mugavat ja j\u00e4rgmise generatsiooni furgoonhaagist ning vedrustuse uut taset, siis tule veendu haagise ja v\u00f5imalustega T\u00fcri tn 5 Tallinn.<\/p>","protected":false},"excerpt":{"rendered":"<p data-start=\"0\" data-end=\"348\">Tule tutvu <strong data-start=\"11\" data-end=\"53\">uue Cheval Libert\u00e9 Debon C400 Roadster<\/strong> furgoonhaagisega \u2013 \u00fcheteljelise ja piduritega haagisega, mille <strong data-start=\"117\" data-end=\"140\">Pullman 2 vedrustus<\/strong> tagab turvalise, stabiilse ja mugava s\u00f5idu igal teel. Debon C400 on saadaval t\u00e4ismassiga 750\u20131300 kg; antud mudel on <strong data-start=\"258\" data-end=\"281\">1300 kg t\u00e4ismassiga<\/strong> ja suurep\u00e4raselt sobiv nii l\u00fchikesteks kui ka pikkadeks s\u00f5itudeks.<\/p>\n<p data-start=\"350\" data-end=\"669\" data-is-last-node=\"\" data-is-only-node=\"\"><strong data-start=\"350\" data-end=\"379\">Roadster Box Trailer C400<\/strong> on loodud vastama k\u00f5igile teie transpordivajadustele. Haagis pakub nii nutikat panipaika kui ka avarat kaubaruumi, t\u00e4nu millele saab mugavalt vedada erinevaid kaupu, varustust ja t\u00f6\u00f6vahendeid. Robustne ehitus ja kaasaegne disain teevad sellest usaldusv\u00e4\u00e4rse partneri igap\u00e4evasel kasutusel.<\/p>","protected":false},"featured_media":6010,"comment_status":"closed","ping_status":"closed","template":"","meta":[],"product_brand":[246],"product_cat":[220,221],"product_tag":[412,312,414,413,415,417,416],"class_list":{"0":"post-6001","1":"product","2":"type-product","3":"status-publish","4":"has-post-thumbnail","6":"product_brand-cheval-liberte","7":"product_cat-furgoonhaagised","8":"product_cat-haagised","9":"product_tag-c400-roadster","10":"product_tag-cheval-liberte","11":"product_tag-debon","12":"product_tag-debon-c400","13":"product_tag-debon-furgoonhaagis","14":"product_tag-furgoon","15":"product_tag-furgoonhaagis","17":"first","18":"instock","19":"sale","20":"taxable","21":"shipping-taxable","22":"purchasable","23":"product-type-simple"},"jetpack_sharing_enabled":true,"_links":{"self":[{"href":"https:\/\/haagisemaailm.ee\/en\/wp-json\/wp\/v2\/product\/6001","targetHints":{"allow":["GET"]}}],"collection":[{"href":"https:\/\/haagisemaailm.ee\/en\/wp-json\/wp\/v2\/product"}],"about":[{"href":"https:\/\/haagisemaailm.ee\/en\/wp-json\/wp\/v2\/types\/product"}],"replies":[{"embeddable":true,"href":"https:\/\/haagisemaailm.ee\/en\/wp-json\/wp\/v2\/comments?post=6001"}],"wp:featuredmedia":[{"embeddable":true,"href":"https:\/\/haagisemaailm.ee\/en\/wp-json\/wp\/v2\/media\/6010"}],"wp:attachment":[{"href":"https:\/\/haagisemaailm.ee\/en\/wp-json\/wp\/v2\/media?parent=6001"}],"wp:term":[{"taxonomy":"product_brand","embeddable":true,"href":"https:\/\/haagisemaailm.ee\/en\/wp-json\/wp\/v2\/product_brand?post=6001"},{"taxonomy":"product_cat","embeddable":true,"href":"https:\/\/haagisemaailm.ee\/en\/wp-json\/wp\/v2\/product_cat?post=6001"},{"taxonomy":"product_tag","embeddable":true,"href":"https:\/\/haagisemaailm.ee\/en\/wp-json\/wp\/v2\/product_tag?post=6001"}],"curies":[{"name":"wp","href":"https:\/\/api.w.org\/{rel}","templated":true}]}}