{"id":6047,"date":"2025-12-14T16:07:51","date_gmt":"2025-12-14T14:07:51","guid":{"rendered":"https:\/\/haagisemaailm.ee\/?post_type=product&#038;p=6047"},"modified":"2026-04-01T17:56:18","modified_gmt":"2026-04-01T14:56:18","slug":"tagatuli-earpoint-iii-lh-5pin-uhendusega-koos-udutulega-parem","status":"publish","type":"product","link":"https:\/\/haagisemaailm.ee\/en\/pood\/tagatuli-earpoint-iii-lh-5pin-uhendusega-koos-udutulega-parem\/","title":{"rendered":"Tagatuli Earpoint III LH 5pin \u00fchendusega, koos udutulega (vasak)"},"content":{"rendered":"<h3 data-start=\"142\" data-end=\"222\"><strong data-start=\"146\" data-end=\"222\">Tagatuli Earpoint III LH (vasakpoolne), 5-pin \u00fchendusega \u2013 udutulega<\/strong><\/h3>\n<p data-start=\"224\" data-end=\"614\"><strong data-start=\"224\" data-end=\"238\">Kirjeldus:<\/strong><br data-start=\"238\" data-end=\"241\" \/>Earpoint III seeria tagatuli on kvaliteetne ja vastupidav valgusti, mis on m\u00f5eldud haagistele, masinatele ja kerghaagistele. Vasakpoolne (LH) mudel on varustatud integreeritud helkuriga, mis tagab parema n\u00e4htavuse ja ohutuse man\u00f6\u00f6verdamisel. Tagatuli energias\u00e4\u00e4stlik, pika elueaga ja ereda valgusega igas ilmastikus.<\/p>\n<p data-start=\"616\" data-end=\"642\"><strong data-start=\"616\" data-end=\"642\">Valgustusfunktsioonid:<\/strong><\/p>\n<ul data-start=\"643\" data-end=\"813\">\n<li data-start=\"643\" data-end=\"655\">\n<p data-start=\"645\" data-end=\"655\">Tagatuli<\/p>\n<\/li>\n<li data-start=\"656\" data-end=\"670\">\n<p data-start=\"658\" data-end=\"670\">Pidurituli<\/p>\n<\/li>\n<li data-start=\"671\" data-end=\"684\">\n<p data-start=\"673\" data-end=\"684\">Suunatuli<\/p>\n<\/li>\n<li data-start=\"671\" data-end=\"684\">Udutuli<\/li>\n<li data-start=\"766\" data-end=\"813\">\n<p data-start=\"768\" data-end=\"813\">Helkurelement (vajadusel, vastavalt mudelile)<\/p>\n<\/li>\n<\/ul>\n<p data-start=\"815\" data-end=\"828\"><strong data-start=\"815\" data-end=\"828\">Omadused:<\/strong><\/p>\n<ul data-start=\"829\" data-end=\"1105\">\n<li data-start=\"829\" data-end=\"873\">\n<p data-start=\"831\" data-end=\"873\">Asukoht: vasakpoolne<strong data-start=\"840\" data-end=\"873\"> (LH)<\/strong><\/p>\n<\/li>\n<li data-start=\"874\" data-end=\"901\">\n<p data-start=\"876\" data-end=\"901\">\u00dchendus: <strong data-start=\"885\" data-end=\"901\">5-pin pistik<\/strong><\/p>\n<\/li>\n<li data-start=\"902\" data-end=\"954\">\n<p data-start=\"904\" data-end=\"954\">Pinge: Sobib 12V s\u00fcsteemile (enamikel haagistel)<\/p>\n<\/li>\n<li data-start=\"955\" data-end=\"1009\">\n<p data-start=\"957\" data-end=\"1009\">Halogeen-tehnoloogia: pikk eluiga ja madal energiatarve<\/p>\n<\/li>\n<li data-start=\"1010\" data-end=\"1044\">\n<p data-start=\"1012\" data-end=\"1044\">Tolmu- ja niiskuskindel korpus<\/p>\n<\/li>\n<li data-start=\"1045\" data-end=\"1105\">\n<p data-start=\"1047\" data-end=\"1105\">Sobib nii kerghaagistele, treileritele kui ka masinatele<\/p>\n<\/li>\n<\/ul>\n<p data-start=\"1107\" data-end=\"1119\"><strong data-start=\"1107\" data-end=\"1119\">Eelised:<\/strong><\/p>\n<ul data-start=\"1120\" data-end=\"1339\">\n<li data-start=\"1120\" data-end=\"1189\">\n<p data-start=\"1122\" data-end=\"1189\">Tugev ja vastupidav konstruktsioon talub vibratsiooni ja niiskust<\/p>\n<\/li>\n<li data-start=\"1190\" data-end=\"1250\">\n<p data-start=\"1192\" data-end=\"1250\">Eredad halogeenid tagavad hea n\u00e4htavuse nii p\u00e4eval kui \u00f6\u00f6sel<\/p>\n<\/li>\n<li data-start=\"1251\" data-end=\"1300\">\n<p data-start=\"1253\" data-end=\"1300\">Kiire paigaldus t\u00e4nu 5-pin standard\u00fchendusele<\/p>\n<\/li>\n<li data-start=\"1301\" data-end=\"1339\">\n<p data-start=\"1303\" data-end=\"1339\">Energias\u00e4\u00e4stlik ja hooldusvaba t\u00f6\u00f6<\/p>\n<\/li>\n<\/ul>\n<p data-start=\"1341\" data-end=\"1363\"><strong data-start=\"1341\" data-end=\"1363\">Tehnilised andmed:<\/strong><\/p>\n<ul data-start=\"1364\" data-end=\"1539\">\n<li data-start=\"1364\" data-end=\"1396\">\n<p data-start=\"1366\" data-end=\"1396\">Tooteseeria: Earpoint<strong data-start=\"1379\" data-end=\"1394\">\u00a0III<\/strong><\/p>\n<\/li>\n<li data-start=\"1397\" data-end=\"1423\">\n<p data-start=\"1399\" data-end=\"1423\">Paigaldus: vasakpoolne<\/p>\n<\/li>\n<li data-start=\"1424\" data-end=\"1449\">\n<p data-start=\"1426\" data-end=\"1449\">\u00dchendus: 5-pin pistik<\/p>\n<\/li>\n<li data-start=\"1450\" data-end=\"1472\">\n<p data-start=\"1452\" data-end=\"1472\">Valgusallikas: Halogeen<\/p>\n<\/li>\n<li data-start=\"1473\" data-end=\"1539\">\n<p data-start=\"1475\" data-end=\"1539\">Funktsioonid: Tagatuli \/ suunatuli \/ pidurituli \/ udutuli<\/p>\n<\/li>\n<\/ul>","protected":false},"excerpt":{"rendered":"<p>ASP\u00d6CK originaal Earpoint III tagatuli 5pin \u00fchendusega (udutulega) &#8211; VASAK<\/p>\n<p>&nbsp;<\/p>","protected":false},"featured_media":6050,"comment_status":"closed","ping_status":"closed","template":"","meta":[],"product_brand":[419],"product_cat":[541,242,202,230],"product_tag":[420,421,545,544,498,494,495,496,497,543,542],"class_list":{"0":"post-6047","1":"product","2":"type-product","3":"status-publish","4":"has-post-thumbnail","6":"product_brand-aspock","7":"product_cat-tagatuled","8":"product_cat-tuled","9":"product_cat-tuled-ja-elekter","10":"product_cat-varuosad","11":"product_tag-aspock","12":"product_tag-aspock-tagatuli","13":"product_tag-haagise-tagatuled","14":"product_tag-haagise-tagatuli","15":"product_tag-led-tagatuli-parem","16":"product_tag-multiled-4","17":"product_tag-multiled-iv","18":"product_tag-multiled-iv-tagatuli","19":"product_tag-multiled-iv-tagatuli-parem","20":"product_tag-tagatuled","21":"product_tag-tagatuli","23":"first","24":"instock","25":"sale","26":"taxable","27":"shipping-taxable","28":"purchasable","29":"product-type-simple"},"jetpack_sharing_enabled":true,"_links":{"self":[{"href":"https:\/\/haagisemaailm.ee\/en\/wp-json\/wp\/v2\/product\/6047","targetHints":{"allow":["GET"]}}],"collection":[{"href":"https:\/\/haagisemaailm.ee\/en\/wp-json\/wp\/v2\/product"}],"about":[{"href":"https:\/\/haagisemaailm.ee\/en\/wp-json\/wp\/v2\/types\/product"}],"replies":[{"embeddable":true,"href":"https:\/\/haagisemaailm.ee\/en\/wp-json\/wp\/v2\/comments?post=6047"}],"wp:featuredmedia":[{"embeddable":true,"href":"https:\/\/haagisemaailm.ee\/en\/wp-json\/wp\/v2\/media\/6050"}],"wp:attachment":[{"href":"https:\/\/haagisemaailm.ee\/en\/wp-json\/wp\/v2\/media?parent=6047"}],"wp:term":[{"taxonomy":"product_brand","embeddable":true,"href":"https:\/\/haagisemaailm.ee\/en\/wp-json\/wp\/v2\/product_brand?post=6047"},{"taxonomy":"product_cat","embeddable":true,"href":"https:\/\/haagisemaailm.ee\/en\/wp-json\/wp\/v2\/product_cat?post=6047"},{"taxonomy":"product_tag","embeddable":true,"href":"https:\/\/haagisemaailm.ee\/en\/wp-json\/wp\/v2\/product_tag?post=6047"}],"curies":[{"name":"wp","href":"https:\/\/api.w.org\/{rel}","templated":true}]}}