{"id":6070,"date":"2026-02-11T00:57:18","date_gmt":"2026-02-10T22:57:18","guid":{"rendered":"https:\/\/haagisemaailm.ee\/?post_type=product&#038;p=6070"},"modified":"2026-04-01T17:55:46","modified_gmt":"2026-04-01T14:55:46","slug":"tokiskingad-lohr-tuupi-porandale-pro-seeria-tsingitud","status":"publish","type":"product","link":"https:\/\/haagisemaailm.ee\/en\/pood\/tokiskingad-lohr-tuupi-porandale-pro-seeria-tsingitud\/","title":{"rendered":"T\u00f5kiskingad LOHR t\u00fc\u00fcpi p\u00f5randale PRO seeria &#8211; tsingitud"},"content":{"rendered":"<p data-start=\"0\" data-end=\"51\"><strong data-start=\"0\" data-end=\"49\">PRO seeria tsingitud t\u00f5kisking (T\u00dcV VDI 2700 8.1 sertifikaat)<\/strong><\/p>\n<p data-start=\"215\" data-end=\"390\"><strong data-start=\"215\" data-end=\"225\">Toode:<\/strong> t\u00f5kisking (wheel chock)<br data-start=\"249\" data-end=\"252\" \/><strong data-start=\"252\" data-end=\"269\">Mudelinumber:<\/strong> HM101874<br data-start=\"277\" data-end=\"280\" \/><strong data-start=\"280\" data-end=\"293\">Materjal:<\/strong> Teras (kuumtsingitud)<br data-start=\"321\" data-end=\"324\" \/><strong data-start=\"324\" data-end=\"333\">Pind:<\/strong> Tsinkitud teraspind korrosioonikaitseks<br data-start=\"373\" data-end=\"376\" \/><strong data-start=\"376\" data-end=\"388\" data-is-only-node=\"\">M\u00f5\u00f5tmed:<\/strong><\/p>\n<ul data-start=\"391\" data-end=\"485\">\n<li data-start=\"391\" data-end=\"413\">\n<p data-start=\"393\" data-end=\"413\"><strong data-start=\"393\" data-end=\"404\">Pikkus:<\/strong> 464 mm<\/p>\n<\/li>\n<li data-start=\"414\" data-end=\"440\">\n<p data-start=\"416\" data-end=\"440\"><strong data-start=\"416\" data-end=\"431\">Sisepikkus:<\/strong> 120 mm<\/p>\n<\/li>\n<li data-start=\"441\" data-end=\"462\">\n<p data-start=\"443\" data-end=\"462\"><strong data-start=\"443\" data-end=\"453\">Laius:<\/strong> 520 mm<\/p>\n<\/li>\n<li data-start=\"463\" data-end=\"485\">\n<p data-start=\"465\" data-end=\"485\"><strong data-start=\"465\" data-end=\"476\">K\u00f5rgus:<\/strong> 125 mm<\/p>\n<\/li>\n<\/ul>\n<p data-start=\"487\" data-end=\"910\">See t\u00f5kisking on valmistatud tugevast kuumtsingitud<strong data-start=\"517\" data-end=\"549\"> terasest.<\/strong> T\u00f5kisking on abivahend rataste fikseerimiseks ja s\u00f5iduki kinni hoidmiseks kaldpinnal v\u00f5i laadimisel. T\u00f5kisking asetatakse ratta taha v\u00f5i ette, et v\u00e4ltida s\u00f5iduki ootamatut liikumist, tagades nii t\u00f5husama ohutuse transpordi ja hoolduse ajal. Vastupidav galvaniseeritud pind tagab pikaajalise kaitse ilmastiku ja rooste eest.<\/p>","protected":false},"excerpt":{"rendered":"<p><strong data-start=\"40\" data-end=\"55\">Meie Pro Seeria <\/strong><strong data-start=\"147\" data-end=\"173\">kuumtsinkitud terasest<\/strong> valmistatud t\u00f5kiskingad, mis asetatakse s\u00f5iduki ratta ette v\u00f5i taha, et v\u00e4ltida ootamatut liikumist parkimisel, laadimisel v\u00f5i kallakul seistes. See vastupidav t\u00f5kisking tagab stabiilsuse ja ohutuse, olles ideaalne abivahend raskeveokite, haagiste ja muude s\u00f5idukite rattaturvalisuse tagamiseks.<\/p>","protected":false},"featured_media":6071,"comment_status":"closed","ping_status":"closed","template":"","meta":[],"product_brand":[],"product_cat":[206,230],"product_tag":[484,483,482,481],"class_list":{"0":"post-6070","1":"product","2":"type-product","3":"status-publish","4":"has-post-thumbnail","6":"product_cat-lisatarvikud","7":"product_cat-varuosad","8":"product_tag-4-punkti-pro-seeria-rehvirihmad","9":"product_tag-4-punkti-pro-seeria-rihmad","10":"product_tag-4-punkti-rehvirihmad","11":"product_tag-rehvirihmad","13":"first","14":"instock","15":"sale","16":"taxable","17":"shipping-taxable","18":"purchasable","19":"product-type-simple"},"jetpack_sharing_enabled":true,"_links":{"self":[{"href":"https:\/\/haagisemaailm.ee\/en\/wp-json\/wp\/v2\/product\/6070","targetHints":{"allow":["GET"]}}],"collection":[{"href":"https:\/\/haagisemaailm.ee\/en\/wp-json\/wp\/v2\/product"}],"about":[{"href":"https:\/\/haagisemaailm.ee\/en\/wp-json\/wp\/v2\/types\/product"}],"replies":[{"embeddable":true,"href":"https:\/\/haagisemaailm.ee\/en\/wp-json\/wp\/v2\/comments?post=6070"}],"wp:featuredmedia":[{"embeddable":true,"href":"https:\/\/haagisemaailm.ee\/en\/wp-json\/wp\/v2\/media\/6071"}],"wp:attachment":[{"href":"https:\/\/haagisemaailm.ee\/en\/wp-json\/wp\/v2\/media?parent=6070"}],"wp:term":[{"taxonomy":"product_brand","embeddable":true,"href":"https:\/\/haagisemaailm.ee\/en\/wp-json\/wp\/v2\/product_brand?post=6070"},{"taxonomy":"product_cat","embeddable":true,"href":"https:\/\/haagisemaailm.ee\/en\/wp-json\/wp\/v2\/product_cat?post=6070"},{"taxonomy":"product_tag","embeddable":true,"href":"https:\/\/haagisemaailm.ee\/en\/wp-json\/wp\/v2\/product_tag?post=6070"}],"curies":[{"name":"wp","href":"https:\/\/api.w.org\/{rel}","templated":true}]}}