{"id":6181,"date":"2026-04-01T17:34:50","date_gmt":"2026-04-01T14:34:50","guid":{"rendered":"https:\/\/haagisemaailm.ee\/?post_type=product&#038;p=6181"},"modified":"2026-04-02T14:47:19","modified_gmt":"2026-04-02T11:47:19","slug":"haagise-ms-rehv-195-50r13c-104-101n","status":"publish","type":"product","link":"https:\/\/haagisemaailm.ee\/en\/product\/haagise-ms-rehv-195-50r13c-104-101n\/","title":{"rendered":"Haagise rehv Security 195\/50R13C 104\/101N"},"content":{"rendered":"<p data-start=\"493\" data-end=\"506\"><strong data-start=\"493\" data-end=\"506\">Omadused:<\/strong><\/p>\n<ul data-start=\"507\" data-end=\"819\">\n<li data-start=\"507\" data-end=\"529\">\n<p data-start=\"509\" data-end=\"529\">M\u00f5\u00f5t: <strong data-start=\"515\" data-end=\"529\">195\/50R13C<\/strong><\/p>\n<\/li>\n<li data-start=\"530\" data-end=\"553\">\n<p data-start=\"532\" data-end=\"553\">T\u00fc\u00fcp: M+S (mud&sand) suverehv<\/p>\n<\/li>\n<li data-start=\"554\" data-end=\"601\">\n<p data-start=\"556\" data-end=\"601\">Sobivus: <strong data-start=\"565\" data-end=\"599\">Haagistele ja v\u00e4ikekaubikutele<\/strong><\/p>\n<\/li>\n<li data-start=\"602\" data-end=\"647\">\n<p data-start=\"604\" data-end=\"647\">Suurep\u00e4rane haarduvus suvistes teeoludes<\/p>\n<\/li>\n<li data-start=\"648\" data-end=\"704\">\n<p data-start=\"650\" data-end=\"704\">vee kiireks eemaldamiseks<\/p>\n<\/li>\n<li data-start=\"705\" data-end=\"770\">\n<p data-start=\"707\" data-end=\"770\">Tugevdatud k\u00fclgsein parema l\u00f6\u00f6gikindluse ja stabiilsuse jaoks<\/p>\n<\/li>\n<li data-start=\"771\" data-end=\"819\">\n<p data-start=\"773\" data-end=\"819\">Vastupidav kummisegu pikema eluea tagamiseks<\/p>\n<\/li>\n<\/ul>\n<p data-start=\"821\" data-end=\"833\"><strong data-start=\"821\" data-end=\"833\">Eelised:<\/strong><\/p>\n<ul data-start=\"834\" data-end=\"1015\">\n<li data-start=\"834\" data-end=\"898\">\n<p data-start=\"836\" data-end=\"898\">Parim pidamine<\/p>\n<\/li>\n<li data-start=\"899\" data-end=\"956\">\n<p data-start=\"901\" data-end=\"956\">Usaldusv\u00e4\u00e4rne veoj\u00f5ud ja juhitavus ka raskel pinnasel<\/p>\n<\/li>\n<li data-start=\"957\" data-end=\"1015\">\n<p data-start=\"959\" data-end=\"1015\">Sobib nii professionaalseks kui ka koduseks kasutuseks<\/p>\n<\/li>\n<\/ul>\n<p data-start=\"1017\" data-end=\"1039\"><strong data-start=\"1017\" data-end=\"1039\">Tehnilised andmed:<\/strong><\/p>\n<ul data-start=\"1040\" data-end=\"1181\">\n<li data-start=\"1040\" data-end=\"1077\">\n<p data-start=\"1042\" data-end=\"1077\">Rehvit\u00fc\u00fcp: Suverehv M+S<\/p>\n<\/li>\n<li data-start=\"1078\" data-end=\"1128\">\n<p data-start=\"1080\" data-end=\"1128\">Koormusindeks: <strong data-start=\"1095\" data-end=\"1113\">C \u2013 Commercial<\/strong> (tugevdatud)<\/p>\n<\/li>\n<li data-start=\"1129\" data-end=\"1146\">\n<p data-start=\"1131\" data-end=\"1146\">L\u00e4bim\u00f5\u00f5t: 13\u2033<\/p>\n<\/li>\n<li data-start=\"1147\" data-end=\"1164\">\n<p data-start=\"1149\" data-end=\"1164\">Laius: 195 mm<\/p>\n<\/li>\n<li data-start=\"1165\" data-end=\"1181\">\n<p data-start=\"1167\" data-end=\"1181\">Profiil: 50<\/p>\n<\/li>\n<\/ul>","protected":false},"excerpt":{"rendered":"<p>K\u00f5rgekvaliteediline suverehv, mis on spetsiaalselt loodud haagistele tagamaks maksimaalset stabiilsust ja ohutust ka k\u00f5ige karmimates tingimustes. Rehvi tugev karkass ja vastupidav kummisegu tagavad suure kandev\u00f5ime ning \u00fchtlase kulumise.<\/p>","protected":false},"featured_media":6182,"comment_status":"closed","ping_status":"closed","template":"","meta":[],"product_brand":[557],"product_cat":[243,204,230],"product_tag":[470,466,469,558,559,560],"class_list":{"0":"post-6181","1":"product","2":"type-product","3":"status-publish","4":"has-post-thumbnail","6":"product_brand-security","7":"product_cat-rehvid","8":"product_cat-rehvid-veljed","9":"product_cat-varuosad","10":"product_tag-haagise-rehvide-muuk-ja-paigaldus","11":"product_tag-haagise-talverehv","12":"product_tag-rehvide-muuk-ja-paigaldus","13":"product_tag-security-rehv","14":"product_tag-security-rehvid","15":"product_tag-security-rehvide-muuja","17":"first","18":"instock","19":"sale","20":"taxable","21":"shipping-taxable","22":"purchasable","23":"product-type-simple"},"jetpack_sharing_enabled":true,"_links":{"self":[{"href":"https:\/\/haagisemaailm.ee\/en\/wp-json\/wp\/v2\/product\/6181","targetHints":{"allow":["GET"]}}],"collection":[{"href":"https:\/\/haagisemaailm.ee\/en\/wp-json\/wp\/v2\/product"}],"about":[{"href":"https:\/\/haagisemaailm.ee\/en\/wp-json\/wp\/v2\/types\/product"}],"replies":[{"embeddable":true,"href":"https:\/\/haagisemaailm.ee\/en\/wp-json\/wp\/v2\/comments?post=6181"}],"wp:featuredmedia":[{"embeddable":true,"href":"https:\/\/haagisemaailm.ee\/en\/wp-json\/wp\/v2\/media\/6182"}],"wp:attachment":[{"href":"https:\/\/haagisemaailm.ee\/en\/wp-json\/wp\/v2\/media?parent=6181"}],"wp:term":[{"taxonomy":"product_brand","embeddable":true,"href":"https:\/\/haagisemaailm.ee\/en\/wp-json\/wp\/v2\/product_brand?post=6181"},{"taxonomy":"product_cat","embeddable":true,"href":"https:\/\/haagisemaailm.ee\/en\/wp-json\/wp\/v2\/product_cat?post=6181"},{"taxonomy":"product_tag","embeddable":true,"href":"https:\/\/haagisemaailm.ee\/en\/wp-json\/wp\/v2\/product_tag?post=6181"}],"curies":[{"name":"wp","href":"https:\/\/api.w.org\/{rel}","templated":true}]}}