{"id":4718,"date":"2025-07-17T08:14:31","date_gmt":"2025-07-17T08:14:31","guid":{"rendered":"https:\/\/haagisemaailm.ee\/?post_type=product&#038;p=4718"},"modified":"2026-04-02T14:58:39","modified_gmt":"2026-04-02T11:58:39","slug":"al-ko-original-tugijalg-ribiline-300kg-200x50mm","status":"publish","type":"product","link":"https:\/\/haagisemaailm.ee\/et\/toode\/al-ko-original-tugijalg-ribiline-300kg-200x50mm\/","title":{"rendered":"AL-KO Original Tugijalg ribiline 300kg 200x50mm"},"content":{"rendered":"<div class=\"woocommerce-product-details__short-description\">\n<p><strong>AL-KO Original Tugijalg ribiline 300kg 200x50mm<\/strong><\/p>\n<ul>\n<li data-start=\"659\" data-end=\"810\">\n<p data-start=\"661\" data-end=\"810\">Tiisli tugijala rattaks on <strong data-start=\"679\" data-end=\"694\">200 \u00d7 50 mm<\/strong> (l\u00e4bim\u00f5\u00f5t \u00d7 laius) kindla kummiga (solid rubber), raamistatud terasveljega.<\/p>\n<\/li>\n<li data-start=\"811\" data-end=\"947\">\n<p data-start=\"813\" data-end=\"947\">Pinnakate: tiisli tugijalg on elektrogalvaniseeritud (nt 8 \u00b5m kiht), mis kaitseb korrosiooni eest.<\/p>\n<\/li>\n<li data-start=\"948\" data-end=\"1128\">\n<p data-start=\"950\" data-end=\"1128\">Laadimisv\u00f5ime: maksimaalne staatiline koormus (\u201estationary nose weight\u201c) on ~ <strong data-start=\"1028\" data-end=\"1038\">300 kg<\/strong>, man\u00f6\u00f6verdamisel (\u201emanoeuvring\u201c) kuni <strong data-start=\"1077\" data-end=\"1087\">180 kg<\/strong>.<\/p>\n<\/li>\n<li data-start=\"1129\" data-end=\"1227\">\n<p data-start=\"1131\" data-end=\"1227\">Pikkus: sisse-v\u00e4lja (extend length) on umbes <strong data-start=\"1176\" data-end=\"1186\">250 mm<\/strong>.<\/p>\n<\/li>\n<li data-start=\"1228\" data-end=\"1283\">\n<p data-start=\"1230\" data-end=\"1283\">Kaal: ~ 8 kg.<\/p>\n<\/li>\n<li data-start=\"1284\" data-end=\"1479\">\n<p data-start=\"1286\" data-end=\"1479\">Anti-slip mehhanism: v\u00e4listorule on keevitatud metallist splint\/kinnituskronstein, mille abil saab k\u00e4epide lukustada, et sisemine toru ei liiguks v\u00e4lja.<\/p>\n<\/li>\n<li data-start=\"1480\" data-end=\"1679\">\n<p data-start=\"1482\" data-end=\"1679\">Riblite (soonide) t\u00f5ttu tuleb kasutada sobivat klambrit \/ konksu \u2013 AL-KO-l on ribilisi klambreid, millel on vastavad sooned, et tiisel libisemist ei toimuks.<\/p>\n<\/li>\n<\/ul>\n<\/div>\n<div class=\"product-stock stock available-on-backorder\"><\/div>\n","protected":false},"excerpt":{"rendered":"<div class=\"woocommerce-product-details__short-description\">\n<p>See on AL-KO ribiline tiisli tugijalg (jockey wheel), mille toru (shaft) l\u00e4bim\u00f5\u00f5t on <strong data-start=\"246\" data-end=\"255\">48 mm<\/strong>.<\/p>\n<p>Ribiline disain t\u00e4hendab, et v\u00e4listoru peal on soonilised s\u00fcvendid, mis v\u00e4hendavad libisemist ja tagavad parema haarde klambriga.<\/p>\n<\/div>\n","protected":false},"featured_media":4719,"comment_status":"closed","ping_status":"closed","template":"","meta":[],"product_brand":[249],"product_cat":[211],"product_tag":[486,485,488,487,489],"class_list":{"0":"post-4718","1":"product","2":"type-product","3":"status-publish","4":"has-post-thumbnail","6":"product_brand-al-ko","7":"product_cat-tugijalad","8":"product_tag-al-ko-tiisli-tugijalg","9":"product_tag-tiisli-tugijalg","10":"product_tag-tiisli-tugiratas","11":"product_tag-tiisli-tugirattad","12":"product_tag-tugiratas","14":"first","15":"instock","16":"taxable","17":"shipping-taxable","18":"purchasable","19":"product-type-simple"},"jetpack_sharing_enabled":true,"_links":{"self":[{"href":"https:\/\/haagisemaailm.ee\/et\/wp-json\/wp\/v2\/product\/4718","targetHints":{"allow":["GET"]}}],"collection":[{"href":"https:\/\/haagisemaailm.ee\/et\/wp-json\/wp\/v2\/product"}],"about":[{"href":"https:\/\/haagisemaailm.ee\/et\/wp-json\/wp\/v2\/types\/product"}],"replies":[{"embeddable":true,"href":"https:\/\/haagisemaailm.ee\/et\/wp-json\/wp\/v2\/comments?post=4718"}],"wp:featuredmedia":[{"embeddable":true,"href":"https:\/\/haagisemaailm.ee\/et\/wp-json\/wp\/v2\/media\/4719"}],"wp:attachment":[{"href":"https:\/\/haagisemaailm.ee\/et\/wp-json\/wp\/v2\/media?parent=4718"}],"wp:term":[{"taxonomy":"product_brand","embeddable":true,"href":"https:\/\/haagisemaailm.ee\/et\/wp-json\/wp\/v2\/product_brand?post=4718"},{"taxonomy":"product_cat","embeddable":true,"href":"https:\/\/haagisemaailm.ee\/et\/wp-json\/wp\/v2\/product_cat?post=4718"},{"taxonomy":"product_tag","embeddable":true,"href":"https:\/\/haagisemaailm.ee\/et\/wp-json\/wp\/v2\/product_tag?post=4718"}],"curies":[{"name":"wp","href":"https:\/\/api.w.org\/{rel}","templated":true}]}}