{"id":5589,"date":"2025-08-10T18:21:29","date_gmt":"2025-08-10T15:21:29","guid":{"rendered":"https:\/\/haagisemaailm.ee\/?post_type=product&#038;p=5589"},"modified":"2026-04-20T18:22:37","modified_gmt":"2026-04-20T15:22:37","slug":"cheval-liberte-ouring-country-grey","status":"publish","type":"product","link":"https:\/\/haagisemaailm.ee\/et\/toode\/cheval-liberte-ouring-country-grey\/","title":{"rendered":"Cheval Liberte touring Country Iron Grey"},"content":{"rendered":"<p data-start=\"79\" data-end=\"524\">Haagise omadused:<br \/>\nPullmann 2 vedrustus mis tagab eelk\u00f5ige \u00fclimugava s\u00f5idu ja ka madala laadimise<br \/>\nTugevdatud fiiberklaasist katus ja haagise esiosa<br \/>\nAlumiiniumprofiilist k\u00fcljeseinad paksusega 18mm<br \/>\nSuur eesmine uks<br \/>\nAlumiiniumprofiiliga p\u00f5rand mis kaetud 8mm kummimatiga<br \/>\nAlumiiniumist kahes suunas avanev tagumine uks\/laadimisluuk koos automaatse rullikuga \u00fcleval<br \/>\nSuur eesmise mahalaadimisluugi kohal \u00fclesse avanev aken\/luuk<br \/>\nMuudetava asetusega eraldus vahesein<br \/>\nPehmendused k\u00fcljeseintel ja l\u00f6\u00f6gikaitsed<br \/>\nAutomaatselt \u00fcleskeriv tiisli tugijalg koos k\u00e4epidemega<br \/>\nL\u00fckandaknad ees m\u00f5lemal pool<\/p>\n","protected":false},"excerpt":{"rendered":"<p>Varuratas hinnas! Hobuseveohaagis Cheval Libert\u00e9 Touring Jumping pakub t\u00e4nu KNOTT-PULLMAN 2 rataste s\u00f5ltumatule vedrustusele v\u00e4ga suurt s\u00f5idumugavust teile ja teie hobustele. See haagis on loodud kahe hobuse transportimiseks klassikalises sirges asendis. Haagise aerod\u00fcnaamiline kuju, seinte ja p\u00f5randa alumiiniumviimistlus ning sadularuum on selle vastupidava haagise vaid m\u00f5ned p\u00f5hijooned.<\/p>\n","protected":false},"featured_media":5736,"comment_status":"closed","ping_status":"closed","template":"","meta":[],"product_brand":[246],"product_cat":[221,255],"product_tag":[311,312,310],"class_list":{"0":"post-5589","1":"product","2":"type-product","3":"status-publish","4":"has-post-thumbnail","6":"product_brand-cheval-liberte","7":"product_cat-haagised","8":"product_cat-hobuveohaagised","9":"product_tag-cheval-hobuhaagis","10":"product_tag-cheval-liberte","11":"product_tag-hobuhaagis","13":"first","14":"outofstock","15":"sale","16":"taxable","17":"shipping-taxable","18":"purchasable","19":"product-type-simple"},"jetpack_sharing_enabled":true,"_links":{"self":[{"href":"https:\/\/haagisemaailm.ee\/et\/wp-json\/wp\/v2\/product\/5589","targetHints":{"allow":["GET"]}}],"collection":[{"href":"https:\/\/haagisemaailm.ee\/et\/wp-json\/wp\/v2\/product"}],"about":[{"href":"https:\/\/haagisemaailm.ee\/et\/wp-json\/wp\/v2\/types\/product"}],"replies":[{"embeddable":true,"href":"https:\/\/haagisemaailm.ee\/et\/wp-json\/wp\/v2\/comments?post=5589"}],"wp:featuredmedia":[{"embeddable":true,"href":"https:\/\/haagisemaailm.ee\/et\/wp-json\/wp\/v2\/media\/5736"}],"wp:attachment":[{"href":"https:\/\/haagisemaailm.ee\/et\/wp-json\/wp\/v2\/media?parent=5589"}],"wp:term":[{"taxonomy":"product_brand","embeddable":true,"href":"https:\/\/haagisemaailm.ee\/et\/wp-json\/wp\/v2\/product_brand?post=5589"},{"taxonomy":"product_cat","embeddable":true,"href":"https:\/\/haagisemaailm.ee\/et\/wp-json\/wp\/v2\/product_cat?post=5589"},{"taxonomy":"product_tag","embeddable":true,"href":"https:\/\/haagisemaailm.ee\/et\/wp-json\/wp\/v2\/product_tag?post=5589"}],"curies":[{"name":"wp","href":"https:\/\/api.w.org\/{rel}","templated":true}]}}