{"id":5591,"date":"2025-08-12T19:37:32","date_gmt":"2025-08-12T16:37:32","guid":{"rendered":"https:\/\/haagisemaailm.ee\/?post_type=product&#038;p=5591"},"modified":"2026-04-02T14:55:34","modified_gmt":"2026-04-02T11:55:34","slug":"eduard-3-kulge-kallur-4x2m-3500kg-3-silda-alu-rambid","status":"publish","type":"product","link":"https:\/\/haagisemaailm.ee\/et\/toode\/eduard-3-kulge-kallur-4x2m-3500kg-3-silda-alu-rambid\/","title":{"rendered":"Eduard 3 k\u00fclge kallur 4x2m 3500kg 3 silda alu rambid"},"content":{"rendered":"<p data-start=\"79\" data-end=\"524\">M\u00fc\u00fca kvaliteettootja EDUARD 3 k\u00fclge kallurhaagis m\u00f5\u00f5tudega 4,06\u00d72,00m. P\u00f5randa k\u00f5rgus maapinnast 66cm. Ported ja postid k\u00f5ik eemaldatavad.<br \/>\nHaagise p\u00f5rand valmistatud 15mm paksusest ilmastikukindlast vineerist mis omakorda kaetud metall lehega. Akut ja elektroh\u00fcdralika ajam kenasti ilmastikukindlalt kaetud. Juhtmega pult haagise k\u00fcljes tiisli sees kenasti kinnitatud. Haagis lisaks elektrilisele kallutusele varustatud ka manuaalse pumpaga juhuks kui aku t\u00fchjaks saab. Haagise p\u00f5randa tasapinnas m\u00f5lemas servas 8 koormarihma\/keti aasa.<\/p>\n<p data-start=\"79\" data-end=\"524\">Lisavarustus:<br \/>\nJuurde saab osta: saadaval v\u00f5rguk\u00f5rgendused, LED tagumised tuled, tagumised tuled v\u00f5imalik varustada metallist tulede kaitsega, tasapinnaline tent.Pardaaku kiireks ja mugavaks laadimiseks spetsiaalne laadija.<br \/>\nV\u00f5rguk\u00f5rgendused 70cm mis v\u00f5imaldab vedada 8m3.<\/p>\n","protected":false},"excerpt":{"rendered":"<p>4,06&#215;2,00m Eduard kallurit, 2,5m pikkused alumiiniumist rambid, tagumised laadimistoed, elektriline kallutus ja manuaalne kallutus, 30cm ported mis on k\u00f5ik eemaldatavad<\/p>\n","protected":false},"featured_media":5638,"comment_status":"closed","ping_status":"closed","template":"","meta":[],"product_brand":[246],"product_cat":[221,218],"product_tag":[311,312,310],"class_list":{"0":"post-5591","1":"product","2":"type-product","3":"status-publish","4":"has-post-thumbnail","6":"product_brand-cheval-liberte","7":"product_cat-haagised","8":"product_cat-kallurhaagised","9":"product_tag-cheval-hobuhaagis","10":"product_tag-cheval-liberte","11":"product_tag-hobuhaagis","13":"first","14":"outofstock","15":"sale","16":"taxable","17":"shipping-taxable","18":"purchasable","19":"product-type-simple"},"jetpack_sharing_enabled":true,"_links":{"self":[{"href":"https:\/\/haagisemaailm.ee\/et\/wp-json\/wp\/v2\/product\/5591","targetHints":{"allow":["GET"]}}],"collection":[{"href":"https:\/\/haagisemaailm.ee\/et\/wp-json\/wp\/v2\/product"}],"about":[{"href":"https:\/\/haagisemaailm.ee\/et\/wp-json\/wp\/v2\/types\/product"}],"replies":[{"embeddable":true,"href":"https:\/\/haagisemaailm.ee\/et\/wp-json\/wp\/v2\/comments?post=5591"}],"wp:featuredmedia":[{"embeddable":true,"href":"https:\/\/haagisemaailm.ee\/et\/wp-json\/wp\/v2\/media\/5638"}],"wp:attachment":[{"href":"https:\/\/haagisemaailm.ee\/et\/wp-json\/wp\/v2\/media?parent=5591"}],"wp:term":[{"taxonomy":"product_brand","embeddable":true,"href":"https:\/\/haagisemaailm.ee\/et\/wp-json\/wp\/v2\/product_brand?post=5591"},{"taxonomy":"product_cat","embeddable":true,"href":"https:\/\/haagisemaailm.ee\/et\/wp-json\/wp\/v2\/product_cat?post=5591"},{"taxonomy":"product_tag","embeddable":true,"href":"https:\/\/haagisemaailm.ee\/et\/wp-json\/wp\/v2\/product_tag?post=5591"}],"curies":[{"name":"wp","href":"https:\/\/api.w.org\/{rel}","templated":true}]}}