{"id":5651,"date":"2025-08-23T17:10:48","date_gmt":"2025-08-23T14:10:48","guid":{"rendered":"https:\/\/haagisemaailm.ee\/?post_type=product&#038;p=5651"},"modified":"2026-04-02T14:54:52","modified_gmt":"2026-04-02T11:54:52","slug":"vlemmix-liikurmasinate-haagis-4x18m-2700-1940kg","status":"publish","type":"product","link":"https:\/\/haagisemaailm.ee\/et\/toode\/vlemmix-liikurmasinate-haagis-4x18m-2700-1940kg\/","title":{"rendered":"Vlemmix Liikurmasinate haagis 4,0&#215;1,8m 2700\/1940kg"},"content":{"rendered":"<p>L\u00dcHI\u00dcLEVAADE<\/p>\n<ul>\n<li>\u00a0Spetsiaalne haagis, mis on m\u00f5eldud peamiselt miniekskavaatorite ja muude ratasmasinate transportimiseks.<\/li>\n<li>\u00a0\u00c4\u00e4rmiselt tugev \u0161assiikonstruktsioon tagab t\u00f6\u00f6kindluse ja madalad eluea jooksul tekkivad k\u00e4ituskulud.<\/li>\n<li>\u00a0Lisavarustusse kuuluvad kopakamber, 8. rampide helkur m\u00e4rgistused ja poomilukk.<\/li>\n<li>\u00a0Laadimisv\u00f5imaluste hulka kuuluvad reguleeritavad kaldteed ja lisavarustusena HD t\u00e4ies laiuses tagaluuk.<\/li>\n<\/ul>\n","protected":false},"excerpt":{"rendered":"<p>M\u00fc\u00fca uus Vlemmix Trailersi rasketehnika haagis t\u00e4ismassiga 2700kg ja sisem\u00f5\u00f5tudes 4,0&#215;1,8m mis on oma klassi \u00fcks tugevamaid haagiseid. V\u00e4lised m\u00f5\u00f5tmed 5,82x 2,40&#215;1,67m saate h\u00f5lpsalt p\u00f6\u00f6rata ja man\u00f6\u00f6verdada igal v\u00f5imalikul maastikul. V\u00e4hemalt 1940kg kandev\u00f5imega rasketehnika haagis on ideaalne miniekskavaatorite, t\u00f5stukite v\u00f5i k\u00e4\u00e4rt\u00f5stukite transportimiseks.<\/p>\n","protected":false},"featured_media":5921,"comment_status":"closed","ping_status":"closed","template":"","meta":[],"product_brand":[254],"product_cat":[221,217],"product_tag":[303,302,301,304],"class_list":{"0":"post-5651","1":"product","2":"type-product","3":"status-publish","4":"has-post-thumbnail","6":"product_brand-vlemmix","7":"product_cat-haagised","8":"product_cat-masinahaagised","9":"product_tag-ekskavaatorihaagis","10":"product_tag-kopa-haagis","11":"product_tag-kopahaagis","12":"product_tag-rasketehnika-haagis","14":"first","15":"instock","16":"sale","17":"taxable","18":"shipping-taxable","19":"purchasable","20":"product-type-simple"},"jetpack_sharing_enabled":true,"_links":{"self":[{"href":"https:\/\/haagisemaailm.ee\/et\/wp-json\/wp\/v2\/product\/5651","targetHints":{"allow":["GET"]}}],"collection":[{"href":"https:\/\/haagisemaailm.ee\/et\/wp-json\/wp\/v2\/product"}],"about":[{"href":"https:\/\/haagisemaailm.ee\/et\/wp-json\/wp\/v2\/types\/product"}],"replies":[{"embeddable":true,"href":"https:\/\/haagisemaailm.ee\/et\/wp-json\/wp\/v2\/comments?post=5651"}],"wp:featuredmedia":[{"embeddable":true,"href":"https:\/\/haagisemaailm.ee\/et\/wp-json\/wp\/v2\/media\/5921"}],"wp:attachment":[{"href":"https:\/\/haagisemaailm.ee\/et\/wp-json\/wp\/v2\/media?parent=5651"}],"wp:term":[{"taxonomy":"product_brand","embeddable":true,"href":"https:\/\/haagisemaailm.ee\/et\/wp-json\/wp\/v2\/product_brand?post=5651"},{"taxonomy":"product_cat","embeddable":true,"href":"https:\/\/haagisemaailm.ee\/et\/wp-json\/wp\/v2\/product_cat?post=5651"},{"taxonomy":"product_tag","embeddable":true,"href":"https:\/\/haagisemaailm.ee\/et\/wp-json\/wp\/v2\/product_tag?post=5651"}],"curies":[{"name":"wp","href":"https:\/\/api.w.org\/{rel}","templated":true}]}}