{"id":5699,"date":"2025-08-26T12:00:38","date_gmt":"2025-08-26T09:00:38","guid":{"rendered":"https:\/\/haagisemaailm.ee\/?post_type=product&#038;p=5699"},"modified":"2026-04-09T17:38:31","modified_gmt":"2026-04-09T14:38:31","slug":"ta-no-autotransporter-500x210m-gravity-low-2700kg","status":"publish","type":"product","link":"https:\/\/haagisemaailm.ee\/et\/toode\/ta-no-autotransporter-500x210m-gravity-low-2700kg\/","title":{"rendered":"TA-NO Autotransporter 5,00&#215;2,10m GRAVITY LOW 2700kg"},"content":{"rendered":"<p>TA-NO Gravity autotransporter on m\u00f5eldud eelk\u00f5ige autode transportimiseks. Nii nagu nimi Gravity \u00fctleb on tegemist kaldalusega t\u00e4ielikult keevisraamil haagisega. Laadimisasendisse aitab platvormi viia amortisaatorid ja autoga peale s\u00f5ites langeb platvorm transpordi asendisse. Soovi korral on v\u00f5imalik lisada igal hetkel h\u00fcdrauliline kallutus ja see siis manuaalse pumba n\u00e4ol. Veermik, sillad ja veopeas\u00fcteem kvaliteetselt tootjalt AL-KO. Haagise kogu juhtmesari otsast l\u00f5puni v\u00e4liste vigastuste eest kaitstud. Haagise kaldalus\/platvormi osa lukustatud tiisli k\u00fclge turu tugevaimate kinnitustega.<br \/>\nP\u00f5randa materjal: haagise platvorm valmistatud alumiiniumist perforeeritud LOHR ja mille keskosa on kaetud 15mm paksuse vineeriga, mille all ca 50cm sammuga \u00fclitugevad metalltalad haagise eest kuni taha otsa v\u00e4lja. Haagise perfop\u00f5rand v\u00f5imaldab kasutada t\u00e4nap\u00e4eva profi rehvirihmasid ja t\u00f5kiskingasid, mida m\u00fc\u00fcme eraldi.<br \/>\nHaagise hind sisaldab:<br \/>\nH\u00fcdraulilise kaldfunktsiooniga haagist m\u00f5\u00f5tudega 5,00\u00d72,10m, KNOTT k\u00e4sivints, varuratas, haagise keskosa 15mm vineer, Tugev automaatne \u00fcleskeriv tiisli tugijalg, LED tuled ring 12-24V, tagatulede kaitsekorpus, LOHR perfop\u00f5rand, punast v\u00e4rvi kerepaneelid.<br \/>\nLisavarustus:<br \/>\nValuveljed must v\u00f5i h\u00f5be, t\u00f5kiskingad, rehvirihmad 4 punkti kinnitusega, kere ja tulede v\u00e4rv vastavalt soovile RAL valikust, 3000kg sillad, stabilisatoriga veopea, amortisaatorid,<\/p>\n<p>Haagisega tootja poolt kaasa 2 aastat alusraami garantiid.<\/p>\n<p>Tule ja tutvu T\u00fcri tn 5, Tallinn<\/p>\n","protected":false},"excerpt":{"rendered":"<p>M\u00fc\u00fca uus autotransporter haagis Poola kvaliteettootjalt TA-NO pealisehituse m\u00f5\u00f5tudega 5,00&#215;2,10m ja t\u00e4ismassiga 2700kg. P\u00f5randa k\u00f5rgus maapinnast k\u00f5igest 60cm.<br \/>\nTA-NO Gravity autotransporter on m\u00f5eldud eelk\u00f5ige autode transportimiseks. Nii nagu nimi Gravity \u00fctleb on tegemist kaldalusega t\u00e4ielikult keevisraamil haagisega. Laadimisasendisse aitab platvormi viia amortisaatorid ja autoga peale s\u00f5ites langeb platvorm transpordi asendisse.<\/p>\n","protected":false},"featured_media":5951,"comment_status":"closed","ping_status":"closed","template":"","meta":[],"product_brand":[248],"product_cat":[215,221,217],"product_tag":[387,389,521,388,523,522,524],"class_list":{"0":"post-5699","1":"product","2":"type-product","3":"status-publish","4":"has-post-thumbnail","6":"product_brand-ta-no","7":"product_cat-autoveohaagised","8":"product_cat-haagised","9":"product_cat-masinahaagised","10":"product_tag-ta-no","11":"product_tag-ta-no-autotransporter","12":"product_tag-ta-no-eesti","13":"product_tag-ta-no-gravity-low","14":"product_tag-ta-no-haagise-muuja-eestis-haagise-maailm","15":"product_tag-ta-no-haagised","16":"product_tag-ta-no-haagisemaailm","18":"first","19":"outofstock","20":"taxable","21":"shipping-taxable","22":"purchasable","23":"product-type-simple"},"jetpack_sharing_enabled":true,"_links":{"self":[{"href":"https:\/\/haagisemaailm.ee\/et\/wp-json\/wp\/v2\/product\/5699","targetHints":{"allow":["GET"]}}],"collection":[{"href":"https:\/\/haagisemaailm.ee\/et\/wp-json\/wp\/v2\/product"}],"about":[{"href":"https:\/\/haagisemaailm.ee\/et\/wp-json\/wp\/v2\/types\/product"}],"replies":[{"embeddable":true,"href":"https:\/\/haagisemaailm.ee\/et\/wp-json\/wp\/v2\/comments?post=5699"}],"wp:featuredmedia":[{"embeddable":true,"href":"https:\/\/haagisemaailm.ee\/et\/wp-json\/wp\/v2\/media\/5951"}],"wp:attachment":[{"href":"https:\/\/haagisemaailm.ee\/et\/wp-json\/wp\/v2\/media?parent=5699"}],"wp:term":[{"taxonomy":"product_brand","embeddable":true,"href":"https:\/\/haagisemaailm.ee\/et\/wp-json\/wp\/v2\/product_brand?post=5699"},{"taxonomy":"product_cat","embeddable":true,"href":"https:\/\/haagisemaailm.ee\/et\/wp-json\/wp\/v2\/product_cat?post=5699"},{"taxonomy":"product_tag","embeddable":true,"href":"https:\/\/haagisemaailm.ee\/et\/wp-json\/wp\/v2\/product_tag?post=5699"}],"curies":[{"name":"wp","href":"https:\/\/api.w.org\/{rel}","templated":true}]}}