{"id":5703,"date":"2025-08-26T12:51:56","date_gmt":"2025-08-26T09:51:56","guid":{"rendered":"https:\/\/haagisemaailm.ee\/?post_type=product&#038;p=5703"},"modified":"2026-04-02T14:53:18","modified_gmt":"2026-04-02T11:53:18","slug":"ta-no-autotransport-3-silda-500x210m-3500-2826kg","status":"publish","type":"product","link":"https:\/\/haagisemaailm.ee\/et\/toode\/ta-no-autotransport-3-silda-500x210m-3500-2826kg\/","title":{"rendered":"TA-NO Autotransport 3 silda 5,00&#215;2,10m 3500\/2826kg"},"content":{"rendered":"<p>TA-NO autotransporter on m\u00f5eldud eelk\u00f5ige autode transportimiseks. tegemist t\u00e4ielikult keevisraamil haagisega ja on v\u00e4ga hea kaalujaotusega. Kogu haagis, detailid ja funktsionaalsus on otsast l\u00f5puni v\u00e4ga h\u00e4sti l\u00e4bi m\u00f5eldud. TA-NO veermik, sillad ja veopeas\u00fcteem kvaliteetselt Saksa tootjalt AL-KO. Haagise kogu juhtmesari otsast l\u00f5puni v\u00e4liste vigastuste eest kaitstud.<br \/>\nP\u00f5randa materjal: haagise platvorm k\u00e4iguosa valmistatud alumiiniumist perforeeritud LOHR ja mille keskosa on kaetud ilmastikukindla 15mm vineeriga. Vineer paksusega 15mm mille all ca 50cm sammuga \u00fclitugevad metalltalad haagise eest kuni taha otsa v\u00e4lja. Haagise perfop\u00f5rand v\u00f5imaldab kasutada t\u00e4nap\u00e4eva profi rehvirihmasid ja t\u00f5kiskingasid, mida m\u00fc\u00fcme eraldi.<br \/>\nHaagise hind sisaldab:<br \/>\nHaagist m\u00f5\u00f5tudega 5,00\u00d72,10m, kokku ja lahku seadistatavad 2,0m terasest rambid, haagise keskosa vineeritud 15mm, LED tuled ring 12-24V, tagatulede kaitsekorpus.<br \/>\nLisavarustus:<br \/>\nvaluveljed must v\u00f5i h\u00f5be, tagumised kiirelt seadistatavad laadimistoed, t\u00f5kiskingad, rehvirihmad 4 punkti kinnitusega, haagise keskosa kaetud alumiinium rihvel plaadiga 2mm, kere ja tulede v\u00e4rv vastavalt soovile RAL valikust, stabilisatoriga veopea, amortisaatorid, rehviraam, manuaalne v\u00f5i elektriline vints, varuratas, talverehvid.<\/p>\n<p>Tule ja tutvu T\u00fcri tn 5, Tallinn<\/p>\n<p>Haagisega tootja poolt kaasa 2 aastat alusraami garantiid.<br \/>\nTallinna m\u00fc\u00fcgiplatsil saadaval koheselt m\u00f5\u00f5tudes 5,00m, 5,50m ja 6,00m<\/p>\n","protected":false},"excerpt":{"rendered":"<p>M\u00fc\u00fca uus autotransporter haagis Poola k\u00f5ige kvaliteetsemalt tootjalt TA-NO pealisehituse m\u00f5\u00f5tudega 5,00&#215;2,10m ja t\u00e4ismassiga 3500kg. P\u00f5randa k\u00f5rgus maapinnast k\u00f5igest 57cm.<br \/>\nTA-NO autotransporter on m\u00f5eldud eelk\u00f5ige autode transportimiseks. tegemist t\u00e4ielikult keevisraamil haagisega ja on v\u00e4ga hea kaalujaotusega. Kogu haagis, detailid ja funktsionaalsus on otsast l\u00f5puni v\u00e4ga h\u00e4sti l\u00e4bi m\u00f5eldud. TA-NO veermik, sillad ja veopeas\u00fcteem kvaliteetselt Saksa tootjalt AL-KO.<\/p>\n","protected":false},"featured_media":5705,"comment_status":"closed","ping_status":"closed","template":"","meta":[],"product_brand":[248],"product_cat":[215,221,217],"product_tag":[387,389,390],"class_list":{"0":"post-5703","1":"product","2":"type-product","3":"status-publish","4":"has-post-thumbnail","6":"product_brand-ta-no","7":"product_cat-autoveohaagised","8":"product_cat-haagised","9":"product_cat-masinahaagised","10":"product_tag-ta-no","11":"product_tag-ta-no-autotransporter","12":"product_tag-ta-no-scorpio","14":"first","15":"outofstock","16":"sale","17":"taxable","18":"shipping-taxable","19":"purchasable","20":"product-type-simple"},"jetpack_sharing_enabled":true,"_links":{"self":[{"href":"https:\/\/haagisemaailm.ee\/et\/wp-json\/wp\/v2\/product\/5703","targetHints":{"allow":["GET"]}}],"collection":[{"href":"https:\/\/haagisemaailm.ee\/et\/wp-json\/wp\/v2\/product"}],"about":[{"href":"https:\/\/haagisemaailm.ee\/et\/wp-json\/wp\/v2\/types\/product"}],"replies":[{"embeddable":true,"href":"https:\/\/haagisemaailm.ee\/et\/wp-json\/wp\/v2\/comments?post=5703"}],"wp:featuredmedia":[{"embeddable":true,"href":"https:\/\/haagisemaailm.ee\/et\/wp-json\/wp\/v2\/media\/5705"}],"wp:attachment":[{"href":"https:\/\/haagisemaailm.ee\/et\/wp-json\/wp\/v2\/media?parent=5703"}],"wp:term":[{"taxonomy":"product_brand","embeddable":true,"href":"https:\/\/haagisemaailm.ee\/et\/wp-json\/wp\/v2\/product_brand?post=5703"},{"taxonomy":"product_cat","embeddable":true,"href":"https:\/\/haagisemaailm.ee\/et\/wp-json\/wp\/v2\/product_cat?post=5703"},{"taxonomy":"product_tag","embeddable":true,"href":"https:\/\/haagisemaailm.ee\/et\/wp-json\/wp\/v2\/product_tag?post=5703"}],"curies":[{"name":"wp","href":"https:\/\/api.w.org\/{rel}","templated":true}]}}