{"id":5753,"date":"2025-08-30T18:08:44","date_gmt":"2025-08-30T15:08:44","guid":{"rendered":"https:\/\/haagisemaailm.ee\/?post_type=product&#038;p=5753"},"modified":"2026-04-02T14:52:51","modified_gmt":"2026-04-02T11:52:51","slug":"ta-no-multitransporter-450x210m-gravity-2700kg","status":"publish","type":"product","link":"https:\/\/haagisemaailm.ee\/et\/toode\/ta-no-multitransporter-450x210m-gravity-2700kg\/","title":{"rendered":"TA-NO Multitransporter 4,50&#215;2,10m GRAVITY 2700kg"},"content":{"rendered":"<p>TA-NO Gravity autotransporter on m\u00f5eldud eelk\u00f5ige autode ja kauba transportimiseks. Nii nagu nimi Gravity \u00fctleb on tegemist kaldalusega t\u00e4ielikult keevisraamil haagisega. Laadimisasendisse aitab platvormi viia amortisaatorid ja autoga peale s\u00f5ites langeb platvorm transpordi asendisse. Soovi korral on v\u00f5imalik lisada igal hetkel h\u00fcdrauliline kallutus ja see siis manuaalse pumba n\u00e4ol. Veermik, sillad ja veopeas\u00fcteem kvaliteetselt tootjalt AL-KO. Haagise kogu juhtmesari otsast l\u00f5puni v\u00e4liste vigastuste eest kaitstud. Haagise kaldalus\/platvormi osa lukustatud tiisli k\u00fclge turu tugevaimate kinnitustega.<br \/>\nP\u00f5randa materjal: haagise platvormi osa kaetud 15mm vineeriga, mille all ca 50cm sammuga \u00fclitugevad metalltalad haagise eest kuni taha otsa v\u00e4lja. P\u00f5randa servades ja k\u00fcljel hulgaliselt rihmakinnitus v\u00f5imalusi.<br \/>\nHaagise hind sisaldab:<br \/>\nHaagist m\u00f5\u00f5tudega 4,50\u00d72,10m, LED tuled ring 12-24V, tagatulede kaitsekorpus, haagise keskosa vineer, KNOTT k\u00e4sivints, varuratas.<br \/>\nLisavarustus:<br \/>\nH\u00fcdrauliline kaldfunktsioon, valuveljed must v\u00f5i h\u00f5be, t\u00f5kiskingad, rehvirihmad 4 punkti kinnitusega, haagise keskosa kaetud alumiinium rihvel plaadiga 2mm, kere ja tulede v\u00e4rv vastavalt soovile RAL valikust, stabilisatoriga veopea, amortisaatorid, talverehvid (naast\/lamell), lukustatav veopea.<\/p>\n<p>Haagisega tootja poolt kaasa 2 aastat alusraami garantiid.<br \/>\nTallinna m\u00fc\u00fcgiplatsil koheselt saadaval.<br \/>\nTule ja tutvu T\u00fcri tn 5, Tallinn<\/p>\n","protected":false},"excerpt":{"rendered":"<p>M\u00fc\u00fca uus transporter haagis Poola kvaliteettootjalt TA-NO pealisehituse m\u00f5\u00f5tudega 4,50&#215;2,10m ja t\u00e4ismassiga 2700kg. P\u00f5randa k\u00f5rgus maapinnast k\u00f5igest 60cm.<br \/>\nTA-NO Gravity autotransporter on m\u00f5eldud eelk\u00f5ige autode ja kauba transportimiseks. Nii nagu nimi Gravity \u00fctleb on tegemist kaldalusega t\u00e4ielikult keevisraamil haagisega. Laadimisasendisse aitab platvormi viia amortisaatorid ja autoga peale s\u00f5ites langeb platvorm transpordi asendisse. Soovi korral on v\u00f5imalik lisada igal hetkel h\u00fcdrauliline kallutus ja see siis manuaalse pumba n\u00e4ol.<\/p>\n","protected":false},"featured_media":5953,"comment_status":"closed","ping_status":"closed","template":"","meta":[],"product_brand":[248],"product_cat":[215,221,217],"product_tag":[387,389,403,404],"class_list":{"0":"post-5753","1":"product","2":"type-product","3":"status-publish","4":"has-post-thumbnail","6":"product_brand-ta-no","7":"product_cat-autoveohaagised","8":"product_cat-haagised","9":"product_cat-masinahaagised","10":"product_tag-ta-no","11":"product_tag-ta-no-autotransporter","12":"product_tag-ta-no-gravity","13":"product_tag-ta-no-multitransporter","15":"first","16":"instock","17":"sale","18":"taxable","19":"shipping-taxable","20":"purchasable","21":"product-type-simple"},"jetpack_sharing_enabled":true,"_links":{"self":[{"href":"https:\/\/haagisemaailm.ee\/et\/wp-json\/wp\/v2\/product\/5753","targetHints":{"allow":["GET"]}}],"collection":[{"href":"https:\/\/haagisemaailm.ee\/et\/wp-json\/wp\/v2\/product"}],"about":[{"href":"https:\/\/haagisemaailm.ee\/et\/wp-json\/wp\/v2\/types\/product"}],"replies":[{"embeddable":true,"href":"https:\/\/haagisemaailm.ee\/et\/wp-json\/wp\/v2\/comments?post=5753"}],"wp:featuredmedia":[{"embeddable":true,"href":"https:\/\/haagisemaailm.ee\/et\/wp-json\/wp\/v2\/media\/5953"}],"wp:attachment":[{"href":"https:\/\/haagisemaailm.ee\/et\/wp-json\/wp\/v2\/media?parent=5753"}],"wp:term":[{"taxonomy":"product_brand","embeddable":true,"href":"https:\/\/haagisemaailm.ee\/et\/wp-json\/wp\/v2\/product_brand?post=5753"},{"taxonomy":"product_cat","embeddable":true,"href":"https:\/\/haagisemaailm.ee\/et\/wp-json\/wp\/v2\/product_cat?post=5753"},{"taxonomy":"product_tag","embeddable":true,"href":"https:\/\/haagisemaailm.ee\/et\/wp-json\/wp\/v2\/product_tag?post=5753"}],"curies":[{"name":"wp","href":"https:\/\/api.w.org\/{rel}","templated":true}]}}