{"id":5965,"date":"2025-11-12T18:07:40","date_gmt":"2025-11-12T16:07:40","guid":{"rendered":"https:\/\/haagisemaailm.ee\/?post_type=product&#038;p=5965"},"modified":"2026-04-02T14:49:13","modified_gmt":"2026-04-02T11:49:13","slug":"al-ko-originaal-piduriklotside-laiendaja","status":"publish","type":"product","link":"https:\/\/haagisemaailm.ee\/et\/toode\/al-ko-originaal-piduriklotside-laiendaja\/","title":{"rendered":"AL-KO originaal piduriklotside laiendaja"},"content":{"rendered":"<p><strong data-start=\"37\" data-end=\"126\">AL\u2011KO piduriklotside laiendaja (expander) \u2013 sobib 200\u202fmm ja 230\u202fmm piduritrummelitele<\/strong><br data-start=\"126\" data-end=\"129\" \/>Korpus on vastupidav ja t\u00e4pselt konstrueeritud komponent, mis v\u00f5imaldab piduriketastel eel\u2011reguleerida ning tagada klotside korrektne kontakt piduritrummiga. Sobib trummlitele 200\u00d750mm v\u00f5i 230\u202f\u00d7\u202f60\u202fmm m\u00f5\u00f5dus s\u00fcsteemidele\u202f\u2014 t\u00e4pselt valmistatud AL\u2011KO 2050\/2051\/2360\/2361 jms komplektidele. <br data-start=\"449\" data-end=\"452\" \/>Kuldselt viimistletud metalli\u2011 v\u00f5i tsingitud pinnaga, et tagada korrosioonikindlus ja pikk kasutusiga.<br data-start=\"554\" data-end=\"557\" \/>Paigaldamisel kinnitub pidurikaabel selle lahendaja silmusele, mille kaudu see l\u00fckates aktiveerib piduriklotside laienemise.<\/p>\n","protected":false},"excerpt":{"rendered":"<p><strong data-start=\"37\" data-end=\"126\">AL\u2011KO piduriklotside laiendaja (expander) \u2013 sobib 200\u202fmm ja 230\u202fmm piduritrummelitele<\/strong><br data-start=\"126\" data-end=\"129\" \/>Kort, vastupidav ja t\u00e4pselt konstrueeritud komponent, mis v\u00f5imaldab piduriketastel eel\u2011reguleerida ning tagada klotside korrektne kontakt piduritrummiga. Sobib trummlitele 200\u00d750mm v\u00f5i 230\u202f\u00d7\u202f60\u202fmm m\u00f5\u00f5dus s\u00fcsteemidele\u202f\u2014 t\u00e4pselt valmistatud AL\u2011KO 2050\/2051\/2360\/2361 jms komplektidele.<\/p>\n","protected":false},"featured_media":5967,"comment_status":"closed","ping_status":"closed","template":"","meta":[],"product_brand":[249],"product_cat":[209,230],"product_tag":[292,459,458,457,460,456],"class_list":{"0":"post-5965","1":"product","2":"type-product","3":"status-publish","4":"has-post-thumbnail","6":"product_brand-al-ko","7":"product_cat-pidurid","8":"product_cat-varuosad","9":"product_tag-al-ko","10":"product_tag-al-ko-piduriklotside-laiendaja","11":"product_tag-al-ko-pidurite-reguleerimine","12":"product_tag-al-ko-reguleerimiskomplekt","13":"product_tag-klotside-laiendaja","14":"product_tag-pidurite-reguleerimissilinder","16":"first","17":"onbackorder","18":"taxable","19":"shipping-taxable","20":"purchasable","21":"product-type-simple"},"jetpack_sharing_enabled":true,"_links":{"self":[{"href":"https:\/\/haagisemaailm.ee\/et\/wp-json\/wp\/v2\/product\/5965","targetHints":{"allow":["GET"]}}],"collection":[{"href":"https:\/\/haagisemaailm.ee\/et\/wp-json\/wp\/v2\/product"}],"about":[{"href":"https:\/\/haagisemaailm.ee\/et\/wp-json\/wp\/v2\/types\/product"}],"replies":[{"embeddable":true,"href":"https:\/\/haagisemaailm.ee\/et\/wp-json\/wp\/v2\/comments?post=5965"}],"wp:featuredmedia":[{"embeddable":true,"href":"https:\/\/haagisemaailm.ee\/et\/wp-json\/wp\/v2\/media\/5967"}],"wp:attachment":[{"href":"https:\/\/haagisemaailm.ee\/et\/wp-json\/wp\/v2\/media?parent=5965"}],"wp:term":[{"taxonomy":"product_brand","embeddable":true,"href":"https:\/\/haagisemaailm.ee\/et\/wp-json\/wp\/v2\/product_brand?post=5965"},{"taxonomy":"product_cat","embeddable":true,"href":"https:\/\/haagisemaailm.ee\/et\/wp-json\/wp\/v2\/product_cat?post=5965"},{"taxonomy":"product_tag","embeddable":true,"href":"https:\/\/haagisemaailm.ee\/et\/wp-json\/wp\/v2\/product_tag?post=5965"}],"curies":[{"name":"wp","href":"https:\/\/api.w.org\/{rel}","templated":true}]}}