{"id":5968,"date":"2025-11-12T18:39:21","date_gmt":"2025-11-12T16:39:21","guid":{"rendered":"https:\/\/haagisemaailm.ee\/?post_type=product&#038;p=5968"},"modified":"2026-04-02T14:49:07","modified_gmt":"2026-04-02T11:49:07","slug":"kerghaagise-valuvelg-silver-5jx13-poldivalemiga-4x100mm","status":"publish","type":"product","link":"https:\/\/haagisemaailm.ee\/et\/toode\/kerghaagise-valuvelg-silver-5jx13-poldivalemiga-4x100mm\/","title":{"rendered":"Kerghaagise valuvelg SILVER 5Jx13&#8243; poldivalemiga 4x100mm"},"content":{"rendered":"<p data-start=\"58\" data-end=\"311\">Kvaliteetne 5Jx13 tolline haagise valuvelg, valmistatud vastupidavast alumiiniumisulamist, mis tagab kerge kaalu ja hea korrosioonikindluse. H\u00f5bedane pulberv\u00e4rvitud pind annab veljele elegantse v\u00e4limuse ning kaitseb seda ilmastiku ja teekemikaalide eest.<\/p>\n<p data-start=\"58\" data-end=\"311\">Velje kandev\u00f5ime 500kg ja kiiruspiirang 140km\/h.<\/p>\n<p data-start=\"313\" data-end=\"541\">Sobib enamikule standardsetele haagistele, millel on 13\u2033 rattad ja vastav poldivalem (nt 4\u00d7100 ). T\u00e4nu t\u00e4psele tasakaalustusele ja tugevusele tagab velg stabiilse s\u00f5idu, v\u00e4iksema vibratsiooni ning pikema rehvi eluiga.<\/p>\n<p data-start=\"543\" data-end=\"639\" data-is-last-node=\"\" data-is-only-node=\"\">Ideaalne valik nii t\u00f6\u00f6- kui ka vabaajahaagistele, kus on t\u00e4htis nii v\u00e4limus kui ka vastupidavus.<\/p>\n","protected":false},"excerpt":{"rendered":"<p>Kvaliteetne 13-tolline haagise valuvelg, valmistatud vastupidavast alumiiniumisulamist, mis tagab kerge kaalu ja hea korrosioonikindluse. H\u00f5bedane pulberv\u00e4rvitud pind annab veljele elegantse v\u00e4limuse ning kaitseb seda ilmastiku ja teekemikaalide eest.<\/p>\n","protected":false},"featured_media":5969,"comment_status":"closed","ping_status":"closed","template":"","meta":[],"product_brand":[249],"product_cat":[204,230,244],"product_tag":[461,463,464,462],"class_list":{"0":"post-5968","1":"product","2":"type-product","3":"status-publish","4":"has-post-thumbnail","6":"product_brand-al-ko","7":"product_cat-rehvid-veljed","8":"product_cat-varuosad","9":"product_cat-veljed","10":"product_tag-haagise-velg","11":"product_tag-kerghaagise-valuvelg-13-tolli","12":"product_tag-kerghaagise-valuvelg-13","13":"product_tag-kerghaagise-velg","15":"first","16":"instock","17":"sale","18":"taxable","19":"shipping-taxable","20":"purchasable","21":"product-type-simple"},"jetpack_sharing_enabled":true,"_links":{"self":[{"href":"https:\/\/haagisemaailm.ee\/et\/wp-json\/wp\/v2\/product\/5968","targetHints":{"allow":["GET"]}}],"collection":[{"href":"https:\/\/haagisemaailm.ee\/et\/wp-json\/wp\/v2\/product"}],"about":[{"href":"https:\/\/haagisemaailm.ee\/et\/wp-json\/wp\/v2\/types\/product"}],"replies":[{"embeddable":true,"href":"https:\/\/haagisemaailm.ee\/et\/wp-json\/wp\/v2\/comments?post=5968"}],"wp:featuredmedia":[{"embeddable":true,"href":"https:\/\/haagisemaailm.ee\/et\/wp-json\/wp\/v2\/media\/5969"}],"wp:attachment":[{"href":"https:\/\/haagisemaailm.ee\/et\/wp-json\/wp\/v2\/media?parent=5968"}],"wp:term":[{"taxonomy":"product_brand","embeddable":true,"href":"https:\/\/haagisemaailm.ee\/et\/wp-json\/wp\/v2\/product_brand?post=5968"},{"taxonomy":"product_cat","embeddable":true,"href":"https:\/\/haagisemaailm.ee\/et\/wp-json\/wp\/v2\/product_cat?post=5968"},{"taxonomy":"product_tag","embeddable":true,"href":"https:\/\/haagisemaailm.ee\/et\/wp-json\/wp\/v2\/product_tag?post=5968"}],"curies":[{"name":"wp","href":"https:\/\/api.w.org\/{rel}","templated":true}]}}