{"id":5980,"date":"2025-11-14T13:03:58","date_gmt":"2025-11-14T11:03:58","guid":{"rendered":"https:\/\/haagisemaailm.ee\/?post_type=product&#038;p=5980"},"modified":"2026-04-02T14:48:46","modified_gmt":"2026-04-02T11:48:46","slug":"aspock-dc-kiirliitmik-tulede-kiireks-uhendamiseks","status":"publish","type":"product","link":"https:\/\/haagisemaailm.ee\/et\/toode\/aspock-dc-kiirliitmik-tulede-kiireks-uhendamiseks\/","title":{"rendered":"ASP\u00d6CK DC kiirliitmik tulede kiireks \u00fchendamiseks"},"content":{"rendered":"<p data-start=\"500\" data-end=\"522\">Paigaldus on lihtne:<\/p>\n<ol data-start=\"523\" data-end=\"908\">\n<li data-start=\"523\" data-end=\"625\">\n<p data-start=\"526\" data-end=\"625\">Aseta esimene kahejuhtmeline DC-kaabel musta alusosa peale.<\/p>\n<\/li>\n<li data-start=\"626\" data-end=\"694\">\n<p data-start=\"629\" data-end=\"694\">Vajuta sinine kork peale.<\/p>\n<\/li>\n<li data-start=\"695\" data-end=\"864\">\n<p data-start=\"698\" data-end=\"864\">Suru tangidega kokku: Asp\u00f6ckil ja meil t\u00f6\u00f6kojas on selle jaoks m\u00f5eldud DC-t\u00f6\u00f6riist\/tangid millega tuleb suruda kahe erineva kl\u00f5psustasemega (esimene ja teine kl\u00f5ps).<\/p>\n<\/li>\n<li data-start=\"865\" data-end=\"908\">\n<p data-start=\"868\" data-end=\"908\">Korda sama teise kaabliga teiselt poolt.<\/p>\n<\/li>\n<\/ol>\n<p data-start=\"910\" data-end=\"1119\">Selle disain v\u00f5imaldab kiiret ja kindlat \u00fchendust, mida paljud kasutavad n\u00e4iteks k\u00fclg- v\u00f5i laiusm\u00e4rgutulede, tagatulede v\u00f5i muude \u00fchefunktsiooniliste lampide \u00fchendamiseks.<\/p>\n","protected":false},"excerpt":{"rendered":"<p>Asp\u00f6ck DC-liitmik on usaldusv\u00e4\u00e4rne ja veekindel \u00fchenduskomponent, mis on m\u00f5eldud haagiste valgustuss\u00fcsteemile. Liitmik v\u00f5imaldab \u00fchendada Asp\u00f6cki 2-core (tasase) 12 V DC-kaabli \u00ads\u00fcsteemi kiiresti ja mugavalt ilma jootmiseta. \u00dchenduse tihendamiseks kasutatakse silikoon\u00adsuhet, mis tagab kaitseklassiks <strong data-start=\"393\" data-end=\"402\">IP69K<\/strong>, mis t\u00e4hendab k\u00f5rget vastupidavust vee ja mustuse suhtes.<\/p>\n","protected":false},"featured_media":5981,"comment_status":"closed","ping_status":"closed","template":"","meta":[],"product_brand":[419],"product_cat":[241,202],"product_tag":[420,478,476,477,479,480],"class_list":{"0":"post-5980","1":"product","2":"type-product","3":"status-publish","4":"has-post-thumbnail","6":"product_brand-aspock","7":"product_cat-juhtmed","8":"product_cat-tuled-ja-elekter","9":"product_tag-aspock","10":"product_tag-aspock-dc-kiirliitmik","11":"product_tag-aspock-kiirliitmik","12":"product_tag-aspock-kiirliitmik-dc","13":"product_tag-aspock-tulede-uhendamine","14":"product_tag-lamekaabli-uhendamine","16":"first","17":"instock","18":"sale","19":"taxable","20":"shipping-taxable","21":"purchasable","22":"product-type-simple"},"jetpack_sharing_enabled":true,"_links":{"self":[{"href":"https:\/\/haagisemaailm.ee\/et\/wp-json\/wp\/v2\/product\/5980","targetHints":{"allow":["GET"]}}],"collection":[{"href":"https:\/\/haagisemaailm.ee\/et\/wp-json\/wp\/v2\/product"}],"about":[{"href":"https:\/\/haagisemaailm.ee\/et\/wp-json\/wp\/v2\/types\/product"}],"replies":[{"embeddable":true,"href":"https:\/\/haagisemaailm.ee\/et\/wp-json\/wp\/v2\/comments?post=5980"}],"wp:featuredmedia":[{"embeddable":true,"href":"https:\/\/haagisemaailm.ee\/et\/wp-json\/wp\/v2\/media\/5981"}],"wp:attachment":[{"href":"https:\/\/haagisemaailm.ee\/et\/wp-json\/wp\/v2\/media?parent=5980"}],"wp:term":[{"taxonomy":"product_brand","embeddable":true,"href":"https:\/\/haagisemaailm.ee\/et\/wp-json\/wp\/v2\/product_brand?post=5980"},{"taxonomy":"product_cat","embeddable":true,"href":"https:\/\/haagisemaailm.ee\/et\/wp-json\/wp\/v2\/product_cat?post=5980"},{"taxonomy":"product_tag","embeddable":true,"href":"https:\/\/haagisemaailm.ee\/et\/wp-json\/wp\/v2\/product_tag?post=5980"}],"curies":[{"name":"wp","href":"https:\/\/api.w.org\/{rel}","templated":true}]}}