{"id":6099,"date":"2026-03-02T20:15:08","date_gmt":"2026-03-02T18:15:08","guid":{"rendered":"https:\/\/haagisemaailm.ee\/?post_type=product&#038;p=6099"},"modified":"2026-03-02T20:31:34","modified_gmt":"2026-03-02T18:31:34","slug":"hapert-platvormhaagis-405x180m-black-edition","status":"publish","type":"product","link":"https:\/\/haagisemaailm.ee\/et\/toode\/hapert-platvormhaagis-405x180m-black-edition\/","title":{"rendered":"HAPERT platvormhaagis 4,05&#215;1,80m Black Edition"},"content":{"rendered":"<p data-start=\"79\" data-end=\"524\">HAPERT haagis sobib h\u00e4sti: masina- ja seadmete vedamiseks, ehitus- ja aiat\u00f6\u00f6deks v\u00f5i igap\u00e4evaseks kaubavedudeks. Robustne platvorm ja kvaliteetsed materjalid garanteerivad kindla ning ohutu transpordi igal s\u00f5idul.<br \/>\nHAPERT arendab Euroopa tugevaimaid ja vastupidavaimaid treilereid. Alati kasutajat silmas pidades \u2013 nii n\u00f5udlikele ettev\u00f5tjatele kui ka eraisikutele. Me ei lepi keskp\u00e4rase kvaliteediga, vaid p\u00fc\u00fcdleme t\u00e4iuslikkuse poole. Meie treilerid on loodud tegema \u00e4ra iga t\u00f6\u00f6.<br \/>\nOmale sobiliku HAPERT haagise saad kokku panna www.hapert.com kodulehel.<br \/>\nHIND sisaldab:<br \/>\nHaagist 4,05\u00d71,80m sisem\u00f5\u00f5tudega, valuveljed Black Edition, ported 30cm Black Edition, 1800kg sild, tagumiste tulede metallist kaitsed, tagaluugi trossid pikema materjali vedamiseks<\/p>\n<p>Haagis uus ja asub T\u00fcri tn 5 Tallinn.<\/p>\n","protected":false},"excerpt":{"rendered":"<p>M\u00fc\u00fca uus Hapert Trailers BLACK Edition platvormhaagis sisem\u00f5\u00f5tudega 4,05&#215;1,80m 1800kg sillaga \u2013 tugev, vastupidav ja mitmek\u00fclgne platvormtreiler igap\u00e4evaseks kasutamiseks!<br \/>\nHAPERT on robustne ja kvaliteetne platvormtreiler on ideaalne masinate, ehitusmaterjalide ja kaupade transportimiseks nii ettev\u00f5tetele kui erakasutajale. HAPERTi treilerid on tuntud tugeva konstruktsiooni, T\u00dcV-sertifitseeritud kinnituspunktide, t\u00f6\u00f6kindluse ja pika eluea poolest. Lisaks saadaval 10-aastane garantiiga \u0161assii.<\/p>\n","protected":false},"featured_media":6100,"comment_status":"open","ping_status":"closed","template":"","meta":[],"product_brand":[437],"product_cat":[221,219],"product_tag":[438,520,516,515,514,518,519,517],"class_list":{"0":"post-6099","1":"product","2":"type-product","3":"status-publish","4":"has-post-thumbnail","6":"product_brand-hapert","7":"product_cat-haagised","8":"product_cat-platvormhaagised","9":"product_tag-hapert","10":"product_tag-hapert-eesti","11":"product_tag-hapert-haagised","12":"product_tag-hapert-platvorm-haagis","13":"product_tag-hapert-platvormhaagis","14":"product_tag-kvaliteetne-platvormhaagis","15":"product_tag-parim-platvormhaagis","16":"product_tag-platvormhaagis","18":"first","19":"instock","20":"taxable","21":"shipping-taxable","22":"purchasable","23":"product-type-simple"},"jetpack_sharing_enabled":true,"_links":{"self":[{"href":"https:\/\/haagisemaailm.ee\/et\/wp-json\/wp\/v2\/product\/6099","targetHints":{"allow":["GET"]}}],"collection":[{"href":"https:\/\/haagisemaailm.ee\/et\/wp-json\/wp\/v2\/product"}],"about":[{"href":"https:\/\/haagisemaailm.ee\/et\/wp-json\/wp\/v2\/types\/product"}],"replies":[{"embeddable":true,"href":"https:\/\/haagisemaailm.ee\/et\/wp-json\/wp\/v2\/comments?post=6099"}],"wp:featuredmedia":[{"embeddable":true,"href":"https:\/\/haagisemaailm.ee\/et\/wp-json\/wp\/v2\/media\/6100"}],"wp:attachment":[{"href":"https:\/\/haagisemaailm.ee\/et\/wp-json\/wp\/v2\/media?parent=6099"}],"wp:term":[{"taxonomy":"product_brand","embeddable":true,"href":"https:\/\/haagisemaailm.ee\/et\/wp-json\/wp\/v2\/product_brand?post=6099"},{"taxonomy":"product_cat","embeddable":true,"href":"https:\/\/haagisemaailm.ee\/et\/wp-json\/wp\/v2\/product_cat?post=6099"},{"taxonomy":"product_tag","embeddable":true,"href":"https:\/\/haagisemaailm.ee\/et\/wp-json\/wp\/v2\/product_tag?post=6099"}],"curies":[{"name":"wp","href":"https:\/\/api.w.org\/{rel}","templated":true}]}}