{"id":6138,"date":"2026-03-16T16:50:28","date_gmt":"2026-03-16T14:50:28","guid":{"rendered":"https:\/\/haagisemaailm.ee\/?post_type=product&#038;p=6138"},"modified":"2026-04-01T17:54:28","modified_gmt":"2026-04-01T14:54:28","slug":"cheval-liberte-tagaluugi-amort","status":"publish","type":"product","link":"https:\/\/haagisemaailm.ee\/et\/toode\/cheval-liberte-tagaluugi-amort\/","title":{"rendered":"Cheval Liberte tagaluugi amort"},"content":{"rendered":"<p>Cheval Liberte tagaluugi amort<\/p>\n<p data-start=\"0\" data-end=\"63\"><strong data-start=\"0\" data-end=\"63\">(gaasivedru) F=2000N, L=550 mm, M8\/M8 poltidega<\/strong><\/p>\n<p data-start=\"65\" data-end=\"292\"><strong data-start=\"65\" data-end=\"84\">Paigaldusjuhis:<\/strong><br data-start=\"84\" data-end=\"87\" \/>Silindri otsakinnitusi ei tohi paigaldamisel j\u00e4igalt fikseerida \u2013 korrektseks t\u00f6\u00f6ks peab j\u00e4\u00e4ma v\u00e4ike liikumisvabadus. Silindri otstele kinnitatavad \u00fchendused tuleb paigaldamisel keerata t\u00e4ielikult vardale.<\/p>\n<p data-start=\"294\" data-end=\"517\"><strong data-start=\"294\" data-end=\"308\">\u00dchilduvus:<\/strong><br data-start=\"308\" data-end=\"311\" \/>\u2013 Vans Touring One, Country, Jumping, XL, Gold One, Origins, 2, 3, Multimax, Maxi 2\/3\/4 hobuhaagised, toodetud p\u00e4rast 31.10.2022<br data-start=\"435\" data-end=\"438\" \/>\u2013 C700, C800, C900, C1000 ja C2000 furgoonhaagistele, toodetud p\u00e4rast 31.10.2022<\/p>\n<p data-start=\"519\" data-end=\"638\" data-is-last-node=\"\" data-is-only-node=\"\"><strong data-start=\"519\" data-end=\"532\">Omadused:<\/strong><br data-start=\"532\" data-end=\"535\" \/>\u2013 avade vahekaugus: 550 mm<br data-start=\"563\" data-end=\"566\" \/>\u2013 J\u00f5ud: 1700 N<br data-start=\"580\" data-end=\"583\" \/>\u2013 Varda l\u00e4bim\u00f5\u00f5t: \u00d8 14 mm<br data-start=\"608\" data-end=\"611\" \/>\u2013 Korpuse l\u00e4bim\u00f5\u00f5t: \u00d8 27 mm<\/p>\n","protected":false},"excerpt":{"rendered":"<p><strong data-start=\"294\" data-end=\"308\">\u00dchilduvus:<\/strong><br data-start=\"308\" data-end=\"311\" \/>\u2013 Vans Touring One, Country, Jumping, XL, Gold One, Origins, 2, 3, Multimax, Maxi 2\/3\/4 hobuhaagised, toodetud p\u00e4rast 31.10.2022<br data-start=\"435\" data-end=\"438\" \/>\u2013 C700, C800, C900, C1000 ja C2000 furgoonhaagistele, toodetud p\u00e4rast 31.10.2022<\/p>\n","protected":false},"featured_media":6139,"comment_status":"closed","ping_status":"closed","template":"","meta":[],"product_brand":[246],"product_cat":[206],"product_tag":[534,533,527,532,535],"class_list":{"0":"post-6138","1":"product","2":"type-product","3":"status-publish","4":"has-post-thumbnail","6":"product_brand-cheval-liberte","7":"product_cat-lisatarvikud","8":"product_tag-cheval-liberte-amort","9":"product_tag-cheval-liberte-amort-tagaluugile","10":"product_tag-cheval-liberte-lisavarustus","11":"product_tag-cheval-liberte-tagaluugi-amort","12":"product_tag-cheval-liberte-varuosad","14":"first","15":"instock","16":"sale","17":"taxable","18":"shipping-taxable","19":"purchasable","20":"product-type-simple"},"jetpack_sharing_enabled":true,"_links":{"self":[{"href":"https:\/\/haagisemaailm.ee\/et\/wp-json\/wp\/v2\/product\/6138","targetHints":{"allow":["GET"]}}],"collection":[{"href":"https:\/\/haagisemaailm.ee\/et\/wp-json\/wp\/v2\/product"}],"about":[{"href":"https:\/\/haagisemaailm.ee\/et\/wp-json\/wp\/v2\/types\/product"}],"replies":[{"embeddable":true,"href":"https:\/\/haagisemaailm.ee\/et\/wp-json\/wp\/v2\/comments?post=6138"}],"wp:featuredmedia":[{"embeddable":true,"href":"https:\/\/haagisemaailm.ee\/et\/wp-json\/wp\/v2\/media\/6139"}],"wp:attachment":[{"href":"https:\/\/haagisemaailm.ee\/et\/wp-json\/wp\/v2\/media?parent=6138"}],"wp:term":[{"taxonomy":"product_brand","embeddable":true,"href":"https:\/\/haagisemaailm.ee\/et\/wp-json\/wp\/v2\/product_brand?post=6138"},{"taxonomy":"product_cat","embeddable":true,"href":"https:\/\/haagisemaailm.ee\/et\/wp-json\/wp\/v2\/product_cat?post=6138"},{"taxonomy":"product_tag","embeddable":true,"href":"https:\/\/haagisemaailm.ee\/et\/wp-json\/wp\/v2\/product_tag?post=6138"}],"curies":[{"name":"wp","href":"https:\/\/api.w.org\/{rel}","templated":true}]}}