{"id":6165,"date":"2026-03-23T15:50:47","date_gmt":"2026-03-23T13:50:47","guid":{"rendered":"https:\/\/haagisemaailm.ee\/?post_type=product&#038;p=6165"},"modified":"2026-04-01T17:54:17","modified_gmt":"2026-04-01T14:54:17","slug":"esitule-klaas-eduard-haagistele","status":"publish","type":"product","link":"https:\/\/haagisemaailm.ee\/et\/toode\/esitule-klaas-eduard-haagistele\/","title":{"rendered":"Esitule klaas Eduard haagistele"},"content":{"rendered":"","protected":false},"excerpt":{"rendered":"<p>Asp\u00f6ck esitule klaas helkuriga vanemat t\u00fc\u00fcpi EDUARD haagistele.<\/p>\n","protected":false},"featured_media":6166,"comment_status":"closed","ping_status":"closed","template":"","meta":[],"product_brand":[419],"product_cat":[547,242,202],"product_tag":[420,552,551,479,550,549,548],"class_list":{"0":"post-6165","1":"product","2":"type-product","3":"status-publish","4":"has-post-thumbnail","6":"product_brand-aspock","7":"product_cat-esituled","8":"product_cat-tuled","9":"product_cat-tuled-ja-elekter","10":"product_tag-aspock","11":"product_tag-aspock-esitule-klaas","12":"product_tag-aspock-esituli","13":"product_tag-aspock-tulede-uhendamine","14":"product_tag-eduard-esitule-klaas","15":"product_tag-eduard-esituli","16":"product_tag-esitule-klaas","18":"first","19":"outofstock","20":"sale","21":"taxable","22":"shipping-taxable","23":"purchasable","24":"product-type-simple"},"jetpack_sharing_enabled":true,"_links":{"self":[{"href":"https:\/\/haagisemaailm.ee\/et\/wp-json\/wp\/v2\/product\/6165","targetHints":{"allow":["GET"]}}],"collection":[{"href":"https:\/\/haagisemaailm.ee\/et\/wp-json\/wp\/v2\/product"}],"about":[{"href":"https:\/\/haagisemaailm.ee\/et\/wp-json\/wp\/v2\/types\/product"}],"replies":[{"embeddable":true,"href":"https:\/\/haagisemaailm.ee\/et\/wp-json\/wp\/v2\/comments?post=6165"}],"wp:featuredmedia":[{"embeddable":true,"href":"https:\/\/haagisemaailm.ee\/et\/wp-json\/wp\/v2\/media\/6166"}],"wp:attachment":[{"href":"https:\/\/haagisemaailm.ee\/et\/wp-json\/wp\/v2\/media?parent=6165"}],"wp:term":[{"taxonomy":"product_brand","embeddable":true,"href":"https:\/\/haagisemaailm.ee\/et\/wp-json\/wp\/v2\/product_brand?post=6165"},{"taxonomy":"product_cat","embeddable":true,"href":"https:\/\/haagisemaailm.ee\/et\/wp-json\/wp\/v2\/product_cat?post=6165"},{"taxonomy":"product_tag","embeddable":true,"href":"https:\/\/haagisemaailm.ee\/et\/wp-json\/wp\/v2\/product_tag?post=6165"}],"curies":[{"name":"wp","href":"https:\/\/api.w.org\/{rel}","templated":true}]}}