{"id":6167,"date":"2026-03-23T16:02:33","date_gmt":"2026-03-23T14:02:33","guid":{"rendered":"https:\/\/haagisemaailm.ee\/?post_type=product&#038;p=6167"},"modified":"2026-04-01T17:54:07","modified_gmt":"2026-04-01T14:54:07","slug":"esituli-eduard-haagistele","status":"publish","type":"product","link":"https:\/\/haagisemaailm.ee\/et\/toode\/esituli-eduard-haagistele\/","title":{"rendered":"Esituli Eduard haagistele"},"content":{"rendered":"<p data-start=\"169\" data-end=\"187\"><strong data-start=\"169\" data-end=\"187\">L\u00fchikirjeldus:<\/strong><\/p>\n<ul data-start=\"188\" data-end=\"453\">\n<li data-section-id=\"7m5tm9\" data-start=\"188\" data-end=\"241\">H\u00f5\u00f5gniidi-tehnoloogiaga esituli integreeritud helkuriga<\/li>\n<li data-section-id=\"12xtjra\" data-start=\"242\" data-end=\"298\">Sobib 12 V (m\u00f5nel variandil ka 12\/24 V) s\u00fcsteemidele<\/li>\n<li data-section-id=\"ztb4hn\" data-start=\"299\" data-end=\"352\">Kaasas ~0,5 m DC \u00fchenduskaabel lihtsaks paigalduseks<\/li>\n<li data-section-id=\"1mqdbcj\" data-start=\"353\" data-end=\"403\">Kompaktne ja vastupidav korpus, E-m\u00e4rgistusega<\/li>\n<li data-section-id=\"1ney8pm\" data-start=\"404\" data-end=\"453\">M\u00f5\u00f5tmed u 62 \u00d7 62 \u00d7 46 mm, kinnitub kruvidega<\/li>\n<\/ul>\n<p data-start=\"455\" data-end=\"632\">Tegemist on universaalse ja t\u00f6\u00f6kindla v\u00e4ikese gabariiditulega, mida kasutatakse peamiselt haagiste esiosas n\u00e4htavuse ja ohutuse tagamiseks.<\/p>\n","protected":false},"excerpt":{"rendered":"<p>Asp\u00f6ck esituli helkuriga vanemat t\u00fc\u00fcpi EDUARD haagistele (koos pirniga).<\/p>\n<p><span class=\"hover:entity-accent entity-underline inline cursor-pointer align-baseline\"><span class=\"whitespace-normal\">Asp\u00f6ck<\/span><\/span> Squarepoint esituli 0,5 m kaabliga on kompaktne esituli, mis on m\u00f5eldud haagistele, j\u00e4relk\u00e4rudele ja s\u00f5idukitele.<\/p>\n","protected":false},"featured_media":6168,"comment_status":"closed","ping_status":"closed","template":"","meta":[],"product_brand":[419],"product_cat":[547,242,202],"product_tag":[420,552,551,479,550,549,548],"class_list":{"0":"post-6167","1":"product","2":"type-product","3":"status-publish","4":"has-post-thumbnail","6":"product_brand-aspock","7":"product_cat-esituled","8":"product_cat-tuled","9":"product_cat-tuled-ja-elekter","10":"product_tag-aspock","11":"product_tag-aspock-esitule-klaas","12":"product_tag-aspock-esituli","13":"product_tag-aspock-tulede-uhendamine","14":"product_tag-eduard-esitule-klaas","15":"product_tag-eduard-esituli","16":"product_tag-esitule-klaas","18":"first","19":"instock","20":"sale","21":"taxable","22":"shipping-taxable","23":"purchasable","24":"product-type-simple"},"jetpack_sharing_enabled":true,"_links":{"self":[{"href":"https:\/\/haagisemaailm.ee\/et\/wp-json\/wp\/v2\/product\/6167","targetHints":{"allow":["GET"]}}],"collection":[{"href":"https:\/\/haagisemaailm.ee\/et\/wp-json\/wp\/v2\/product"}],"about":[{"href":"https:\/\/haagisemaailm.ee\/et\/wp-json\/wp\/v2\/types\/product"}],"replies":[{"embeddable":true,"href":"https:\/\/haagisemaailm.ee\/et\/wp-json\/wp\/v2\/comments?post=6167"}],"wp:featuredmedia":[{"embeddable":true,"href":"https:\/\/haagisemaailm.ee\/et\/wp-json\/wp\/v2\/media\/6168"}],"wp:attachment":[{"href":"https:\/\/haagisemaailm.ee\/et\/wp-json\/wp\/v2\/media?parent=6167"}],"wp:term":[{"taxonomy":"product_brand","embeddable":true,"href":"https:\/\/haagisemaailm.ee\/et\/wp-json\/wp\/v2\/product_brand?post=6167"},{"taxonomy":"product_cat","embeddable":true,"href":"https:\/\/haagisemaailm.ee\/et\/wp-json\/wp\/v2\/product_cat?post=6167"},{"taxonomy":"product_tag","embeddable":true,"href":"https:\/\/haagisemaailm.ee\/et\/wp-json\/wp\/v2\/product_tag?post=6167"}],"curies":[{"name":"wp","href":"https:\/\/api.w.org\/{rel}","templated":true}]}}